{"id":14223,"date":"2025-10-24T09:09:25","date_gmt":"2025-10-24T07:09:25","guid":{"rendered":"https:\/\/perfettohome.sk\/?post_type=product&#038;p=14223"},"modified":"2026-01-08T14:50:31","modified_gmt":"2026-01-08T13:50:31","slug":"salonky-bananove-v-kakaovej-poleve-300g-14ks-karton","status":"publish","type":"product","link":"https:\/\/perfettohome.sk\/hu\/produkt\/salonky-bananove-v-kakaovej-poleve-300g-14ks-karton\/","title":{"rendered":"SAL\u00d3NKY BAN\u00c1NOV\u00c9 v kakaovej poleve 300g (14ks kart\u00f3n)"},"content":{"rendered":"<p>Lahodn\u00e1 klasika, ktor\u00e1 nikdy nesklame! Ban\u00e1nov\u00e9 sal\u00f3nky v kakaovej poleve sp\u00e1jaj\u00fa jemn\u00fa ban\u00e1nov\u00fa n\u00e1pl\u0148 s bohatou chu\u0165ou kakaovej \u010dokol\u00e1dy. Ide\u00e1lne na sviato\u010dn\u00e9 chv\u00edle, do dar\u010dekov\u00fdch bal\u00ed\u010dkov alebo len tak na ma\u0161krtenie po\u010das d\u0148a. Ich jemn\u00e1 konzistencia a sladk\u00e1 v\u00f4\u0148a pote\u0161ia mal\u00fdch aj ve\u013ek\u00fdch milovn\u00edkov \u010dokol\u00e1dov\u00fdch dobr\u00f4t.<\/p>\n<p>Hmotnos\u0165: 300 g<br \/>\nDruh: ban\u00e1nov\u00e9 sal\u00f3nky v kakaovej poleve<br \/>\nVlastnosti: jemn\u00e1 n\u00e1pl\u0148, sladk\u00e1 chu\u0165 ban\u00e1nu, \u010dokol\u00e1dov\u00e1 poleva<br \/>\nVhodn\u00e9 pre: sviato\u010dn\u00e9 obdobie, dar\u010dekov\u00e9 balenia, ka\u017edodenn\u00e9 ma\u0161krtenie<\/p>\n","protected":false},"excerpt":{"rendered":"<p>Lahodn\u00e1 klasika, ktor\u00e1 nikdy nesklame! Ban\u00e1nov\u00e9 sal\u00f3nky v kakaovej poleve sp\u00e1jaj\u00fa jemn\u00fa ban\u00e1nov\u00fa n\u00e1pl\u0148 s bohatou chu\u0165ou kakaovej \u010dokol\u00e1dy. Ide\u00e1lne na sviato\u010dn\u00e9 chv\u00edle, do dar\u010dekov\u00fdch bal\u00ed\u010dkov alebo len tak na ma\u0161krtenie po\u010das d\u0148a. Ich jemn\u00e1 konzistencia a sladk\u00e1 v\u00f4\u0148a pote\u0161ia mal\u00fdch aj ve\u013ek\u00fdch milovn\u00edkov \u010dokol\u00e1dov\u00fdch dobr\u00f4t. Hmotnos\u0165: 300 g Druh: ban\u00e1nov\u00e9 sal\u00f3nky v kakaovej poleve [&hellip;]<\/p>\n","protected":false},"featured_media":14732,"template":"","meta":[],"product_brand":[],"product_cat":[287],"product_tag":[],"class_list":{"0":"post-14223","1":"product","2":"type-product","3":"status-publish","4":"has-post-thumbnail","6":"product_cat-cukrovinky","8":"first","9":"outofstock","10":"taxable","11":"shipping-taxable","12":"purchasable","13":"product-type-simple"},"_links":{"self":[{"href":"https:\/\/perfettohome.sk\/hu\/wp-json\/wp\/v2\/product\/14223","targetHints":{"allow":["GET"]}}],"collection":[{"href":"https:\/\/perfettohome.sk\/hu\/wp-json\/wp\/v2\/product"}],"about":[{"href":"https:\/\/perfettohome.sk\/hu\/wp-json\/wp\/v2\/types\/product"}],"wp:featuredmedia":[{"embeddable":true,"href":"https:\/\/perfettohome.sk\/hu\/wp-json\/wp\/v2\/media\/14732"}],"wp:attachment":[{"href":"https:\/\/perfettohome.sk\/hu\/wp-json\/wp\/v2\/media?parent=14223"}],"wp:term":[{"taxonomy":"product_brand","embeddable":true,"href":"https:\/\/perfettohome.sk\/hu\/wp-json\/wp\/v2\/product_brand?post=14223"},{"taxonomy":"product_cat","embeddable":true,"href":"https:\/\/perfettohome.sk\/hu\/wp-json\/wp\/v2\/product_cat?post=14223"},{"taxonomy":"product_tag","embeddable":true,"href":"https:\/\/perfettohome.sk\/hu\/wp-json\/wp\/v2\/product_tag?post=14223"}],"curies":[{"name":"wp","href":"https:\/\/api.w.org\/{rel}","templated":true}]}}