{"id":14256,"date":"2025-10-24T13:39:05","date_gmt":"2025-10-24T11:39:05","guid":{"rendered":"https:\/\/perfettohome.sk\/?post_type=product&#038;p=14256"},"modified":"2026-01-02T10:27:34","modified_gmt":"2026-01-02T09:27:34","slug":"str8-darcekovy-balicek-ahead-sprchovy-gel-250ml-deo-150ml","status":"publish","type":"product","link":"https:\/\/perfettohome.sk\/hu\/produkt\/str8-darcekovy-balicek-ahead-sprchovy-gel-250ml-deo-150ml\/","title":{"rendered":"STR8 dar\u010dekov\u00fd bal\u00ed\u010dek Ahead sprchov\u00fd g\u00e9l 250ml + deo 150ml"},"content":{"rendered":"<p>P\u00e1nsky dar\u010dekov\u00fd set pre ka\u017edodenn\u00fa starostlivos\u0165 a osvie\u017eenie. Kombin\u00e1cia sprchov\u00e9ho g\u00e9lu a deodorantu s modernou, energickou v\u00f4\u0148ou Ahead je ide\u00e1lna pre akt\u00edvnych mu\u017eov, ktor\u00ed chc\u00fa c\u00edti\u0165 svie\u017eo a sebavedomo po cel\u00fd de\u0148.<\/p>\n<p>Obsah balenia:<\/p>\n<p>Sprchov\u00fd g\u00e9l Ahead 250\u202fml \u2013 \u010dist\u00ed telo a zanech\u00e1va poko\u017eku svie\u017eu<\/p>\n<p>Deodorant Ahead 150\u202fml \u2013 spo\u013eahliv\u00e1 ochrana proti poteniu s dlhotrvaj\u00facou v\u00f4\u0148ou<\/p>\n<p>Vlastnosti:<\/p>\n<p>Dar\u010dekov\u00fd bal\u00ed\u010dek pre mu\u017eov<\/p>\n<p>Modern\u00e1 a energick\u00e1 v\u00f4\u0148a<\/p>\n<p>Praktick\u00e9 balenie vhodn\u00e9 na doma alebo ako dar\u010dek<\/p>\n<p>Ide\u00e1lne na ka\u017edodenn\u00e9 pou\u017eitie<\/p>\n","protected":false},"excerpt":{"rendered":"<p>P\u00e1nsky dar\u010dekov\u00fd set pre ka\u017edodenn\u00fa starostlivos\u0165 a osvie\u017eenie. Kombin\u00e1cia sprchov\u00e9ho g\u00e9lu a deodorantu s modernou, energickou v\u00f4\u0148ou Ahead je ide\u00e1lna pre akt\u00edvnych mu\u017eov, ktor\u00ed chc\u00fa c\u00edti\u0165 svie\u017eo a sebavedomo po cel\u00fd de\u0148. Obsah balenia: Sprchov\u00fd g\u00e9l Ahead 250\u202fml \u2013 \u010dist\u00ed telo a zanech\u00e1va poko\u017eku svie\u017eu Deodorant Ahead 150\u202fml \u2013 spo\u013eahliv\u00e1 ochrana proti poteniu s dlhotrvaj\u00facou [&hellip;]<\/p>\n","protected":false},"featured_media":14566,"template":"","meta":[],"product_brand":[],"product_cat":[21,198],"product_tag":[],"class_list":{"0":"post-14256","1":"product","2":"type-product","3":"status-publish","4":"has-post-thumbnail","6":"product_cat-osobna-hygiena","7":"product_cat-sprchovacie-gely","9":"first","10":"outofstock","11":"taxable","12":"shipping-taxable","13":"purchasable","14":"product-type-simple"},"_links":{"self":[{"href":"https:\/\/perfettohome.sk\/hu\/wp-json\/wp\/v2\/product\/14256","targetHints":{"allow":["GET"]}}],"collection":[{"href":"https:\/\/perfettohome.sk\/hu\/wp-json\/wp\/v2\/product"}],"about":[{"href":"https:\/\/perfettohome.sk\/hu\/wp-json\/wp\/v2\/types\/product"}],"wp:featuredmedia":[{"embeddable":true,"href":"https:\/\/perfettohome.sk\/hu\/wp-json\/wp\/v2\/media\/14566"}],"wp:attachment":[{"href":"https:\/\/perfettohome.sk\/hu\/wp-json\/wp\/v2\/media?parent=14256"}],"wp:term":[{"taxonomy":"product_brand","embeddable":true,"href":"https:\/\/perfettohome.sk\/hu\/wp-json\/wp\/v2\/product_brand?post=14256"},{"taxonomy":"product_cat","embeddable":true,"href":"https:\/\/perfettohome.sk\/hu\/wp-json\/wp\/v2\/product_cat?post=14256"},{"taxonomy":"product_tag","embeddable":true,"href":"https:\/\/perfettohome.sk\/hu\/wp-json\/wp\/v2\/product_tag?post=14256"}],"curies":[{"name":"wp","href":"https:\/\/api.w.org\/{rel}","templated":true}]}}