{"id":15092,"date":"2025-11-24T10:38:46","date_gmt":"2025-11-24T09:38:46","guid":{"rendered":"https:\/\/perfettohome.sk\/?post_type=product&#038;p=15092"},"modified":"2026-01-08T14:46:10","modified_gmt":"2026-01-08T13:46:10","slug":"salonky-orieskove-300g","status":"publish","type":"product","link":"https:\/\/perfettohome.sk\/hu\/produkt\/salonky-orieskove-300g\/","title":{"rendered":"Sal\u00f3nky Orie\u0161kov\u00e9 300g"},"content":{"rendered":"<p>Lahodn\u00e9 orie\u0161kov\u00e9 bonb\u00f3ny Sal\u00f3nky kombinuj\u00fa jemn\u00fa \u010dokol\u00e1dov\u00fa polevu s chrumkav\u00fdmi orie\u0161kami, ktor\u00e9 vytv\u00e1raj\u00fa nezamenite\u013en\u00fa chu\u0165ov\u00fa harm\u00f3niu. Ide\u00e1lne ako sladk\u00e1 odmena, mal\u00fd dar\u010dek alebo poch\u00fa\u0165ka k popolud\u0148aj\u0161ej k\u00e1ve.<\/p>\n<p>Vlastnosti:<\/p>\n<p>Hmotnos\u0165: 300\u202fg<\/p>\n<p>Kvalitn\u00e1 \u010dokol\u00e1dov\u00e1 poleva s orie\u0161kami<\/p>\n<p>Chrumkav\u00e9 vn\u00fatro, lahodn\u00e1 chu\u0165<\/p>\n<p>Vhodn\u00e9 ako ma\u0161krta, dar\u010dek alebo doplnok k oslave<\/p>\n<p>Balen\u00e9 pre zachovanie \u010derstvosti<\/p>\n","protected":false},"excerpt":{"rendered":"<p>Lahodn\u00e9 orie\u0161kov\u00e9 bonb\u00f3ny Sal\u00f3nky kombinuj\u00fa jemn\u00fa \u010dokol\u00e1dov\u00fa polevu s chrumkav\u00fdmi orie\u0161kami, ktor\u00e9 vytv\u00e1raj\u00fa nezamenite\u013en\u00fa chu\u0165ov\u00fa harm\u00f3niu. Ide\u00e1lne ako sladk\u00e1 odmena, mal\u00fd dar\u010dek alebo poch\u00fa\u0165ka k popolud\u0148aj\u0161ej k\u00e1ve. Vlastnosti: Hmotnos\u0165: 300\u202fg Kvalitn\u00e1 \u010dokol\u00e1dov\u00e1 poleva s orie\u0161kami Chrumkav\u00e9 vn\u00fatro, lahodn\u00e1 chu\u0165 Vhodn\u00e9 ako ma\u0161krta, dar\u010dek alebo doplnok k oslave Balen\u00e9 pre zachovanie \u010derstvosti<\/p>\n","protected":false},"featured_media":15102,"template":"","meta":[],"product_brand":[289],"product_cat":[287],"product_tag":[],"class_list":{"0":"post-15092","1":"product","2":"type-product","3":"status-publish","4":"has-post-thumbnail","6":"product_brand-dolcetta","7":"product_cat-cukrovinky","9":"first","10":"outofstock","11":"taxable","12":"shipping-taxable","13":"purchasable","14":"product-type-simple"},"_links":{"self":[{"href":"https:\/\/perfettohome.sk\/hu\/wp-json\/wp\/v2\/product\/15092","targetHints":{"allow":["GET"]}}],"collection":[{"href":"https:\/\/perfettohome.sk\/hu\/wp-json\/wp\/v2\/product"}],"about":[{"href":"https:\/\/perfettohome.sk\/hu\/wp-json\/wp\/v2\/types\/product"}],"wp:featuredmedia":[{"embeddable":true,"href":"https:\/\/perfettohome.sk\/hu\/wp-json\/wp\/v2\/media\/15102"}],"wp:attachment":[{"href":"https:\/\/perfettohome.sk\/hu\/wp-json\/wp\/v2\/media?parent=15092"}],"wp:term":[{"taxonomy":"product_brand","embeddable":true,"href":"https:\/\/perfettohome.sk\/hu\/wp-json\/wp\/v2\/product_brand?post=15092"},{"taxonomy":"product_cat","embeddable":true,"href":"https:\/\/perfettohome.sk\/hu\/wp-json\/wp\/v2\/product_cat?post=15092"},{"taxonomy":"product_tag","embeddable":true,"href":"https:\/\/perfettohome.sk\/hu\/wp-json\/wp\/v2\/product_tag?post=15092"}],"curies":[{"name":"wp","href":"https:\/\/api.w.org\/{rel}","templated":true}]}}