{"id":15093,"date":"2025-11-24T10:38:46","date_gmt":"2025-11-24T09:38:46","guid":{"rendered":"https:\/\/perfettohome.sk\/?post_type=product&#038;p=15093"},"modified":"2026-01-08T14:46:21","modified_gmt":"2026-01-08T13:46:21","slug":"salonky-zele-mix-300g","status":"publish","type":"product","link":"https:\/\/perfettohome.sk\/hu\/produkt\/salonky-zele-mix-300g\/","title":{"rendered":"Sal\u00f3nky \u017del\u00e9 mix 300g"},"content":{"rendered":"<p>Sladk\u00e9 \u017eel\u00e9 bonb\u00f3ny v pestrej zmesi r\u00f4znych ovocn\u00fdch pr\u00edchut\u00ed pote\u0161ia mal\u00e9 aj ve\u013ek\u00e9 ma\u0161krtn\u00e9 jaz\u00fd\u010dky. Ka\u017ed\u00fd k\u00faso\u010dek je jemne elastick\u00fd, chutn\u00fd a dokonale sladk\u00fd, ide\u00e1lny na ka\u017edodenn\u00e9 ma\u0161krtenie, oslavy alebo ako doplnok k sviato\u010dn\u00fdm bal\u00ed\u010dkom.<\/p>\n<p>Vlastnosti:<\/p>\n<p>Hmotnos\u0165: 300\u202fg<\/p>\n<p>Mix ovocn\u00fdch pr\u00edchut\u00ed<\/p>\n<p>M\u00e4kk\u00e9 a \u017euvacie \u017eel\u00e9 bonb\u00f3ny<\/p>\n<p>Vhodn\u00e9 na ma\u0161krtenie, oslavy alebo dar\u010deky<\/p>\n<p>Baleno pre jednoduch\u00e9 skladovanie a \u010derstvos\u0165<\/p>\n","protected":false},"excerpt":{"rendered":"<p>Sladk\u00e9 \u017eel\u00e9 bonb\u00f3ny v pestrej zmesi r\u00f4znych ovocn\u00fdch pr\u00edchut\u00ed pote\u0161ia mal\u00e9 aj ve\u013ek\u00e9 ma\u0161krtn\u00e9 jaz\u00fd\u010dky. Ka\u017ed\u00fd k\u00faso\u010dek je jemne elastick\u00fd, chutn\u00fd a dokonale sladk\u00fd, ide\u00e1lny na ka\u017edodenn\u00e9 ma\u0161krtenie, oslavy alebo ako doplnok k sviato\u010dn\u00fdm bal\u00ed\u010dkom. Vlastnosti: Hmotnos\u0165: 300\u202fg Mix ovocn\u00fdch pr\u00edchut\u00ed M\u00e4kk\u00e9 a \u017euvacie \u017eel\u00e9 bonb\u00f3ny Vhodn\u00e9 na ma\u0161krtenie, oslavy alebo dar\u010deky Baleno pre jednoduch\u00e9 [&hellip;]<\/p>\n","protected":false},"featured_media":15103,"template":"","meta":[],"product_brand":[289],"product_cat":[287],"product_tag":[],"class_list":{"0":"post-15093","1":"product","2":"type-product","3":"status-publish","4":"has-post-thumbnail","6":"product_brand-dolcetta","7":"product_cat-cukrovinky","9":"first","10":"outofstock","11":"taxable","12":"shipping-taxable","13":"purchasable","14":"product-type-simple"},"_links":{"self":[{"href":"https:\/\/perfettohome.sk\/hu\/wp-json\/wp\/v2\/product\/15093","targetHints":{"allow":["GET"]}}],"collection":[{"href":"https:\/\/perfettohome.sk\/hu\/wp-json\/wp\/v2\/product"}],"about":[{"href":"https:\/\/perfettohome.sk\/hu\/wp-json\/wp\/v2\/types\/product"}],"wp:featuredmedia":[{"embeddable":true,"href":"https:\/\/perfettohome.sk\/hu\/wp-json\/wp\/v2\/media\/15103"}],"wp:attachment":[{"href":"https:\/\/perfettohome.sk\/hu\/wp-json\/wp\/v2\/media?parent=15093"}],"wp:term":[{"taxonomy":"product_brand","embeddable":true,"href":"https:\/\/perfettohome.sk\/hu\/wp-json\/wp\/v2\/product_brand?post=15093"},{"taxonomy":"product_cat","embeddable":true,"href":"https:\/\/perfettohome.sk\/hu\/wp-json\/wp\/v2\/product_cat?post=15093"},{"taxonomy":"product_tag","embeddable":true,"href":"https:\/\/perfettohome.sk\/hu\/wp-json\/wp\/v2\/product_tag?post=15093"}],"curies":[{"name":"wp","href":"https:\/\/api.w.org\/{rel}","templated":true}]}}