{"id":15432,"date":"2025-03-26T15:49:50","date_gmt":"2025-03-26T14:49:50","guid":{"rendered":"https:\/\/perfettohome.sk\/produkt\/pelso-pure-white-5l\/"},"modified":"2026-03-27T08:42:43","modified_gmt":"2026-03-27T07:42:43","slug":"pelso-pure-white-5l","status":"publish","type":"product","link":"https:\/\/perfettohome.sk\/hu\/produkt\/pelso-pure-white-5l\/","title":{"rendered":"Pelso Pure White 5L"},"content":{"rendered":"<p><span style=\"font-weight: 400\">\u00dcdv\u00f6z\u00f6lj\u00fck a vil\u00e1gban <\/span><b>PELSO<\/b><span style=\"font-weight: 400\">  mos\u00f3g\u00e9l, ahol az innov\u00e1ci\u00f3 \u00e9s a hat\u00e9konys\u00e1g tal\u00e1lkozik! Term\u00e9k\u00fcnk nemcsak tisztas\u00e1got \u00e9s frissess\u00e9get k\u00edn\u00e1l, hanem egy teljesen \u00faj mos\u00e1si \u00e9lm\u00e9nyt is. K\u00f6sz\u00f6nhet\u0151en    <\/span><b>Cool Clean technol\u00f3gia<\/b><span style=\"font-weight: 400\"> a term\u00e9k alacsony h\u0151m\u00e9rs\u00e9kleten is hat\u00e9konyan t\u00e1vol\u00edtja el a foltokat.<\/span><\/p>\n<p><b>Veg\u00e1n formula<\/b><span style=\"font-weight: 400\">  biztos\u00edtja, hogy a mos\u00f3g\u00e9l el\u0151\u00e1ll\u00edt\u00e1sa sor\u00e1n nem haszn\u00e1lnak \u00e1llati eredet\u0171 \u00f6sszetev\u0151ket, \u00e9s teljesen mentes az \u00e1llatk\u00eds\u00e9rletekt\u0151l. Ezenk\u00edv\u00fcl a mi   <\/span><b>foszf\u00e1tmentes formula<\/b><span style=\"font-weight: 400\">, a kompakt csomagol\u00e1s \u00e9s az adagol\u00f3 kupak k\u00f6rnyezetbar\u00e1t megold\u00e1st ny\u00fajt \u00fcgyfeleink sz\u00e1m\u00e1ra.<\/span><\/p>\n<p><b>Pure White mos\u00f3g\u00e9l a ragyog\u00f3an feh\u00e9r ruh\u00e1khoz.<\/b><\/p>\n<p><b>PELSO<\/b><span style=\"font-weight: 400\"> k\u00fcl\u00f6nleges, megk\u00fcl\u00f6nb\u00f6ztet\u0151 illatanyagokat tartalmaz, amelyek kiv\u00e1l\u00f3 min\u0151s\u00e9g\u0171ek \u00e9s tart\u00f3sak, \u00edgy ruh\u00e1i minden mos\u00e1s ut\u00e1n \u00fajra \u00e9s \u00fajra k\u00e9nyeztetik az \u00e9rz\u00e9keit.<\/span><\/p>\n<p><span style=\"font-weight: 400\">Ezen k\u00edv\u00fcl <\/span><b>A PELSO mos\u00f3g\u00e9l v\u00e9di a mos\u00f3g\u00e9pet \u00e9s megakad\u00e1lyozza a v\u00edzk\u0151 k\u00e9pz\u0151d\u00e9s\u00e9t.<\/b><span style=\"font-weight: 400\">ez\u00e1ltal garant\u00e1lva annak hossz\u00fa \u00e9lettartam\u00e1t \u00e9s hat\u00e9kony m\u0171k\u00f6d\u00e9s\u00e9t.<\/span><\/p>\n<p><a href=\"https:\/\/perfettohome.sk\/wp-content\/uploads\/2025\/03\/PELSO-Premium-Washing-gel-Pure-White_sk_v1-1.pdf\">Biztons\u00e1gi k\u00e1rtya<\/a><\/p>\n","protected":false},"excerpt":{"rendered":"<p>\u00dcdv\u00f6z\u00f6lj\u00fck a vil\u00e1gban PELSO mos\u00f3g\u00e9l, ahol az innov\u00e1ci\u00f3 \u00e9s a hat\u00e9konys\u00e1g tal\u00e1lkozik! Term\u00e9k\u00fcnk nemcsak tisztas\u00e1got \u00e9s frissess\u00e9get k\u00edn\u00e1l, hanem egy teljesen \u00faj mos\u00e1si \u00e9lm\u00e9nyt is. K\u00f6sz\u00f6nhet\u0151en Cool Clean technol\u00f3gia a term\u00e9k alacsony h\u0151m\u00e9rs\u00e9kleten is hat\u00e9konyan t\u00e1vol\u00edtja el a foltokat. Veg\u00e1n formula biztos\u00edtja, hogy a mos\u00f3g\u00e9l el\u0151\u00e1ll\u00edt\u00e1sa sor\u00e1n nem haszn\u00e1lnak \u00e1llati eredet\u0171 \u00f6sszetev\u0151ket, \u00e9s teljesen mentes [&hellip;]<\/p>\n","protected":false},"featured_media":9320,"template":"","meta":[],"product_brand":[40],"product_cat":[292],"product_tag":[],"class_list":{"0":"post-15432","1":"product","2":"type-product","3":"status-publish","4":"has-post-thumbnail","6":"product_brand-pelso","7":"product_cat-pelso-hu","9":"first","10":"instock","11":"taxable","12":"shipping-taxable","13":"purchasable","14":"product-type-simple"},"_links":{"self":[{"href":"https:\/\/perfettohome.sk\/hu\/wp-json\/wp\/v2\/product\/15432","targetHints":{"allow":["GET"]}}],"collection":[{"href":"https:\/\/perfettohome.sk\/hu\/wp-json\/wp\/v2\/product"}],"about":[{"href":"https:\/\/perfettohome.sk\/hu\/wp-json\/wp\/v2\/types\/product"}],"wp:featuredmedia":[{"embeddable":true,"href":"https:\/\/perfettohome.sk\/hu\/wp-json\/wp\/v2\/media\/9320"}],"wp:attachment":[{"href":"https:\/\/perfettohome.sk\/hu\/wp-json\/wp\/v2\/media?parent=15432"}],"wp:term":[{"taxonomy":"product_brand","embeddable":true,"href":"https:\/\/perfettohome.sk\/hu\/wp-json\/wp\/v2\/product_brand?post=15432"},{"taxonomy":"product_cat","embeddable":true,"href":"https:\/\/perfettohome.sk\/hu\/wp-json\/wp\/v2\/product_cat?post=15432"},{"taxonomy":"product_tag","embeddable":true,"href":"https:\/\/perfettohome.sk\/hu\/wp-json\/wp\/v2\/product_tag?post=15432"}],"curies":[{"name":"wp","href":"https:\/\/api.w.org\/{rel}","templated":true}]}}