{"id":15465,"date":"2025-04-09T11:43:28","date_gmt":"2025-04-09T09:43:28","guid":{"rendered":"https:\/\/perfettohome.sk\/produkt\/nivea-roll-on-szaraz-bizalom-50ml\/"},"modified":"2025-12-13T23:26:39","modified_gmt":"2025-12-13T22:26:39","slug":"nivea-roll-on-szaraz-bizalom-50ml","status":"publish","type":"product","link":"https:\/\/perfettohome.sk\/hu\/produkt\/nivea-roll-on-szaraz-bizalom-50ml\/","title":{"rendered":"Nivea roll-on -Dry confidence 50ml"},"content":{"rendered":"<p>A Nivea Dry Confidence 0% goly\u00f3s dezodor megb\u00edzhat\u00f3 v\u00e9delmet ny\u00fajt az izzad\u00e1s \u00e9s a kellemetlen szagok ellen ak\u00e1r 48 \u00f3r\u00e1n kereszt\u00fcl. Alkohol- \u00e9s sz\u00ednez\u00e9kmentes formul\u00e1ja k\u00edm\u00e9letes a b\u0151rh\u00f6z \u00e9s hosszan tart\u00f3 frissess\u00e9get biztos\u00edt. B\u0151rgy\u00f3gy\u00e1szatilag tesztelt, mindennapi haszn\u00e1latra alkalmas.  <\/p>\n<p>48 \u00f3r\u00e1s v\u00e9delem: megb\u00edzhat\u00f3 v\u00e9delem az izzad\u00e1s \u00e9s a testszag ellen.<\/p>\n<p>Alkohol- \u00e9s sz\u00ednez\u00e9kmentes: gyeng\u00e9d a b\u0151rh\u00f6z, cs\u00f6kkenti az irrit\u00e1ci\u00f3 kock\u00e1zat\u00e1t.<\/p>\n<p>Hosszan tart\u00f3 frissess\u00e9g: eg\u00e9sz napos k\u00e9nyelmet biztos\u00edt.<\/p>\n<p>B\u0151rgy\u00f3gy\u00e1szatilag tesztelt: mindennapi haszn\u00e1latra alkalmas.<\/p>\n<p>Csomagol\u00e1s: 50 ml<\/p>\n","protected":false},"excerpt":{"rendered":"<p>A Nivea Dry Confidence 0% goly\u00f3s dezodor megb\u00edzhat\u00f3 v\u00e9delmet ny\u00fajt az izzad\u00e1s \u00e9s a kellemetlen szagok ellen ak\u00e1r 48 \u00f3r\u00e1n kereszt\u00fcl. Alkohol- \u00e9s sz\u00ednez\u00e9kmentes formul\u00e1ja k\u00edm\u00e9letes a b\u0151rh\u00f6z \u00e9s hosszan tart\u00f3 frissess\u00e9get biztos\u00edt. B\u0151rgy\u00f3gy\u00e1szatilag tesztelt, mindennapi haszn\u00e1latra alkalmas. 48 \u00f3r\u00e1s v\u00e9delem: megb\u00edzhat\u00f3 v\u00e9delem az izzad\u00e1s \u00e9s a testszag ellen. Alkohol- \u00e9s sz\u00ednez\u00e9kmentes: gyeng\u00e9d a b\u0151rh\u00f6z, [&hellip;]<\/p>\n","protected":false},"featured_media":15467,"template":"","meta":[],"product_brand":[201],"product_cat":[294],"product_tag":[],"class_list":{"0":"post-15465","1":"product","2":"type-product","3":"status-publish","4":"has-post-thumbnail","6":"product_brand-nivea","7":"product_cat-dezodorok","9":"first","10":"instock","11":"taxable","12":"shipping-taxable","13":"purchasable","14":"product-type-simple"},"_links":{"self":[{"href":"https:\/\/perfettohome.sk\/hu\/wp-json\/wp\/v2\/product\/15465","targetHints":{"allow":["GET"]}}],"collection":[{"href":"https:\/\/perfettohome.sk\/hu\/wp-json\/wp\/v2\/product"}],"about":[{"href":"https:\/\/perfettohome.sk\/hu\/wp-json\/wp\/v2\/types\/product"}],"wp:featuredmedia":[{"embeddable":true,"href":"https:\/\/perfettohome.sk\/hu\/wp-json\/wp\/v2\/media\/15467"}],"wp:attachment":[{"href":"https:\/\/perfettohome.sk\/hu\/wp-json\/wp\/v2\/media?parent=15465"}],"wp:term":[{"taxonomy":"product_brand","embeddable":true,"href":"https:\/\/perfettohome.sk\/hu\/wp-json\/wp\/v2\/product_brand?post=15465"},{"taxonomy":"product_cat","embeddable":true,"href":"https:\/\/perfettohome.sk\/hu\/wp-json\/wp\/v2\/product_cat?post=15465"},{"taxonomy":"product_tag","embeddable":true,"href":"https:\/\/perfettohome.sk\/hu\/wp-json\/wp\/v2\/product_tag?post=15465"}],"curies":[{"name":"wp","href":"https:\/\/api.w.org\/{rel}","templated":true}]}}