{"id":15472,"date":"2025-04-09T11:40:16","date_gmt":"2025-04-09T09:40:16","guid":{"rendered":"https:\/\/perfettohome.sk\/produkt\/nivea-roll-on-invisible-bw-clear-50ml\/"},"modified":"2025-04-09T11:40:16","modified_gmt":"2025-04-09T09:40:16","slug":"nivea-roll-on-invisible-bw-clear-50ml","status":"publish","type":"product","link":"https:\/\/perfettohome.sk\/hu\/produkt\/nivea-roll-on-invisible-bw-clear-50ml\/","title":{"rendered":"Nivea roll-on &#8211; Invisible B&amp;W Clear 50ml"},"content":{"rendered":"<p>A Nivea Invisible for Black &amp; White Clear Ball dezodor megb\u00edzhat\u00f3 v\u00e9delmet ny\u00fajt az izzad\u00e1s \u00e9s a kellemetlen szagok ellen ak\u00e1r 48 \u00f3r\u00e1n kereszt\u00fcl. Speci\u00e1lis formul\u00e1ja nem hagy feh\u00e9r foltokat a fekete ruh\u00e1kon, \u00e9s seg\u00edt megel\u0151zni a s\u00e1rga foltokat a feh\u00e9r anyagokon. Finom illata hosszan tart\u00f3 frissess\u00e9get biztos\u00edt, mik\u00f6zben gyeng\u00e9d a b\u0151rh\u00f6z.  <\/p>\n<p>48 \u00f3r\u00e1s v\u00e9delem: megb\u00edzhat\u00f3an v\u00e9d az izzad\u00e1s \u00e9s a testszag ellen.<\/p>\n<p>L\u00e1thatatlan v\u00e9delem: Nem hagy feh\u00e9r foltokat a fekete ruh\u00e1kon, \u00e9s seg\u00edt megel\u0151zni a s\u00e1rga foltokat a feh\u00e9r sz\u00f6veteken.<\/p>\n<p>K\u00edm\u00e9letes \u00f6sszet\u00e9tel: gyeng\u00e9d a b\u0151rh\u00f6z, mindennapos haszn\u00e1latra alkalmas.<\/p>\n<p>Csomagol\u00e1s: 50 ml<\/p>\n","protected":false},"excerpt":{"rendered":"<p>A Nivea Invisible for Black &amp; White Clear Ball dezodor megb\u00edzhat\u00f3 v\u00e9delmet ny\u00fajt az izzad\u00e1s \u00e9s a kellemetlen szagok ellen ak\u00e1r 48 \u00f3r\u00e1n kereszt\u00fcl. Speci\u00e1lis formul\u00e1ja nem hagy feh\u00e9r foltokat a fekete ruh\u00e1kon, \u00e9s seg\u00edt megel\u0151zni a s\u00e1rga foltokat a feh\u00e9r anyagokon. Finom illata hosszan tart\u00f3 frissess\u00e9get biztos\u00edt, mik\u00f6zben gyeng\u00e9d a b\u0151rh\u00f6z. 48 \u00f3r\u00e1s v\u00e9delem: [&hellip;]<\/p>\n","protected":false},"featured_media":15473,"template":"","meta":[],"product_brand":[201],"product_cat":[294],"product_tag":[],"class_list":{"0":"post-15472","1":"product","2":"type-product","3":"status-publish","4":"has-post-thumbnail","6":"product_brand-nivea","7":"product_cat-dezodorok","9":"first","10":"instock","11":"taxable","12":"shipping-taxable","13":"purchasable","14":"product-type-simple"},"_links":{"self":[{"href":"https:\/\/perfettohome.sk\/hu\/wp-json\/wp\/v2\/product\/15472","targetHints":{"allow":["GET"]}}],"collection":[{"href":"https:\/\/perfettohome.sk\/hu\/wp-json\/wp\/v2\/product"}],"about":[{"href":"https:\/\/perfettohome.sk\/hu\/wp-json\/wp\/v2\/types\/product"}],"wp:featuredmedia":[{"embeddable":true,"href":"https:\/\/perfettohome.sk\/hu\/wp-json\/wp\/v2\/media\/15473"}],"wp:attachment":[{"href":"https:\/\/perfettohome.sk\/hu\/wp-json\/wp\/v2\/media?parent=15472"}],"wp:term":[{"taxonomy":"product_brand","embeddable":true,"href":"https:\/\/perfettohome.sk\/hu\/wp-json\/wp\/v2\/product_brand?post=15472"},{"taxonomy":"product_cat","embeddable":true,"href":"https:\/\/perfettohome.sk\/hu\/wp-json\/wp\/v2\/product_cat?post=15472"},{"taxonomy":"product_tag","embeddable":true,"href":"https:\/\/perfettohome.sk\/hu\/wp-json\/wp\/v2\/product_tag?post=15472"}],"curies":[{"name":"wp","href":"https:\/\/api.w.org\/{rel}","templated":true}]}}