{"id":15512,"date":"2025-04-09T11:15:15","date_gmt":"2025-04-09T09:15:15","guid":{"rendered":"https:\/\/perfettohome.sk\/produkt\/ajax-1l-boost-levendula\/"},"modified":"2025-04-09T11:15:15","modified_gmt":"2025-04-09T09:15:15","slug":"ajax-1l-boost-levendula","status":"publish","type":"product","link":"https:\/\/perfettohome.sk\/hu\/produkt\/ajax-1l-boost-levendula\/","title":{"rendered":"Ajax 1L &#8211; Boost Levendula"},"content":{"rendered":"<p>Adjon otthon\u00e1nak v\u00e9gs\u0151 tisztas\u00e1got \u00e9s frissess\u00e9get az Ajax Boost levendul\u00e1s t\u00f6bbc\u00e9l\u00fa tiszt\u00edt\u00f3szerrel. Az ill\u00f3olajokkal \u00e9s term\u00e9szetes kivonatokkal d\u00fas\u00edtott tiszt\u00edt\u00f3szer hat\u00e9konyan t\u00e1vol\u00edtja el a szennyez\u0151d\u00e9seket, a zs\u00edrt \u00e9s a v\u00edzk\u0151t, kellemes \u00e9s hosszan tart\u00f3 levendula illatot hagyva maga ut\u00e1n. Garant\u00e1lja az Ajax 100%-os tiszt\u00edt\u00f3erej\u00e9t, \u00e9s hideg v\u00edzben is hat\u00e9kony.  <\/p>\n<p>Intenz\u00edv frissess\u00e9g &#8211; ak\u00e1r 24 \u00f3r\u00e1n kereszt\u00fcl nyugtat\u00f3 levendula illatot hagy maga ut\u00e1n.<\/p>\n<p>\u00dajrahasznos\u00edthat\u00f3 palack &#8211; a csomagol\u00e1s 100%-ban \u00fajrahasznos\u00edtott m\u0171anyagb\u00f3l k\u00e9sz\u00fclt, \u00fajrahasznos\u00edthat\u00f3 m\u00e9g kupakkal egy\u00fctt is.<\/p>\n<p>Alkalmas k\u00fcl\u00f6nb\u00f6z\u0151 fel\u00fcletek napi tiszt\u00edt\u00e1s\u00e1ra &#8211; a term\u00e9szetesen friss \u00e9s ragyog\u00f3an tiszta otthon\u00e9rt.<\/p>\n<p>Csomagol\u00e1s: 1000 ml<br \/>\nMegjegyz\u00e9s: Gyermekekt\u0151l elz\u00e1rva tartand\u00f3. Gyermekekt\u0151l elz\u00e1rva tartand\u00f3.<\/p>\n","protected":false},"excerpt":{"rendered":"<p>Adjon otthon\u00e1nak v\u00e9gs\u0151 tisztas\u00e1got \u00e9s frissess\u00e9get az Ajax Boost levendul\u00e1s t\u00f6bbc\u00e9l\u00fa tiszt\u00edt\u00f3szerrel. Az ill\u00f3olajokkal \u00e9s term\u00e9szetes kivonatokkal d\u00fas\u00edtott tiszt\u00edt\u00f3szer hat\u00e9konyan t\u00e1vol\u00edtja el a szennyez\u0151d\u00e9seket, a zs\u00edrt \u00e9s a v\u00edzk\u0151t, kellemes \u00e9s hosszan tart\u00f3 levendula illatot hagyva maga ut\u00e1n. Garant\u00e1lja az Ajax 100%-os tiszt\u00edt\u00f3erej\u00e9t, \u00e9s hideg v\u00edzben is hat\u00e9kony. Intenz\u00edv frissess\u00e9g &#8211; ak\u00e1r 24 \u00f3r\u00e1n kereszt\u00fcl [&hellip;]<\/p>\n","protected":false},"featured_media":11563,"template":"","meta":[],"product_brand":[182],"product_cat":[296],"product_tag":[],"class_list":{"0":"post-15512","1":"product","2":"type-product","3":"status-publish","4":"has-post-thumbnail","6":"product_brand-ajax","7":"product_cat-egyeb","9":"first","10":"outofstock","11":"taxable","12":"shipping-taxable","13":"purchasable","14":"product-type-simple"},"_links":{"self":[{"href":"https:\/\/perfettohome.sk\/hu\/wp-json\/wp\/v2\/product\/15512","targetHints":{"allow":["GET"]}}],"collection":[{"href":"https:\/\/perfettohome.sk\/hu\/wp-json\/wp\/v2\/product"}],"about":[{"href":"https:\/\/perfettohome.sk\/hu\/wp-json\/wp\/v2\/types\/product"}],"wp:featuredmedia":[{"embeddable":true,"href":"https:\/\/perfettohome.sk\/hu\/wp-json\/wp\/v2\/media\/11563"}],"wp:attachment":[{"href":"https:\/\/perfettohome.sk\/hu\/wp-json\/wp\/v2\/media?parent=15512"}],"wp:term":[{"taxonomy":"product_brand","embeddable":true,"href":"https:\/\/perfettohome.sk\/hu\/wp-json\/wp\/v2\/product_brand?post=15512"},{"taxonomy":"product_cat","embeddable":true,"href":"https:\/\/perfettohome.sk\/hu\/wp-json\/wp\/v2\/product_cat?post=15512"},{"taxonomy":"product_tag","embeddable":true,"href":"https:\/\/perfettohome.sk\/hu\/wp-json\/wp\/v2\/product_tag?post=15512"}],"curies":[{"name":"wp","href":"https:\/\/api.w.org\/{rel}","templated":true}]}}