{"id":15518,"date":"2025-04-09T11:13:54","date_gmt":"2025-04-09T09:13:54","guid":{"rendered":"https:\/\/perfettohome.sk\/produkt\/headshoulders-sampon-citrus-fresh-400ml\/"},"modified":"2025-04-09T11:13:54","modified_gmt":"2025-04-09T09:13:54","slug":"headshoulders-sampon-citrus-fresh-400ml","status":"publish","type":"product","link":"https:\/\/perfettohome.sk\/hu\/produkt\/headshoulders-sampon-citrus-fresh-400ml\/","title":{"rendered":"Head&amp;Shoulders sampon &#8211; Citrus Fresh 400ml"},"content":{"rendered":"<p>A Head &amp; Shoulders Citrus Fresh sampon friss\u00edt\u0151 citrusillattal \u00e9s m\u00e9lytiszt\u00edt\u00f3 formul\u00e1val hat\u00e9konyan t\u00e1vol\u00edtja el a felesleges faggy\u00fat \u00e9s a korp\u00e1t. Ide\u00e1lis zs\u00edros hajra, eg\u00e9sz napra felfriss\u00edti a fejb\u0151rt, a hajat pedig k\u00f6nny\u0171v\u00e9 \u00e9s tiszt\u00e1v\u00e1 var\u00e1zsolja. <\/p>\n<p>Friss citrus illat<\/p>\n<p>Alkalmas zs\u00edros hajra \u00e9s fejb\u0151rre<\/p>\n<p>Hat\u00e9konyan k\u00fczd a korp\u00e1sod\u00e1s ellen<\/p>\n<p>M\u00e9lytiszt\u00edt\u00f3 \u00e9s friss \u00e9rz\u00e9s<\/p>\n<p>T\u00e9rfogat: 400ml<\/p>\n","protected":false},"excerpt":{"rendered":"<p>A Head &amp; Shoulders Citrus Fresh sampon friss\u00edt\u0151 citrusillattal \u00e9s m\u00e9lytiszt\u00edt\u00f3 formul\u00e1val hat\u00e9konyan t\u00e1vol\u00edtja el a felesleges faggy\u00fat \u00e9s a korp\u00e1t. Ide\u00e1lis zs\u00edros hajra, eg\u00e9sz napra felfriss\u00edti a fejb\u0151rt, a hajat pedig k\u00f6nny\u0171v\u00e9 \u00e9s tiszt\u00e1v\u00e1 var\u00e1zsolja. Friss citrus illat Alkalmas zs\u00edros hajra \u00e9s fejb\u0151rre Hat\u00e9konyan k\u00fczd a korp\u00e1sod\u00e1s ellen M\u00e9lytiszt\u00edt\u00f3 \u00e9s friss \u00e9rz\u00e9s T\u00e9rfogat: 400ml<\/p>\n","protected":false},"featured_media":11559,"template":"","meta":[],"product_brand":[213],"product_cat":[300],"product_tag":[],"class_list":{"0":"post-15518","1":"product","2":"type-product","3":"status-publish","4":"has-post-thumbnail","6":"product_brand-headshoulders","7":"product_cat-hajapolas","9":"first","10":"instock","11":"taxable","12":"shipping-taxable","13":"purchasable","14":"product-type-simple"},"_links":{"self":[{"href":"https:\/\/perfettohome.sk\/hu\/wp-json\/wp\/v2\/product\/15518","targetHints":{"allow":["GET"]}}],"collection":[{"href":"https:\/\/perfettohome.sk\/hu\/wp-json\/wp\/v2\/product"}],"about":[{"href":"https:\/\/perfettohome.sk\/hu\/wp-json\/wp\/v2\/types\/product"}],"wp:featuredmedia":[{"embeddable":true,"href":"https:\/\/perfettohome.sk\/hu\/wp-json\/wp\/v2\/media\/11559"}],"wp:attachment":[{"href":"https:\/\/perfettohome.sk\/hu\/wp-json\/wp\/v2\/media?parent=15518"}],"wp:term":[{"taxonomy":"product_brand","embeddable":true,"href":"https:\/\/perfettohome.sk\/hu\/wp-json\/wp\/v2\/product_brand?post=15518"},{"taxonomy":"product_cat","embeddable":true,"href":"https:\/\/perfettohome.sk\/hu\/wp-json\/wp\/v2\/product_cat?post=15518"},{"taxonomy":"product_tag","embeddable":true,"href":"https:\/\/perfettohome.sk\/hu\/wp-json\/wp\/v2\/product_tag?post=15518"}],"curies":[{"name":"wp","href":"https:\/\/api.w.org\/{rel}","templated":true}]}}