{"id":15522,"date":"2025-04-09T11:09:07","date_gmt":"2025-04-09T09:09:07","guid":{"rendered":"https:\/\/perfettohome.sk\/produkt\/headshoulders-sampon-melyhidratalas-kokuszolaj-540ml\/"},"modified":"2025-12-13T23:13:12","modified_gmt":"2025-12-13T22:13:12","slug":"headshoulders-sampon-melyhidratalas-kokuszolaj-540ml","status":"publish","type":"product","link":"https:\/\/perfettohome.sk\/hu\/produkt\/headshoulders-sampon-melyhidratalas-kokuszolaj-540ml\/","title":{"rendered":"Head&amp;Shoulders sampon &#8211; Deep hydratation coconut oil 540ml"},"content":{"rendered":"<p>A Head &amp; Shoulders Deep Cocos sampon k\u00f3kuszolajjal m\u00e9lyen tiszt\u00edtja a fejb\u0151rt \u00e9s hat\u00e9konyan k\u00fczd a korp\u00e1sod\u00e1s ellen. Intenz\u00edven hidrat\u00e1l, a hajat tiszt\u00e1n, frissen \u00e9s finom tr\u00f3pusi k\u00f3kusz illattal hagyja. Napi haszn\u00e1latra alkalmas.  <\/p>\n<p>K\u00f3kuszolajjal a m\u00e9lyhidrat\u00e1l\u00e1s\u00e9rt<\/p>\n<p>Hat\u00e9konyan elt\u00e1vol\u00edtja a korp\u00e1t<\/p>\n<p>Friss tr\u00f3pusi illat<\/p>\n<p>Tiszta \u00e9s eg\u00e9szs\u00e9ges haj \u00e9s fejb\u0151r<\/p>\n<p>T\u00e9rfogat: 540ml<\/p>\n","protected":false},"excerpt":{"rendered":"<p>A Head &amp; Shoulders Deep Cocos sampon k\u00f3kuszolajjal m\u00e9lyen tiszt\u00edtja a fejb\u0151rt \u00e9s hat\u00e9konyan k\u00fczd a korp\u00e1sod\u00e1s ellen. Intenz\u00edven hidrat\u00e1l, a hajat tiszt\u00e1n, frissen \u00e9s finom tr\u00f3pusi k\u00f3kusz illattal hagyja. Napi haszn\u00e1latra alkalmas. K\u00f3kuszolajjal a m\u00e9lyhidrat\u00e1l\u00e1s\u00e9rt Hat\u00e9konyan elt\u00e1vol\u00edtja a korp\u00e1t Friss tr\u00f3pusi illat Tiszta \u00e9s eg\u00e9szs\u00e9ges haj \u00e9s fejb\u0151r T\u00e9rfogat: 540ml<\/p>\n","protected":false},"featured_media":11547,"template":"","meta":[],"product_brand":[213],"product_cat":[300],"product_tag":[],"class_list":{"0":"post-15522","1":"product","2":"type-product","3":"status-publish","4":"has-post-thumbnail","6":"product_brand-headshoulders","7":"product_cat-hajapolas","9":"first","10":"instock","11":"taxable","12":"shipping-taxable","13":"purchasable","14":"product-type-simple"},"_links":{"self":[{"href":"https:\/\/perfettohome.sk\/hu\/wp-json\/wp\/v2\/product\/15522","targetHints":{"allow":["GET"]}}],"collection":[{"href":"https:\/\/perfettohome.sk\/hu\/wp-json\/wp\/v2\/product"}],"about":[{"href":"https:\/\/perfettohome.sk\/hu\/wp-json\/wp\/v2\/types\/product"}],"wp:featuredmedia":[{"embeddable":true,"href":"https:\/\/perfettohome.sk\/hu\/wp-json\/wp\/v2\/media\/11547"}],"wp:attachment":[{"href":"https:\/\/perfettohome.sk\/hu\/wp-json\/wp\/v2\/media?parent=15522"}],"wp:term":[{"taxonomy":"product_brand","embeddable":true,"href":"https:\/\/perfettohome.sk\/hu\/wp-json\/wp\/v2\/product_brand?post=15522"},{"taxonomy":"product_cat","embeddable":true,"href":"https:\/\/perfettohome.sk\/hu\/wp-json\/wp\/v2\/product_cat?post=15522"},{"taxonomy":"product_tag","embeddable":true,"href":"https:\/\/perfettohome.sk\/hu\/wp-json\/wp\/v2\/product_tag?post=15522"}],"curies":[{"name":"wp","href":"https:\/\/api.w.org\/{rel}","templated":true}]}}