{"id":15545,"date":"2025-04-09T10:58:52","date_gmt":"2025-04-09T08:58:52","guid":{"rendered":"https:\/\/perfettohome.sk\/produkt\/old-spice-stick-50ml-melytenger\/"},"modified":"2025-12-13T23:03:56","modified_gmt":"2025-12-13T22:03:56","slug":"old-spice-stick-50ml-melytenger","status":"publish","type":"product","link":"https:\/\/perfettohome.sk\/hu\/produkt\/old-spice-stick-50ml-melytenger\/","title":{"rendered":"Old Spice stick 50ml &#8211; Deep Sea"},"content":{"rendered":"<p>Az Old Spice Deep Sea szil\u00e1rd dezodor friss\u00edt\u0151 citrus \u00e9s vir\u00e1g illat\u00e1val hat\u00e9konyan semleges\u00edti a kellemetlen testszagokat, \u00e9s ak\u00e1r 24 \u00f3r\u00e1s v\u00e9delmet ny\u00fajt az izzad\u00e1s ellen. Alum\u00edniummentes formul\u00e1ja k\u00edm\u00e9letes a b\u0151rh\u00f6z, \u00e9s nem hagy feh\u00e9r vagy s\u00e1rga foltot a ruh\u00e1kon. Az innovat\u00edv illatos\u00edt\u00f3 technol\u00f3gi\u00e1nak k\u00f6sz\u00f6nhet\u0151en az illat eg\u00e9sz nap tart\u00f3s marad.  <\/p>\n<p>Hosszan tart\u00f3 frissess\u00e9g: ak\u00e1r 24 \u00f3r\u00e1s v\u00e9delem a testszagok ellen.<\/p>\n<p>Alum\u00edniummentes: b\u0151rbar\u00e1t \u00e9s foltmentes.<\/p>\n<p>Friss\u00edt\u0151 illat: citrusos \u00e9s vir\u00e1gos jegyekkel.<\/p>\n<p>T\u00e9rfogat: 50 ml<\/p>\n","protected":false},"excerpt":{"rendered":"<p>Az Old Spice Deep Sea szil\u00e1rd dezodor friss\u00edt\u0151 citrus \u00e9s vir\u00e1g illat\u00e1val hat\u00e9konyan semleges\u00edti a kellemetlen testszagokat, \u00e9s ak\u00e1r 24 \u00f3r\u00e1s v\u00e9delmet ny\u00fajt az izzad\u00e1s ellen. Alum\u00edniummentes formul\u00e1ja k\u00edm\u00e9letes a b\u0151rh\u00f6z, \u00e9s nem hagy feh\u00e9r vagy s\u00e1rga foltot a ruh\u00e1kon. Az innovat\u00edv illatos\u00edt\u00f3 technol\u00f3gi\u00e1nak k\u00f6sz\u00f6nhet\u0151en az illat eg\u00e9sz nap tart\u00f3s marad. Hosszan tart\u00f3 frissess\u00e9g: ak\u00e1r [&hellip;]<\/p>\n","protected":false},"featured_media":11522,"template":"","meta":[],"product_brand":[202],"product_cat":[294],"product_tag":[],"class_list":{"0":"post-15545","1":"product","2":"type-product","3":"status-publish","4":"has-post-thumbnail","6":"product_brand-old-spice","7":"product_cat-dezodorok","9":"first","10":"instock","11":"taxable","12":"shipping-taxable","13":"purchasable","14":"product-type-simple"},"_links":{"self":[{"href":"https:\/\/perfettohome.sk\/hu\/wp-json\/wp\/v2\/product\/15545","targetHints":{"allow":["GET"]}}],"collection":[{"href":"https:\/\/perfettohome.sk\/hu\/wp-json\/wp\/v2\/product"}],"about":[{"href":"https:\/\/perfettohome.sk\/hu\/wp-json\/wp\/v2\/types\/product"}],"wp:featuredmedia":[{"embeddable":true,"href":"https:\/\/perfettohome.sk\/hu\/wp-json\/wp\/v2\/media\/11522"}],"wp:attachment":[{"href":"https:\/\/perfettohome.sk\/hu\/wp-json\/wp\/v2\/media?parent=15545"}],"wp:term":[{"taxonomy":"product_brand","embeddable":true,"href":"https:\/\/perfettohome.sk\/hu\/wp-json\/wp\/v2\/product_brand?post=15545"},{"taxonomy":"product_cat","embeddable":true,"href":"https:\/\/perfettohome.sk\/hu\/wp-json\/wp\/v2\/product_cat?post=15545"},{"taxonomy":"product_tag","embeddable":true,"href":"https:\/\/perfettohome.sk\/hu\/wp-json\/wp\/v2\/product_tag?post=15545"}],"curies":[{"name":"wp","href":"https:\/\/api.w.org\/{rel}","templated":true}]}}