{"id":15572,"date":"2025-04-11T13:12:08","date_gmt":"2025-04-11T11:12:08","guid":{"rendered":"https:\/\/perfettohome.sk\/produkt\/darx-orchid-textilpuhito-2l\/"},"modified":"2025-12-13T23:45:57","modified_gmt":"2025-12-13T22:45:57","slug":"darx-orchid-textilpuhito-2l","status":"publish","type":"product","link":"https:\/\/perfettohome.sk\/hu\/produkt\/darx-orchid-textilpuhito-2l\/","title":{"rendered":"DarX Orchid &#8211; \u00f6bl\u00edt\u0151 2l"},"content":{"rendered":"<p>DarX Orchidea &#8211; egzotikus elegancia a mosod\u00e1ba!<\/p>\n<p>K\u00e9nyeztesse mag\u00e1t puha, illatos mos\u00e1ssal a DarX textill\u00e1gy\u00edt\u00f3val, \u00e9s \u00e9lvezze a kellemes frissess\u00e9get minden mos\u00e1s ut\u00e1n!<\/p>\n<p>Puha \u00e9s k\u00f6nnyebb vasal\u00e1s<\/p>\n<p>A DarX textill\u00e1gy\u00edt\u00f3 puha tapint\u00e1s\u00fav\u00e1 teszi a ruh\u00e1kat, mik\u00f6zben seg\u00edt cs\u00f6kkenteni a gy\u0171r\u0151d\u00e9st, megk\u00f6nny\u00edtve a vasal\u00e1st.<\/p>\n<p>K\u00edm\u00e9letes a sz\u00f6vetekhez \u00e9s a term\u00e9szethez<\/p>\n<p>K\u00fcl\u00f6nleges formul\u00e1j\u00e1nak k\u00f6sz\u00f6nhet\u0151en a DarX l\u00e1gy\u00edt\u00f3szer minden t\u00edpus\u00fa sz\u00f6vethez alkalmas &#8211; a pamutt\u00f3l a k\u00e9nyes anyagokig. R\u00e1ad\u00e1sul az \u00fajrahasznos\u00edthat\u00f3 csomagol\u00e1s seg\u00edt cs\u00f6kkenteni a hullad\u00e9k mennyis\u00e9g\u00e9t \u00e9s meg\u00f3vni a k\u00f6rnyezetet. <\/p>\n<p>Hosszan tart\u00f3 friss illat<\/p>\n<p>Az egzotikus \u00e9s eleg\u00e1ns DarX Orchidea illat kifinomult \u00e9s f\u00e9ny\u0171z\u0151 jelleget k\u00f6lcs\u00f6n\u00f6z az \u00f6lt\u00f6z\u00e9k\u00e9nek, amely eg\u00e9sz nap elk\u00eds\u00e9ri \u00d6nt.<\/p>\n<p><a href=\"https:\/\/perfettohome.sk\/wp-content\/uploads\/2025\/03\/Darx_Premium_Fabric_Conditioner_Orchid_V120241104.docx.pdf\">Biztons\u00e1gi k\u00e1rtya<\/a><\/p>\n","protected":false},"excerpt":{"rendered":"<p>DarX Orchidea &#8211; egzotikus elegancia a mosod\u00e1ba! K\u00e9nyeztesse mag\u00e1t puha, illatos mos\u00e1ssal a DarX textill\u00e1gy\u00edt\u00f3val, \u00e9s \u00e9lvezze a kellemes frissess\u00e9get minden mos\u00e1s ut\u00e1n! Puha \u00e9s k\u00f6nnyebb vasal\u00e1s A DarX textill\u00e1gy\u00edt\u00f3 puha tapint\u00e1s\u00fav\u00e1 teszi a ruh\u00e1kat, mik\u00f6zben seg\u00edt cs\u00f6kkenteni a gy\u0171r\u0151d\u00e9st, megk\u00f6nny\u00edtve a vasal\u00e1st. K\u00edm\u00e9letes a sz\u00f6vetekhez \u00e9s a term\u00e9szethez K\u00fcl\u00f6nleges formul\u00e1j\u00e1nak k\u00f6sz\u00f6nhet\u0151en a DarX l\u00e1gy\u00edt\u00f3szer [&hellip;]<\/p>\n","protected":false},"featured_media":15574,"template":"","meta":[],"product_brand":[43],"product_cat":[308],"product_tag":[],"class_list":{"0":"post-15572","1":"product","2":"type-product","3":"status-publish","4":"has-post-thumbnail","6":"product_brand-darx","7":"product_cat-darx-hu","9":"first","10":"instock","11":"sale","12":"taxable","13":"shipping-taxable","14":"purchasable","15":"product-type-simple"},"_links":{"self":[{"href":"https:\/\/perfettohome.sk\/hu\/wp-json\/wp\/v2\/product\/15572","targetHints":{"allow":["GET"]}}],"collection":[{"href":"https:\/\/perfettohome.sk\/hu\/wp-json\/wp\/v2\/product"}],"about":[{"href":"https:\/\/perfettohome.sk\/hu\/wp-json\/wp\/v2\/types\/product"}],"wp:featuredmedia":[{"embeddable":true,"href":"https:\/\/perfettohome.sk\/hu\/wp-json\/wp\/v2\/media\/15574"}],"wp:attachment":[{"href":"https:\/\/perfettohome.sk\/hu\/wp-json\/wp\/v2\/media?parent=15572"}],"wp:term":[{"taxonomy":"product_brand","embeddable":true,"href":"https:\/\/perfettohome.sk\/hu\/wp-json\/wp\/v2\/product_brand?post=15572"},{"taxonomy":"product_cat","embeddable":true,"href":"https:\/\/perfettohome.sk\/hu\/wp-json\/wp\/v2\/product_cat?post=15572"},{"taxonomy":"product_tag","embeddable":true,"href":"https:\/\/perfettohome.sk\/hu\/wp-json\/wp\/v2\/product_tag?post=15572"}],"curies":[{"name":"wp","href":"https:\/\/api.w.org\/{rel}","templated":true}]}}