{"id":15596,"date":"2025-04-09T13:04:12","date_gmt":"2025-04-09T11:04:12","guid":{"rendered":"https:\/\/perfettohome.sk\/produkt\/domestos-toalettblokk-hibiszkusz-olaj-es-bogyok-3x55g\/"},"modified":"2025-12-13T23:40:55","modified_gmt":"2025-12-13T22:40:55","slug":"domestos-toalettblokk-hibiszkusz-olaj-es-bogyok-3x55g","status":"publish","type":"product","link":"https:\/\/perfettohome.sk\/hu\/produkt\/domestos-toalettblokk-hibiszkusz-olaj-es-bogyok-3x55g\/","title":{"rendered":"Domestos toalettblokk &#8211; Hibiscus oil and berries 3x55g"},"content":{"rendered":"<p>A Domestos Hibiszkuszolaj \u00e9s vadbogy\u00f3 WC-t\u00f6mb alapos higi\u00e9ni\u00e1t \u00e9s hosszan tart\u00f3 frissess\u00e9get biztos\u00edt a WC-ben. Az 5 az 1-ben formula tiszt\u00edt, akt\u00edv habot k\u00e9pez, v\u00e9d a v\u00edzk\u0151 \u00e9s a szennyez\u0151d\u00e9sek ellen, \u00e9s minden \u00f6bl\u00edt\u00e9s ut\u00e1n finom gy\u00fcm\u00f6lcs\u00f6s-vir\u00e1gos illatot hagy maga ut\u00e1n. <\/p>\n<p>5 az 1-ben: tiszt\u00edt\u00e1s, v\u00edzk\u0151 elleni v\u00e9delem, hab, szennyez\u0151d\u00e9s elleni v\u00e9delem, illatanyag<\/p>\n<p>A hibiszkuszolaj \u00e9s az erdei gy\u00fcm\u00f6lcs\u00f6k illata<\/p>\n<p>Hosszan tart\u00f3 frissess\u00e9g<\/p>\n<p>Csomagol\u00e1s: 3 x 55g<\/p>\n","protected":false},"excerpt":{"rendered":"<p>A Domestos Hibiszkuszolaj \u00e9s vadbogy\u00f3 WC-t\u00f6mb alapos higi\u00e9ni\u00e1t \u00e9s hosszan tart\u00f3 frissess\u00e9get biztos\u00edt a WC-ben. Az 5 az 1-ben formula tiszt\u00edt, akt\u00edv habot k\u00e9pez, v\u00e9d a v\u00edzk\u0151 \u00e9s a szennyez\u0151d\u00e9sek ellen, \u00e9s minden \u00f6bl\u00edt\u00e9s ut\u00e1n finom gy\u00fcm\u00f6lcs\u00f6s-vir\u00e1gos illatot hagy maga ut\u00e1n. 5 az 1-ben: tiszt\u00edt\u00e1s, v\u00edzk\u0151 elleni v\u00e9delem, hab, szennyez\u0151d\u00e9s elleni v\u00e9delem, illatanyag A hibiszkuszolaj [&hellip;]<\/p>\n","protected":false},"featured_media":11719,"template":"","meta":[],"product_brand":[179],"product_cat":[295],"product_tag":[],"class_list":{"0":"post-15596","1":"product","2":"type-product","3":"status-publish","4":"has-post-thumbnail","6":"product_brand-domestos","7":"product_cat-wc-blokkok","9":"first","10":"outofstock","11":"taxable","12":"shipping-taxable","13":"purchasable","14":"product-type-simple"},"_links":{"self":[{"href":"https:\/\/perfettohome.sk\/hu\/wp-json\/wp\/v2\/product\/15596","targetHints":{"allow":["GET"]}}],"collection":[{"href":"https:\/\/perfettohome.sk\/hu\/wp-json\/wp\/v2\/product"}],"about":[{"href":"https:\/\/perfettohome.sk\/hu\/wp-json\/wp\/v2\/types\/product"}],"wp:featuredmedia":[{"embeddable":true,"href":"https:\/\/perfettohome.sk\/hu\/wp-json\/wp\/v2\/media\/11719"}],"wp:attachment":[{"href":"https:\/\/perfettohome.sk\/hu\/wp-json\/wp\/v2\/media?parent=15596"}],"wp:term":[{"taxonomy":"product_brand","embeddable":true,"href":"https:\/\/perfettohome.sk\/hu\/wp-json\/wp\/v2\/product_brand?post=15596"},{"taxonomy":"product_cat","embeddable":true,"href":"https:\/\/perfettohome.sk\/hu\/wp-json\/wp\/v2\/product_cat?post=15596"},{"taxonomy":"product_tag","embeddable":true,"href":"https:\/\/perfettohome.sk\/hu\/wp-json\/wp\/v2\/product_tag?post=15596"}],"curies":[{"name":"wp","href":"https:\/\/api.w.org\/{rel}","templated":true}]}}