{"id":15599,"date":"2025-04-09T12:17:03","date_gmt":"2025-04-09T10:17:03","guid":{"rendered":"https:\/\/perfettohome.sk\/produkt\/domestos-toalettblokk-dalia-viragok-es-sarkanygyumolcs-3x55g\/"},"modified":"2025-12-13T23:38:19","modified_gmt":"2025-12-13T22:38:19","slug":"domestos-toalettblokk-dalia-viragok-es-sarkanygyumolcs-3x55g","status":"publish","type":"product","link":"https:\/\/perfettohome.sk\/hu\/produkt\/domestos-toalettblokk-dalia-viragok-es-sarkanygyumolcs-3x55g\/","title":{"rendered":"Domestos toalettblokk &#8211; Dahlia Flowers &amp; Dragonfruit 3x55g"},"content":{"rendered":"<p>A Domestos Dahlia Flowers &amp; Dragonfruit toalettblokk er\u0151s tiszt\u00edt\u00f3 hat\u00e1st \u00e9s egzotikus illatot \u00f6tv\u00f6z. Egyszerre 5 funkci\u00f3t k\u00edn\u00e1l: tiszt\u00edt, v\u00e9d a v\u00edzk\u0151 ellen, megakad\u00e1lyozza a szennyez\u0151d\u00e9sek felhalmoz\u00f3d\u00e1s\u00e1t, akt\u00edv habot k\u00e9pez, \u00e9s hosszan tart\u00f3 d\u00e1liavir\u00e1g \u00e9s s\u00e1rk\u00e1nygy\u00fcm\u00f6lcs illatot hagy maga ut\u00e1n. <\/p>\n<p>5 az 1-ben: tiszt\u00edt\u00e1s, v\u00edzk\u0151 elleni v\u00e9delem, hab, szennyez\u0151d\u00e9s elleni v\u00e9delem, illatanyag<\/p>\n<p>A d\u00e1li\u00e1k \u00e9s a s\u00e1rk\u00e1nygy\u00fcm\u00f6lcs illata<\/p>\n<p>Friss \u00e9s jellegzetes hat\u00e1s minden \u00f6bl\u00edt\u00e9ssel<\/p>\n<p>Csomagol\u00e1s: 3 x 55g<\/p>\n","protected":false},"excerpt":{"rendered":"<p>A Domestos Dahlia Flowers &amp; Dragonfruit toalettblokk er\u0151s tiszt\u00edt\u00f3 hat\u00e1st \u00e9s egzotikus illatot \u00f6tv\u00f6z. Egyszerre 5 funkci\u00f3t k\u00edn\u00e1l: tiszt\u00edt, v\u00e9d a v\u00edzk\u0151 ellen, megakad\u00e1lyozza a szennyez\u0151d\u00e9sek felhalmoz\u00f3d\u00e1s\u00e1t, akt\u00edv habot k\u00e9pez, \u00e9s hosszan tart\u00f3 d\u00e1liavir\u00e1g \u00e9s s\u00e1rk\u00e1nygy\u00fcm\u00f6lcs illatot hagy maga ut\u00e1n. 5 az 1-ben: tiszt\u00edt\u00e1s, v\u00edzk\u0151 elleni v\u00e9delem, hab, szennyez\u0151d\u00e9s elleni v\u00e9delem, illatanyag A d\u00e1li\u00e1k \u00e9s [&hellip;]<\/p>\n","protected":false},"featured_media":11656,"template":"","meta":[],"product_brand":[179],"product_cat":[295],"product_tag":[],"class_list":{"0":"post-15599","1":"product","2":"type-product","3":"status-publish","4":"has-post-thumbnail","6":"product_brand-domestos","7":"product_cat-wc-blokkok","9":"first","10":"outofstock","11":"taxable","12":"shipping-taxable","13":"purchasable","14":"product-type-simple"},"_links":{"self":[{"href":"https:\/\/perfettohome.sk\/hu\/wp-json\/wp\/v2\/product\/15599","targetHints":{"allow":["GET"]}}],"collection":[{"href":"https:\/\/perfettohome.sk\/hu\/wp-json\/wp\/v2\/product"}],"about":[{"href":"https:\/\/perfettohome.sk\/hu\/wp-json\/wp\/v2\/types\/product"}],"wp:featuredmedia":[{"embeddable":true,"href":"https:\/\/perfettohome.sk\/hu\/wp-json\/wp\/v2\/media\/11656"}],"wp:attachment":[{"href":"https:\/\/perfettohome.sk\/hu\/wp-json\/wp\/v2\/media?parent=15599"}],"wp:term":[{"taxonomy":"product_brand","embeddable":true,"href":"https:\/\/perfettohome.sk\/hu\/wp-json\/wp\/v2\/product_brand?post=15599"},{"taxonomy":"product_cat","embeddable":true,"href":"https:\/\/perfettohome.sk\/hu\/wp-json\/wp\/v2\/product_cat?post=15599"},{"taxonomy":"product_tag","embeddable":true,"href":"https:\/\/perfettohome.sk\/hu\/wp-json\/wp\/v2\/product_tag?post=15599"}],"curies":[{"name":"wp","href":"https:\/\/api.w.org\/{rel}","templated":true}]}}