{"id":15602,"date":"2025-04-09T12:15:35","date_gmt":"2025-04-09T10:15:35","guid":{"rendered":"https:\/\/perfettohome.sk\/produkt\/domestos-wc-blokk-power-5-ocean-2x55g\/"},"modified":"2025-04-09T12:15:35","modified_gmt":"2025-04-09T10:15:35","slug":"domestos-wc-blokk-power-5-ocean-2x55g","status":"publish","type":"product","link":"https:\/\/perfettohome.sk\/hu\/produkt\/domestos-wc-blokk-power-5-ocean-2x55g\/","title":{"rendered":"Domestos WC blokk &#8211; Power 5 Ocean 2x55g"},"content":{"rendered":"<p>A Domestos Power 5 Ocean WC-blokk \u00f6tsz\u00f6r\u00f6s hat\u00e1st biztos\u00edt a higi\u00e9nia \u00e9s a WC frissess\u00e9ge \u00e9rdek\u00e9ben. Minden \u00f6bl\u00edt\u00e9ssel tiszt\u00edtja a cs\u00e9sz\u00e9t, v\u00e9d a v\u00edzk\u0151 ellen, megakad\u00e1lyozza a szennyez\u0151d\u00e9sek felhalmoz\u00f3d\u00e1s\u00e1t, tiszt\u00edt\u00f3 habot k\u00e9pez \u00e9s friss \u00f3ce\u00e1ni illatot hagy maga ut\u00e1n. Nagyszer\u0171 v\u00e1laszt\u00e1s a mindennapi tisztas\u00e1ghoz.  <\/p>\n<p>5 az 1-ben: tiszt\u00edt\u00e1s, v\u00edzk\u0151 elleni v\u00e9delem, hab, szennyez\u0151d\u00e9s elleni v\u00e9delem, frissess\u00e9g<\/p>\n<p>Az \u00f3ce\u00e1n friss illata<\/p>\n<p>Higi\u00e9nikus \u00e9s l\u00e1that\u00f3 tisztas\u00e1g<\/p>\n<p>Hat\u00e9kony minden \u00f6bl\u00edt\u00e9sn\u00e9l<\/p>\n","protected":false},"excerpt":{"rendered":"<p>A Domestos Power 5 Ocean WC-blokk \u00f6tsz\u00f6r\u00f6s hat\u00e1st biztos\u00edt a higi\u00e9nia \u00e9s a WC frissess\u00e9ge \u00e9rdek\u00e9ben. Minden \u00f6bl\u00edt\u00e9ssel tiszt\u00edtja a cs\u00e9sz\u00e9t, v\u00e9d a v\u00edzk\u0151 ellen, megakad\u00e1lyozza a szennyez\u0151d\u00e9sek felhalmoz\u00f3d\u00e1s\u00e1t, tiszt\u00edt\u00f3 habot k\u00e9pez \u00e9s friss \u00f3ce\u00e1ni illatot hagy maga ut\u00e1n. Nagyszer\u0171 v\u00e1laszt\u00e1s a mindennapi tisztas\u00e1ghoz. 5 az 1-ben: tiszt\u00edt\u00e1s, v\u00edzk\u0151 elleni v\u00e9delem, hab, szennyez\u0151d\u00e9s elleni v\u00e9delem, [&hellip;]<\/p>\n","protected":false},"featured_media":11653,"template":"","meta":[],"product_brand":[179],"product_cat":[295],"product_tag":[],"class_list":{"0":"post-15602","1":"product","2":"type-product","3":"status-publish","4":"has-post-thumbnail","6":"product_brand-domestos","7":"product_cat-wc-blokkok","9":"first","10":"outofstock","11":"taxable","12":"shipping-taxable","13":"purchasable","14":"product-type-simple"},"_links":{"self":[{"href":"https:\/\/perfettohome.sk\/hu\/wp-json\/wp\/v2\/product\/15602","targetHints":{"allow":["GET"]}}],"collection":[{"href":"https:\/\/perfettohome.sk\/hu\/wp-json\/wp\/v2\/product"}],"about":[{"href":"https:\/\/perfettohome.sk\/hu\/wp-json\/wp\/v2\/types\/product"}],"wp:featuredmedia":[{"embeddable":true,"href":"https:\/\/perfettohome.sk\/hu\/wp-json\/wp\/v2\/media\/11653"}],"wp:attachment":[{"href":"https:\/\/perfettohome.sk\/hu\/wp-json\/wp\/v2\/media?parent=15602"}],"wp:term":[{"taxonomy":"product_brand","embeddable":true,"href":"https:\/\/perfettohome.sk\/hu\/wp-json\/wp\/v2\/product_brand?post=15602"},{"taxonomy":"product_cat","embeddable":true,"href":"https:\/\/perfettohome.sk\/hu\/wp-json\/wp\/v2\/product_cat?post=15602"},{"taxonomy":"product_tag","embeddable":true,"href":"https:\/\/perfettohome.sk\/hu\/wp-json\/wp\/v2\/product_tag?post=15602"}],"curies":[{"name":"wp","href":"https:\/\/api.w.org\/{rel}","templated":true}]}}