{"id":15622,"date":"2025-04-09T12:05:19","date_gmt":"2025-04-09T10:05:19","guid":{"rendered":"https:\/\/perfettohome.sk\/produkt\/dove-sampon-hosszu-es-ragyogo-400ml\/"},"modified":"2025-12-13T23:35:24","modified_gmt":"2025-12-13T22:35:24","slug":"dove-sampon-hosszu-es-ragyogo-400ml","status":"publish","type":"product","link":"https:\/\/perfettohome.sk\/hu\/produkt\/dove-sampon-hosszu-es-ragyogo-400ml\/","title":{"rendered":"Dove sampon &#8211; Long and Radiant 400ml"},"content":{"rendered":"<p>A Dove Long &amp; Radiant sampont kifejezetten hossz\u00fa \u00e9s f\u00e9nytelen hajra tervezt\u00e9k. Egyed\u00fcl\u00e1ll\u00f3 Bio Restore komplexe m\u00e9lyen t\u00e1pl\u00e1lja \u00e9s er\u0151s\u00edti a hajat a t\u00f6v\u00e9t\u0151l a v\u00e9g\u00e9ig, ak\u00e1r t\u00edzszer er\u0151sebb\u00e9 t\u00e9ve azt. Rendszeres haszn\u00e1lat\u00e1val a haj eg\u00e9szs\u00e9gesebbnek \u00e9s ragyog\u00f3bbnak t\u0171nik. Veg\u00e1n formul\u00e1ja \u00e9s 100%-ban \u00fajrahasznos\u00edtott m\u0171anyagb\u00f3l k\u00e9sz\u00fclt csomagol\u00e1sa k\u00f6rnyezetbar\u00e1t.   <\/p>\n<p>Bio Restore Complex: M\u00e9lyen t\u00e1pl\u00e1lja \u00e9s er\u0151s\u00edti a hajat.<\/p>\n<p>T\u00edzszer er\u0151sebb haj: cs\u00f6kkenti a t\u00f6redez\u00e9st \u00e9s er\u0151s\u00edti a sz\u00e1lakat.<\/p>\n<p>Veg\u00e1n recept: nem tartalmaz \u00e1llati eredet\u0171 \u00f6sszetev\u0151ket.<\/p>\n<p>K\u00f6rnyezetbar\u00e1t csomagol\u00e1s: 100%-ban \u00fajrahasznos\u00edtott m\u0171anyagb\u00f3l k\u00e9sz\u00fclt palack.<\/p>\n<p>Csomagol\u00e1s: 400 ml<\/p>\n","protected":false},"excerpt":{"rendered":"<p>A Dove Long &amp; Radiant sampont kifejezetten hossz\u00fa \u00e9s f\u00e9nytelen hajra tervezt\u00e9k. Egyed\u00fcl\u00e1ll\u00f3 Bio Restore komplexe m\u00e9lyen t\u00e1pl\u00e1lja \u00e9s er\u0151s\u00edti a hajat a t\u00f6v\u00e9t\u0151l a v\u00e9g\u00e9ig, ak\u00e1r t\u00edzszer er\u0151sebb\u00e9 t\u00e9ve azt. Rendszeres haszn\u00e1lat\u00e1val a haj eg\u00e9szs\u00e9gesebbnek \u00e9s ragyog\u00f3bbnak t\u0171nik. Veg\u00e1n formul\u00e1ja \u00e9s 100%-ban \u00fajrahasznos\u00edtott m\u0171anyagb\u00f3l k\u00e9sz\u00fclt csomagol\u00e1sa k\u00f6rnyezetbar\u00e1t. Bio Restore Complex: M\u00e9lyen t\u00e1pl\u00e1lja \u00e9s er\u0151s\u00edti [&hellip;]<\/p>\n","protected":false},"featured_media":15624,"template":"","meta":[],"product_brand":[197],"product_cat":[300],"product_tag":[],"class_list":{"0":"post-15622","1":"product","2":"type-product","3":"status-publish","4":"has-post-thumbnail","6":"product_brand-dove","7":"product_cat-hajapolas","9":"first","10":"instock","11":"taxable","12":"shipping-taxable","13":"purchasable","14":"product-type-simple"},"_links":{"self":[{"href":"https:\/\/perfettohome.sk\/hu\/wp-json\/wp\/v2\/product\/15622","targetHints":{"allow":["GET"]}}],"collection":[{"href":"https:\/\/perfettohome.sk\/hu\/wp-json\/wp\/v2\/product"}],"about":[{"href":"https:\/\/perfettohome.sk\/hu\/wp-json\/wp\/v2\/types\/product"}],"wp:featuredmedia":[{"embeddable":true,"href":"https:\/\/perfettohome.sk\/hu\/wp-json\/wp\/v2\/media\/15624"}],"wp:attachment":[{"href":"https:\/\/perfettohome.sk\/hu\/wp-json\/wp\/v2\/media?parent=15622"}],"wp:term":[{"taxonomy":"product_brand","embeddable":true,"href":"https:\/\/perfettohome.sk\/hu\/wp-json\/wp\/v2\/product_brand?post=15622"},{"taxonomy":"product_cat","embeddable":true,"href":"https:\/\/perfettohome.sk\/hu\/wp-json\/wp\/v2\/product_cat?post=15622"},{"taxonomy":"product_tag","embeddable":true,"href":"https:\/\/perfettohome.sk\/hu\/wp-json\/wp\/v2\/product_tag?post=15622"}],"curies":[{"name":"wp","href":"https:\/\/api.w.org\/{rel}","templated":true}]}}