{"id":15635,"date":"2025-04-09T11:48:29","date_gmt":"2025-04-09T09:48:29","guid":{"rendered":"https:\/\/perfettohome.sk\/produkt\/lactacyd-intim-gel-sensitive-300ml\/"},"modified":"2025-04-09T11:48:29","modified_gmt":"2025-04-09T09:48:29","slug":"lactacyd-intim-gel-sensitive-300ml","status":"publish","type":"product","link":"https:\/\/perfettohome.sk\/hu\/produkt\/lactacyd-intim-gel-sensitive-300ml\/","title":{"rendered":"Lactacyd Intim Gel &#8211; Sensitive 300ml"},"content":{"rendered":"<p>A Lactacyd Sensitive Intim mosakod\u00f3 g\u00e9lt kifejezetten \u00e9rz\u00e9keny b\u0151r\u0171 n\u0151k sz\u00e1m\u00e1ra fejlesztett\u00e9k ki, akiknek gyeng\u00e9d, de hat\u00e9kony tiszt\u00edt\u00e1sra van sz\u00fcks\u00e9g\u00fck az intim ter\u00fclet\u00fck\u00f6n. Szappanmentes formul\u00e1ja term\u00e9szetes tejsavat \u00e9s gyapotkivonatot tartalmaz, hogy seg\u00edtsen fenntartani az intim ter\u00fclet term\u00e9szetes pH-egyens\u00faly\u00e1t \u00e9s minimaliz\u00e1lja a kellemetlens\u00e9geket. Az illatanyagmentes formula cs\u00f6kkenti az allergi\u00e1s reakci\u00f3k kock\u00e1zat\u00e1t, \u00edgy mindennapos haszn\u00e1latra is alkalmas.  <\/p>\n<p>Term\u00e9szetes tejsav \u00e9s gyapotkivonat: Seg\u00edt fenntartani az intim testr\u00e9szek term\u00e9szetes pH-egyens\u00faly\u00e1t \u00e9s immunit\u00e1s\u00e1t.<\/p>\n<p>Szappan- \u00e9s illatanyagmentes: gyeng\u00e9d tiszt\u00edt\u00e1st biztos\u00edt, minimaliz\u00e1lva az irrit\u00e1ci\u00f3 \u00e9s az allergi\u00e1s reakci\u00f3k kock\u00e1zat\u00e1t.<\/p>\n<p>Extra gyeng\u00e9d tiszt\u00edt\u00e1s: ide\u00e1lis az irrit\u00e1ci\u00f3ra hajlamos, \u00e9rz\u00e9keny b\u0151r\u0171ek sz\u00e1m\u00e1ra.<\/p>\n<p>Napi haszn\u00e1latra alkalmas: a gyeng\u00e9d formula lehet\u0151v\u00e9 teszi a mindennapi haszn\u00e1latot.<\/p>\n<p>Csomagol\u00e1s: 300 ml<\/p>\n","protected":false},"excerpt":{"rendered":"<p>A Lactacyd Sensitive Intim mosakod\u00f3 g\u00e9lt kifejezetten \u00e9rz\u00e9keny b\u0151r\u0171 n\u0151k sz\u00e1m\u00e1ra fejlesztett\u00e9k ki, akiknek gyeng\u00e9d, de hat\u00e9kony tiszt\u00edt\u00e1sra van sz\u00fcks\u00e9g\u00fck az intim ter\u00fclet\u00fck\u00f6n. Szappanmentes formul\u00e1ja term\u00e9szetes tejsavat \u00e9s gyapotkivonatot tartalmaz, hogy seg\u00edtsen fenntartani az intim ter\u00fclet term\u00e9szetes pH-egyens\u00faly\u00e1t \u00e9s minimaliz\u00e1lja a kellemetlens\u00e9geket. Az illatanyagmentes formula cs\u00f6kkenti az allergi\u00e1s reakci\u00f3k kock\u00e1zat\u00e1t, \u00edgy mindennapos haszn\u00e1latra is alkalmas. [&hellip;]<\/p>\n","protected":false},"featured_media":15637,"template":"","meta":[],"product_brand":[214],"product_cat":[304],"product_tag":[],"class_list":{"0":"post-15635","1":"product","2":"type-product","3":"status-publish","4":"has-post-thumbnail","6":"product_brand-lactacyd","7":"product_cat-intim-higienia","9":"first","10":"instock","11":"taxable","12":"shipping-taxable","13":"purchasable","14":"product-type-simple"},"_links":{"self":[{"href":"https:\/\/perfettohome.sk\/hu\/wp-json\/wp\/v2\/product\/15635","targetHints":{"allow":["GET"]}}],"collection":[{"href":"https:\/\/perfettohome.sk\/hu\/wp-json\/wp\/v2\/product"}],"about":[{"href":"https:\/\/perfettohome.sk\/hu\/wp-json\/wp\/v2\/types\/product"}],"wp:featuredmedia":[{"embeddable":true,"href":"https:\/\/perfettohome.sk\/hu\/wp-json\/wp\/v2\/media\/15637"}],"wp:attachment":[{"href":"https:\/\/perfettohome.sk\/hu\/wp-json\/wp\/v2\/media?parent=15635"}],"wp:term":[{"taxonomy":"product_brand","embeddable":true,"href":"https:\/\/perfettohome.sk\/hu\/wp-json\/wp\/v2\/product_brand?post=15635"},{"taxonomy":"product_cat","embeddable":true,"href":"https:\/\/perfettohome.sk\/hu\/wp-json\/wp\/v2\/product_cat?post=15635"},{"taxonomy":"product_tag","embeddable":true,"href":"https:\/\/perfettohome.sk\/hu\/wp-json\/wp\/v2\/product_tag?post=15635"}],"curies":[{"name":"wp","href":"https:\/\/api.w.org\/{rel}","templated":true}]}}