{"id":15648,"date":"2025-04-09T11:45:08","date_gmt":"2025-04-09T09:45:08","guid":{"rendered":"https:\/\/perfettohome.sk\/produkt\/nivea-roll-on-ferfi-fresh-power-50ml\/"},"modified":"2025-04-09T11:45:08","modified_gmt":"2025-04-09T09:45:08","slug":"nivea-roll-on-ferfi-fresh-power-50ml","status":"publish","type":"product","link":"https:\/\/perfettohome.sk\/hu\/produkt\/nivea-roll-on-ferfi-fresh-power-50ml\/","title":{"rendered":"Nivea roll-on f\u00e9rfi &#8211; Fresh Power 50ml"},"content":{"rendered":"<p>A Nivea Men Fresh Fresh Power Ball dezodor megb\u00edzhat\u00f3 v\u00e9delmet ny\u00fajt az izzad\u00e1s \u00e9s a kellemetlen szagok ellen ak\u00e1r 48 \u00f3r\u00e1n kereszt\u00fcl. Er\u0151s, f\u00e9rfias illata hosszantart\u00f3 frissess\u00e9get biztos\u00edt, mik\u00f6zben gyeng\u00e9d a b\u0151rh\u00f6z. Alkoholmentes \u00e9s b\u0151rgy\u00f3gy\u00e1szatilag tesztelt, mindennapi haszn\u00e1latra alkalmas.  <\/p>\n<p>48 \u00f3r\u00e1s v\u00e9delem: megb\u00edzhat\u00f3an v\u00e9d az izzad\u00e1s \u00e9s a testszag ellen.<\/p>\n<p>Er\u0151s, f\u00e9rfias illat: hosszan tart\u00f3 frissess\u00e9get biztos\u00edt.<\/p>\n<p>Gyeng\u00e9d formula: alkoholmentes \u00e9s b\u0151rgy\u00f3gy\u00e1szatilag tesztelt.<\/p>\n<p>Csomagol\u00e1s: 50 ml<\/p>\n","protected":false},"excerpt":{"rendered":"<p>A Nivea Men Fresh Fresh Power Ball dezodor megb\u00edzhat\u00f3 v\u00e9delmet ny\u00fajt az izzad\u00e1s \u00e9s a kellemetlen szagok ellen ak\u00e1r 48 \u00f3r\u00e1n kereszt\u00fcl. Er\u0151s, f\u00e9rfias illata hosszantart\u00f3 frissess\u00e9get biztos\u00edt, mik\u00f6zben gyeng\u00e9d a b\u0151rh\u00f6z. Alkoholmentes \u00e9s b\u0151rgy\u00f3gy\u00e1szatilag tesztelt, mindennapi haszn\u00e1latra alkalmas. 48 \u00f3r\u00e1s v\u00e9delem: megb\u00edzhat\u00f3an v\u00e9d az izzad\u00e1s \u00e9s a testszag ellen. Er\u0151s, f\u00e9rfias illat: hosszan tart\u00f3 [&hellip;]<\/p>\n","protected":false},"featured_media":15649,"template":"","meta":[],"product_brand":[201],"product_cat":[294],"product_tag":[],"class_list":{"0":"post-15648","1":"product","2":"type-product","3":"status-publish","4":"has-post-thumbnail","6":"product_brand-nivea","7":"product_cat-dezodorok","9":"first","10":"instock","11":"taxable","12":"shipping-taxable","13":"purchasable","14":"product-type-simple"},"_links":{"self":[{"href":"https:\/\/perfettohome.sk\/hu\/wp-json\/wp\/v2\/product\/15648","targetHints":{"allow":["GET"]}}],"collection":[{"href":"https:\/\/perfettohome.sk\/hu\/wp-json\/wp\/v2\/product"}],"about":[{"href":"https:\/\/perfettohome.sk\/hu\/wp-json\/wp\/v2\/types\/product"}],"wp:featuredmedia":[{"embeddable":true,"href":"https:\/\/perfettohome.sk\/hu\/wp-json\/wp\/v2\/media\/15649"}],"wp:attachment":[{"href":"https:\/\/perfettohome.sk\/hu\/wp-json\/wp\/v2\/media?parent=15648"}],"wp:term":[{"taxonomy":"product_brand","embeddable":true,"href":"https:\/\/perfettohome.sk\/hu\/wp-json\/wp\/v2\/product_brand?post=15648"},{"taxonomy":"product_cat","embeddable":true,"href":"https:\/\/perfettohome.sk\/hu\/wp-json\/wp\/v2\/product_cat?post=15648"},{"taxonomy":"product_tag","embeddable":true,"href":"https:\/\/perfettohome.sk\/hu\/wp-json\/wp\/v2\/product_tag?post=15648"}],"curies":[{"name":"wp","href":"https:\/\/api.w.org\/{rel}","templated":true}]}}