{"id":15659,"date":"2025-05-28T12:11:54","date_gmt":"2025-05-28T10:11:54","guid":{"rendered":"https:\/\/perfettohome.sk\/produkt\/taft-hajlakk-powerful-age-5-250ml\/"},"modified":"2025-05-28T12:11:54","modified_gmt":"2025-05-28T10:11:54","slug":"taft-hajlakk-powerful-age-5-250ml","status":"publish","type":"product","link":"https:\/\/perfettohome.sk\/hu\/produkt\/taft-hajlakk-powerful-age-5-250ml\/","title":{"rendered":"Taft hajlakk &#8211; Powerful Age 5 250ml"},"content":{"rendered":"<p data-start=\"167\" data-end=\"460\">A Taft Hajlakk Powerful Age 5 (250 ml) extra er\u0151s r\u00f6gz\u00edt\u00e9st biztos\u00edt, \u00e9s volument ad a v\u00e9kony sz\u00e1l\u00fa \u00e9s ritkul\u00f3 hajnak. Keratint tartalmaz\u00f3 formul\u00e1ja er\u0151s\u00edti a hajat, er\u0151sebb\u00e9 \u00e9s teltebb\u00e9 teszi azt. Ez a hajlakk v\u00e9di a hajat a nedvess\u00e9gt\u0151l, a sz\u00e9lt\u0151l \u00e9s az UV-sugarakt\u00f3l is, mik\u00f6zben nem ragad \u00e9s k\u00f6nnyen kif\u00e9s\u00fclhet\u0151.  <\/p>\n<p data-start=\"462\" data-end=\"475\"><strong data-start=\"462\" data-end=\"475\">Alkalmaz\u00e1s:<\/strong><\/p>\n<p data-start=\"477\" data-end=\"642\">20-30 cm t\u00e1vols\u00e1gb\u00f3l vigye fel a sz\u00e1raz hajra. A nagyobb volumen \u00e9rdek\u00e9ben f\u00fajja k\u00f6zvetlen\u00fcl a hajt\u00f6vekre. Haszn\u00e1lja sz\u00fcks\u00e9g szerint az er\u0151s tart\u00e1s \u00e9s a hosszan tart\u00f3 volumen \u00e9rdek\u00e9ben.  <\/p>\n","protected":false},"excerpt":{"rendered":"<p>A Taft Hajlakk Powerful Age 5 (250 ml) extra er\u0151s r\u00f6gz\u00edt\u00e9st biztos\u00edt, \u00e9s volument ad a v\u00e9kony sz\u00e1l\u00fa \u00e9s ritkul\u00f3 hajnak. Keratint tartalmaz\u00f3 formul\u00e1ja er\u0151s\u00edti a hajat, er\u0151sebb\u00e9 \u00e9s teltebb\u00e9 teszi azt. Ez a hajlakk v\u00e9di a hajat a nedvess\u00e9gt\u0151l, a sz\u00e9lt\u0151l \u00e9s az UV-sugarakt\u00f3l is, mik\u00f6zben nem ragad \u00e9s k\u00f6nnyen kif\u00e9s\u00fclhet\u0151. Alkalmaz\u00e1s: 20-30 cm [&hellip;]<\/p>\n","protected":false},"featured_media":15660,"template":"","meta":[],"product_brand":[215],"product_cat":[300],"product_tag":[],"class_list":{"0":"post-15659","1":"product","2":"type-product","3":"status-publish","4":"has-post-thumbnail","6":"product_brand-taft","7":"product_cat-hajapolas","9":"first","10":"instock","11":"taxable","12":"shipping-taxable","13":"purchasable","14":"product-type-simple"},"_links":{"self":[{"href":"https:\/\/perfettohome.sk\/hu\/wp-json\/wp\/v2\/product\/15659","targetHints":{"allow":["GET"]}}],"collection":[{"href":"https:\/\/perfettohome.sk\/hu\/wp-json\/wp\/v2\/product"}],"about":[{"href":"https:\/\/perfettohome.sk\/hu\/wp-json\/wp\/v2\/types\/product"}],"wp:featuredmedia":[{"embeddable":true,"href":"https:\/\/perfettohome.sk\/hu\/wp-json\/wp\/v2\/media\/15660"}],"wp:attachment":[{"href":"https:\/\/perfettohome.sk\/hu\/wp-json\/wp\/v2\/media?parent=15659"}],"wp:term":[{"taxonomy":"product_brand","embeddable":true,"href":"https:\/\/perfettohome.sk\/hu\/wp-json\/wp\/v2\/product_brand?post=15659"},{"taxonomy":"product_cat","embeddable":true,"href":"https:\/\/perfettohome.sk\/hu\/wp-json\/wp\/v2\/product_cat?post=15659"},{"taxonomy":"product_tag","embeddable":true,"href":"https:\/\/perfettohome.sk\/hu\/wp-json\/wp\/v2\/product_tag?post=15659"}],"curies":[{"name":"wp","href":"https:\/\/api.w.org\/{rel}","templated":true}]}}