{"id":15661,"date":"2025-06-06T10:10:59","date_gmt":"2025-06-06T08:10:59","guid":{"rendered":"https:\/\/perfettohome.sk\/produkt\/ariel-mosopor-szines-11kg\/"},"modified":"2026-01-13T13:27:48","modified_gmt":"2026-01-13T12:27:48","slug":"ariel-mosopor-szines-11kg","status":"publish","type":"product","link":"https:\/\/perfettohome.sk\/hu\/produkt\/ariel-mosopor-szines-11kg\/","title":{"rendered":"Ariel mos\u00f3por &#8211; sz\u00ednes 1,1kg"},"content":{"rendered":"<p data-start=\"147\" data-end=\"371\"><strong data-start=\"182\" data-end=\"197\">Az Ariel Color<\/strong> mos\u00f3port a sz\u00ednes ruh\u00e1k k\u00edm\u00e9letes \u00e9s hat\u00e9kony mos\u00e1s\u00e1ra fejlesztett\u00e9k ki. Alacsony h\u0151m\u00e9rs\u00e9kleten is megb\u00edzhat\u00f3an elt\u00e1vol\u00edtja a foltokat, mik\u00f6zben meg\u00f3vja a sz\u00ednintenzit\u00e1st a kifakul\u00e1st\u00f3l. <\/p>\n<p data-start=\"373\" data-end=\"511\"><strong data-start=\"373\" data-end=\"386\">Haszn\u00e1lat:<\/strong><br data-start=\"386\" data-end=\"389\">Az aj\u00e1nlott adagol\u00e1s a szennyezetts\u00e9g m\u00e9rt\u00e9k\u00e9t\u0151l \u00e9s a v\u00edz kem\u00e9nys\u00e9g\u00e9t\u0151l f\u00fcgg. Alkalmas automata mos\u00f3g\u00e9pes \u00e9s k\u00e9zi mos\u00e1shoz. <\/p>\n<p data-start=\"513\" data-end=\"526\"><strong data-start=\"513\" data-end=\"524\">El\u0151ny\u00f6k:<\/strong><\/p>\n<ul data-start=\"527\" data-end=\"656\">\n<li data-start=\"527\" data-end=\"555\">\n<p data-start=\"529\" data-end=\"555\">Hat\u00e9kony foltelt\u00e1vol\u00edt\u00e1s<\/p>\n<\/li>\n<li data-start=\"556\" data-end=\"591\">\n<p data-start=\"558\" data-end=\"591\">Sz\u00ednv\u00e9delem minden mos\u00e1ssal<\/p>\n<\/li>\n<li data-start=\"592\" data-end=\"607\">\n<p data-start=\"594\" data-end=\"607\">Friss illat<\/p>\n<\/li>\n<li data-start=\"608\" data-end=\"656\">\n<p data-start=\"610\" data-end=\"656\">Megb\u00edzhat\u00f3 eredm\u00e9ny m\u00e9g alacsonyabb h\u0151m\u00e9rs\u00e9kleten is<\/p>\n<\/li>\n<\/ul>\n<p data-start=\"658\" data-end=\"709\"><strong data-start=\"658\" data-end=\"671\">S\u00faly:<\/strong> 1,1 kg<br data-start=\"678\" data-end=\"681\"><strong data-start=\"681\" data-end=\"689\">T\u00edpus:<\/strong> sz\u00ednes ruh\u00e1khoz.<\/p>\n","protected":false},"excerpt":{"rendered":"<p>Az Ariel Color mos\u00f3port a sz\u00ednes ruh\u00e1k k\u00edm\u00e9letes \u00e9s hat\u00e9kony mos\u00e1s\u00e1ra fejlesztett\u00e9k ki. Alacsony h\u0151m\u00e9rs\u00e9kleten is megb\u00edzhat\u00f3an elt\u00e1vol\u00edtja a foltokat, mik\u00f6zben meg\u00f3vja a sz\u00ednintenzit\u00e1st a kifakul\u00e1st\u00f3l. Haszn\u00e1lat:Az aj\u00e1nlott adagol\u00e1s a szennyezetts\u00e9g m\u00e9rt\u00e9k\u00e9t\u0151l \u00e9s a v\u00edz kem\u00e9nys\u00e9g\u00e9t\u0151l f\u00fcgg. Alkalmas automata mos\u00f3g\u00e9pes \u00e9s k\u00e9zi mos\u00e1shoz. El\u0151ny\u00f6k: Hat\u00e9kony foltelt\u00e1vol\u00edt\u00e1s Sz\u00ednv\u00e9delem minden mos\u00e1ssal Friss illat Megb\u00edzhat\u00f3 eredm\u00e9ny m\u00e9g alacsonyabb [&hellip;]<\/p>\n","protected":false},"featured_media":15663,"template":"","meta":[],"product_brand":[239],"product_cat":[313],"product_tag":[],"class_list":{"0":"post-15661","1":"product","2":"type-product","3":"status-publish","4":"has-post-thumbnail","6":"product_brand-ariel","7":"product_cat-ariel-hu","9":"first","10":"outofstock","11":"taxable","12":"shipping-taxable","13":"purchasable","14":"product-type-simple"},"_links":{"self":[{"href":"https:\/\/perfettohome.sk\/hu\/wp-json\/wp\/v2\/product\/15661","targetHints":{"allow":["GET"]}}],"collection":[{"href":"https:\/\/perfettohome.sk\/hu\/wp-json\/wp\/v2\/product"}],"about":[{"href":"https:\/\/perfettohome.sk\/hu\/wp-json\/wp\/v2\/types\/product"}],"wp:featuredmedia":[{"embeddable":true,"href":"https:\/\/perfettohome.sk\/hu\/wp-json\/wp\/v2\/media\/15663"}],"wp:attachment":[{"href":"https:\/\/perfettohome.sk\/hu\/wp-json\/wp\/v2\/media?parent=15661"}],"wp:term":[{"taxonomy":"product_brand","embeddable":true,"href":"https:\/\/perfettohome.sk\/hu\/wp-json\/wp\/v2\/product_brand?post=15661"},{"taxonomy":"product_cat","embeddable":true,"href":"https:\/\/perfettohome.sk\/hu\/wp-json\/wp\/v2\/product_cat?post=15661"},{"taxonomy":"product_tag","embeddable":true,"href":"https:\/\/perfettohome.sk\/hu\/wp-json\/wp\/v2\/product_tag?post=15661"}],"curies":[{"name":"wp","href":"https:\/\/api.w.org\/{rel}","templated":true}]}}