{"id":15674,"date":"2025-05-28T12:11:50","date_gmt":"2025-05-28T10:11:50","guid":{"rendered":"https:\/\/perfettohome.sk\/produkt\/taft-hajlakk-classic-3-250ml\/"},"modified":"2025-05-28T12:11:50","modified_gmt":"2025-05-28T10:11:50","slug":"taft-hajlakk-classic-3-250ml","status":"publish","type":"product","link":"https:\/\/perfettohome.sk\/hu\/produkt\/taft-hajlakk-classic-3-250ml\/","title":{"rendered":"Taft hajlakk &#8211; Classic 3 250ml"},"content":{"rendered":"<p data-start=\"162\" data-end=\"475\">A Taft Classic 3 hajlakk (250 ml) k\u00f6zepes tart\u00e1st biztos\u00edt, amely ak\u00e1r 24 \u00f3r\u00e1n kereszt\u00fcl a hely\u00e9n tartja a hajat. Formul\u00e1ja megv\u00e9di a hajat a nedvess\u00e9gt\u0151l \u00e9s a sz\u00e9lt\u0151l, mik\u00f6zben nem hagy ragacsos \u00e9rzetet, \u00e9s k\u00f6nnyen kif\u00e9s\u00fclhet\u0151. Ez a hajlakk ide\u00e1lis norm\u00e1l hajra, term\u00e9szetes megjelen\u00e9st \u00e9s hosszantart\u00f3 tart\u00e1st biztos\u00edt.  <\/p>\n<p data-start=\"477\" data-end=\"490\"><strong data-start=\"477\" data-end=\"490\">Alkalmaz\u00e1s:<\/strong><\/p>\n<p data-start=\"492\" data-end=\"719\">Haszn\u00e1lat el\u0151tt alaposan r\u00e1zza fel. K\u00f6r\u00fclbel\u00fcl 30 cm t\u00e1vols\u00e1gb\u00f3l f\u00fajja a sz\u00e1raz hajra. Az intenz\u00edvebb tart\u00e1s \u00e9rdek\u00e9ben vigye fel az egyes sz\u00e1lakra. Ne feledje, hogy a tart\u00e1lyt f\u00fcgg\u0151legesen tartsa, \u00e9s ker\u00fclje a szemmel val\u00f3 \u00e9rintkez\u00e9st.   <\/p>\n","protected":false},"excerpt":{"rendered":"<p>A Taft Classic 3 hajlakk (250 ml) k\u00f6zepes tart\u00e1st biztos\u00edt, amely ak\u00e1r 24 \u00f3r\u00e1n kereszt\u00fcl a hely\u00e9n tartja a hajat. Formul\u00e1ja megv\u00e9di a hajat a nedvess\u00e9gt\u0151l \u00e9s a sz\u00e9lt\u0151l, mik\u00f6zben nem hagy ragacsos \u00e9rzetet, \u00e9s k\u00f6nnyen kif\u00e9s\u00fclhet\u0151. Ez a hajlakk ide\u00e1lis norm\u00e1l hajra, term\u00e9szetes megjelen\u00e9st \u00e9s hosszantart\u00f3 tart\u00e1st biztos\u00edt. Alkalmaz\u00e1s: Haszn\u00e1lat el\u0151tt alaposan r\u00e1zza fel. [&hellip;]<\/p>\n","protected":false},"featured_media":15676,"template":"","meta":[],"product_brand":[215],"product_cat":[300],"product_tag":[],"class_list":{"0":"post-15674","1":"product","2":"type-product","3":"status-publish","4":"has-post-thumbnail","6":"product_brand-taft","7":"product_cat-hajapolas","9":"first","10":"instock","11":"taxable","12":"shipping-taxable","13":"purchasable","14":"product-type-simple"},"_links":{"self":[{"href":"https:\/\/perfettohome.sk\/hu\/wp-json\/wp\/v2\/product\/15674","targetHints":{"allow":["GET"]}}],"collection":[{"href":"https:\/\/perfettohome.sk\/hu\/wp-json\/wp\/v2\/product"}],"about":[{"href":"https:\/\/perfettohome.sk\/hu\/wp-json\/wp\/v2\/types\/product"}],"wp:featuredmedia":[{"embeddable":true,"href":"https:\/\/perfettohome.sk\/hu\/wp-json\/wp\/v2\/media\/15676"}],"wp:attachment":[{"href":"https:\/\/perfettohome.sk\/hu\/wp-json\/wp\/v2\/media?parent=15674"}],"wp:term":[{"taxonomy":"product_brand","embeddable":true,"href":"https:\/\/perfettohome.sk\/hu\/wp-json\/wp\/v2\/product_brand?post=15674"},{"taxonomy":"product_cat","embeddable":true,"href":"https:\/\/perfettohome.sk\/hu\/wp-json\/wp\/v2\/product_cat?post=15674"},{"taxonomy":"product_tag","embeddable":true,"href":"https:\/\/perfettohome.sk\/hu\/wp-json\/wp\/v2\/product_tag?post=15674"}],"curies":[{"name":"wp","href":"https:\/\/api.w.org\/{rel}","templated":true}]}}