{"id":15703,"date":"2025-04-15T15:44:51","date_gmt":"2025-04-15T13:44:51","guid":{"rendered":"https:\/\/perfettohome.sk\/produkt\/rexona-izzadasgatlo-150ml-aloe-vera-illat\/"},"modified":"2025-04-15T15:44:51","modified_gmt":"2025-04-15T13:44:51","slug":"rexona-izzadasgatlo-150ml-aloe-vera-illat","status":"publish","type":"product","link":"https:\/\/perfettohome.sk\/hu\/produkt\/rexona-izzadasgatlo-150ml-aloe-vera-illat\/","title":{"rendered":"Rexona izzad\u00e1sg\u00e1tl\u00f3 150ml &#8211; Aloe Vera Illat"},"content":{"rendered":"<p>A Rexona Aloe Vera Scent n\u0151i izzad\u00e1sg\u00e1tl\u00f3 spray 150 ml hosszantart\u00f3 v\u00e9delmet ny\u00fajt az izzad\u00e1s \u00e9s a testszag ellen. A MotionSense\u2122 technol\u00f3gi\u00e1nak k\u00f6sz\u00f6nhet\u0151en minden mozdulatn\u00e1l biztos\u00edtja a frissess\u00e9get, mivel a mikrokapszul\u00e1k mozg\u00e1s k\u00f6zben aktiv\u00e1l\u00f3dnak. A nyugtat\u00f3 aloe vera illat eg\u00e9sz nap kellemes illatot biztos\u00edt.  <\/p>\n<p>Hosszan tart\u00f3 v\u00e9delem: Izzad\u00e1sg\u00e1tl\u00f3 hat\u00e1s: ak\u00e1r 48 \u00f3r\u00e1n \u00e1t.<\/p>\n<p>MotionSense\u2122 technol\u00f3gia: frissess\u00e9g minden mozdulattal.<\/p>\n<p>Nyugtat\u00f3 aloe vera illat: kellemes illat eg\u00e9sz nap.<\/p>\n<p>T\u00e9rfogat: 150 ml<\/p>\n","protected":false},"excerpt":{"rendered":"<p>A Rexona Aloe Vera Scent n\u0151i izzad\u00e1sg\u00e1tl\u00f3 spray 150 ml hosszantart\u00f3 v\u00e9delmet ny\u00fajt az izzad\u00e1s \u00e9s a testszag ellen. A MotionSense\u2122 technol\u00f3gi\u00e1nak k\u00f6sz\u00f6nhet\u0151en minden mozdulatn\u00e1l biztos\u00edtja a frissess\u00e9get, mivel a mikrokapszul\u00e1k mozg\u00e1s k\u00f6zben aktiv\u00e1l\u00f3dnak. A nyugtat\u00f3 aloe vera illat eg\u00e9sz nap kellemes illatot biztos\u00edt. Hosszan tart\u00f3 v\u00e9delem: Izzad\u00e1sg\u00e1tl\u00f3 hat\u00e1s: ak\u00e1r 48 \u00f3r\u00e1n \u00e1t. MotionSense\u2122 technol\u00f3gia: [&hellip;]<\/p>\n","protected":false},"featured_media":15704,"template":"","meta":[],"product_brand":[228],"product_cat":[294],"product_tag":[],"class_list":{"0":"post-15703","1":"product","2":"type-product","3":"status-publish","4":"has-post-thumbnail","6":"product_brand-rexona","7":"product_cat-dezodorok","9":"first","10":"instock","11":"taxable","12":"shipping-taxable","13":"purchasable","14":"product-type-simple"},"_links":{"self":[{"href":"https:\/\/perfettohome.sk\/hu\/wp-json\/wp\/v2\/product\/15703","targetHints":{"allow":["GET"]}}],"collection":[{"href":"https:\/\/perfettohome.sk\/hu\/wp-json\/wp\/v2\/product"}],"about":[{"href":"https:\/\/perfettohome.sk\/hu\/wp-json\/wp\/v2\/types\/product"}],"wp:featuredmedia":[{"embeddable":true,"href":"https:\/\/perfettohome.sk\/hu\/wp-json\/wp\/v2\/media\/15704"}],"wp:attachment":[{"href":"https:\/\/perfettohome.sk\/hu\/wp-json\/wp\/v2\/media?parent=15703"}],"wp:term":[{"taxonomy":"product_brand","embeddable":true,"href":"https:\/\/perfettohome.sk\/hu\/wp-json\/wp\/v2\/product_brand?post=15703"},{"taxonomy":"product_cat","embeddable":true,"href":"https:\/\/perfettohome.sk\/hu\/wp-json\/wp\/v2\/product_cat?post=15703"},{"taxonomy":"product_tag","embeddable":true,"href":"https:\/\/perfettohome.sk\/hu\/wp-json\/wp\/v2\/product_tag?post=15703"}],"curies":[{"name":"wp","href":"https:\/\/api.w.org\/{rel}","templated":true}]}}