{"id":15709,"date":"2025-04-15T15:25:47","date_gmt":"2025-04-15T13:25:47","guid":{"rendered":"https:\/\/perfettohome.sk\/produkt\/palmolive-folyekony-szappan-utantolto-mandulatej-500ml\/"},"modified":"2025-12-14T11:04:07","modified_gmt":"2025-12-14T10:04:07","slug":"palmolive-folyekony-szappan-utantolto-mandulatej-500ml","status":"publish","type":"product","link":"https:\/\/perfettohome.sk\/hu\/produkt\/palmolive-folyekony-szappan-utantolto-mandulatej-500ml\/","title":{"rendered":"Palmolive foly\u00e9kony szappan ut\u00e1nt\u00f6lt\u0151 &#8211; Almond Milk 500ml"},"content":{"rendered":"<p>A Palmolive Naturals Almond &amp; Milk egy enyhe foly\u00e9kony szappan mandulakivonattal \u00e9s hidrat\u00e1l\u00f3 tejjel, amely gyeng\u00e9den tiszt\u00edtja a k\u00e9z b\u0151r\u00e9t, \u00e9s seg\u00edt meg\u0151rizni annak term\u00e9szetes hidrat\u00e1lts\u00e1g\u00e1t. Kr\u00e9mes \u00e1llaga \u00e9s kellemes illata puh\u00e1v\u00e1 \u00e9s \u00fcd\u00e9v\u00e9 var\u00e1zsolja a kezet. <\/p>\n<p>T\u00e9rfogat: 500 ml<\/p>\n<p>\u00d6sszetev\u0151k: 96 %-ban term\u00e9szetes eredet\u0171 \u00f6sszetev\u0151k<\/p>\n<p>Jellemz\u0151k: parab\u00e9nmentes, b\u0151rgy\u00f3gy\u00e1szatilag tesztelt, pH semleges<\/p>\n<p>Csomagol\u00e1s: k\u00f6rnyezetbar\u00e1t cserepatron cs\u00f6kkentett m\u0171anyagtartalommal<\/p>\n","protected":false},"excerpt":{"rendered":"<p>A Palmolive Naturals Almond &amp; Milk egy enyhe foly\u00e9kony szappan mandulakivonattal \u00e9s hidrat\u00e1l\u00f3 tejjel, amely gyeng\u00e9den tiszt\u00edtja a k\u00e9z b\u0151r\u00e9t, \u00e9s seg\u00edt meg\u0151rizni annak term\u00e9szetes hidrat\u00e1lts\u00e1g\u00e1t. Kr\u00e9mes \u00e1llaga \u00e9s kellemes illata puh\u00e1v\u00e1 \u00e9s \u00fcd\u00e9v\u00e9 var\u00e1zsolja a kezet. T\u00e9rfogat: 500 ml \u00d6sszetev\u0151k: 96 %-ban term\u00e9szetes eredet\u0171 \u00f6sszetev\u0151k Jellemz\u0151k: parab\u00e9nmentes, b\u0151rgy\u00f3gy\u00e1szatilag tesztelt, pH semleges Csomagol\u00e1s: k\u00f6rnyezetbar\u00e1t cserepatron [&hellip;]<\/p>\n","protected":false},"featured_media":15711,"template":"","meta":[],"product_brand":[232],"product_cat":[317],"product_tag":[],"class_list":{"0":"post-15709","1":"product","2":"type-product","3":"status-publish","4":"has-post-thumbnail","6":"product_brand-palmolive","7":"product_cat-borapolas","9":"first","10":"outofstock","11":"taxable","12":"shipping-taxable","13":"purchasable","14":"product-type-simple"},"_links":{"self":[{"href":"https:\/\/perfettohome.sk\/hu\/wp-json\/wp\/v2\/product\/15709","targetHints":{"allow":["GET"]}}],"collection":[{"href":"https:\/\/perfettohome.sk\/hu\/wp-json\/wp\/v2\/product"}],"about":[{"href":"https:\/\/perfettohome.sk\/hu\/wp-json\/wp\/v2\/types\/product"}],"wp:featuredmedia":[{"embeddable":true,"href":"https:\/\/perfettohome.sk\/hu\/wp-json\/wp\/v2\/media\/15711"}],"wp:attachment":[{"href":"https:\/\/perfettohome.sk\/hu\/wp-json\/wp\/v2\/media?parent=15709"}],"wp:term":[{"taxonomy":"product_brand","embeddable":true,"href":"https:\/\/perfettohome.sk\/hu\/wp-json\/wp\/v2\/product_brand?post=15709"},{"taxonomy":"product_cat","embeddable":true,"href":"https:\/\/perfettohome.sk\/hu\/wp-json\/wp\/v2\/product_cat?post=15709"},{"taxonomy":"product_tag","embeddable":true,"href":"https:\/\/perfettohome.sk\/hu\/wp-json\/wp\/v2\/product_tag?post=15709"}],"curies":[{"name":"wp","href":"https:\/\/api.w.org\/{rel}","templated":true}]}}