{"id":15755,"date":"2025-04-15T15:09:09","date_gmt":"2025-04-15T13:09:09","guid":{"rendered":"https:\/\/perfettohome.sk\/produkt\/paletta-hajszin-2x50ml-4-88\/"},"modified":"2025-12-13T23:56:36","modified_gmt":"2025-12-13T22:56:36","slug":"paletta-hajszin-2x50ml-4-88","status":"publish","type":"product","link":"https:\/\/perfettohome.sk\/hu\/produkt\/paletta-hajszin-2x50ml-4-88\/","title":{"rendered":"Paletta hajfest\u00e9k 2x50ml 4-88"},"content":{"rendered":"<p>A Palette Intensive Color Creme 4-88 Intense Dark Red \u00e1rnyalatban intenz\u00edv \u00e9s hosszan tart\u00f3 sz\u00ednt biztos\u00edt 100%-os sz\u00fcrke fed\u00e9ssel. Foly\u00e9kony keratinnal, panthenollal \u00e9s nutri-olajjal formul\u00e1zva m\u00e9lyen behatol a hajba, er\u0151s\u00edti azt \u00e9s v\u00e9di a kifakul\u00e1st\u00f3l. Az eredm\u00e9ny f\u00e9nyes, puha \u00e9s eg\u00e9szs\u00e9ges haj, term\u00e9szetes s\u00f6t\u00e9tv\u00f6r\u00f6s \u00e1rnyalattal.  <\/p>\n<p>\u00c1rnyalat: 4-88 Intenz\u00edv s\u00f6t\u00e9tv\u00f6r\u00f6s<\/p>\n<p>Csomag tartalma: 2\u00d750 ml sz\u00ednez\u0151 kr\u00e9m<\/p>\n<p>Jellemz\u0151k: intenz\u00edv sz\u00edn, 100%-os sz\u00fcrke fed\u00e9s, hosszan tart\u00f3 f\u00e9nyess\u00e9g.<\/p>\n<p>\u00c1pol\u00e1s: Foly\u00e9kony keratint, panthenolt \u00e9s nutri-olajat tartalmaz.<\/p>\n<p>Haszn\u00e1lat: Minden hajt\u00edpusra alkalmas<\/p>\n","protected":false},"excerpt":{"rendered":"<p>A Palette Intensive Color Creme 4-88 Intense Dark Red \u00e1rnyalatban intenz\u00edv \u00e9s hosszan tart\u00f3 sz\u00ednt biztos\u00edt 100%-os sz\u00fcrke fed\u00e9ssel. Foly\u00e9kony keratinnal, panthenollal \u00e9s nutri-olajjal formul\u00e1zva m\u00e9lyen behatol a hajba, er\u0151s\u00edti azt \u00e9s v\u00e9di a kifakul\u00e1st\u00f3l. Az eredm\u00e9ny f\u00e9nyes, puha \u00e9s eg\u00e9szs\u00e9ges haj, term\u00e9szetes s\u00f6t\u00e9tv\u00f6r\u00f6s \u00e1rnyalattal. \u00c1rnyalat: 4-88 Intenz\u00edv s\u00f6t\u00e9tv\u00f6r\u00f6s Csomag tartalma: 2\u00d750 ml sz\u00ednez\u0151 kr\u00e9m [&hellip;]<\/p>\n","protected":false},"featured_media":15758,"template":"","meta":[],"product_brand":[231],"product_cat":[300],"product_tag":[],"class_list":{"0":"post-15755","1":"product","2":"type-product","3":"status-publish","4":"has-post-thumbnail","6":"product_brand-palette","7":"product_cat-hajapolas","9":"first","10":"instock","11":"taxable","12":"shipping-taxable","13":"purchasable","14":"product-type-simple"},"_links":{"self":[{"href":"https:\/\/perfettohome.sk\/hu\/wp-json\/wp\/v2\/product\/15755","targetHints":{"allow":["GET"]}}],"collection":[{"href":"https:\/\/perfettohome.sk\/hu\/wp-json\/wp\/v2\/product"}],"about":[{"href":"https:\/\/perfettohome.sk\/hu\/wp-json\/wp\/v2\/types\/product"}],"wp:featuredmedia":[{"embeddable":true,"href":"https:\/\/perfettohome.sk\/hu\/wp-json\/wp\/v2\/media\/15758"}],"wp:attachment":[{"href":"https:\/\/perfettohome.sk\/hu\/wp-json\/wp\/v2\/media?parent=15755"}],"wp:term":[{"taxonomy":"product_brand","embeddable":true,"href":"https:\/\/perfettohome.sk\/hu\/wp-json\/wp\/v2\/product_brand?post=15755"},{"taxonomy":"product_cat","embeddable":true,"href":"https:\/\/perfettohome.sk\/hu\/wp-json\/wp\/v2\/product_cat?post=15755"},{"taxonomy":"product_tag","embeddable":true,"href":"https:\/\/perfettohome.sk\/hu\/wp-json\/wp\/v2\/product_tag?post=15755"}],"curies":[{"name":"wp","href":"https:\/\/api.w.org\/{rel}","templated":true}]}}