{"id":15783,"date":"2025-04-15T13:53:57","date_gmt":"2025-04-15T11:53:57","guid":{"rendered":"https:\/\/perfettohome.sk\/produkt\/dettol-folyekony-szappan-citrus-250ml\/"},"modified":"2025-04-15T13:53:57","modified_gmt":"2025-04-15T11:53:57","slug":"dettol-folyekony-szappan-citrus-250ml","status":"publish","type":"product","link":"https:\/\/perfettohome.sk\/hu\/produkt\/dettol-folyekony-szappan-citrus-250ml\/","title":{"rendered":"Dettol foly\u00e9kony szappan &#8211; Citrus 250ml"},"content":{"rendered":"<p>Dettol foly\u00e9kony szappan adagol\u00f3val 250 ml &#8211; Citrus<\/p>\n<p>A citrus illat\u00fa Dettol foly\u00e9kony szappan hat\u00e9kony v\u00e9delmet ny\u00fajt a bakt\u00e9riumok ellen, mik\u00f6zben gyeng\u00e9d a b\u0151rh\u00f6z. Antibakteri\u00e1lis formul\u00e1ja a bakt\u00e9riumok ak\u00e1r 99,9%-\u00e1t is elpuszt\u00edtja, mik\u00f6zben hidrat\u00e1lja \u00e9s felfriss\u00edti a kezeket. A praktikus adagol\u00f3nak k\u00f6sz\u00f6nhet\u0151en haszn\u00e1lata egyszer\u0171 \u00e9s higi\u00e9nikus.  <\/p>\n<p>T\u00e9rfogat: 250 ml<\/p>\n<p>Illat: Citrus<\/p>\n<p>Tulajdons\u00e1gok: antibakteri\u00e1lis hat\u00e1s, hidrat\u00e1l\u00f3 \u00f6sszetev\u0151k, friss illat.<\/p>\n<p>Haszn\u00e1lat: Mindennapi haszn\u00e1latra \u00e9s minden b\u0151rt\u00edpusra alkalmas.<\/p>\n","protected":false},"excerpt":{"rendered":"<p>Dettol foly\u00e9kony szappan adagol\u00f3val 250 ml &#8211; Citrus A citrus illat\u00fa Dettol foly\u00e9kony szappan hat\u00e9kony v\u00e9delmet ny\u00fajt a bakt\u00e9riumok ellen, mik\u00f6zben gyeng\u00e9d a b\u0151rh\u00f6z. Antibakteri\u00e1lis formul\u00e1ja a bakt\u00e9riumok ak\u00e1r 99,9%-\u00e1t is elpuszt\u00edtja, mik\u00f6zben hidrat\u00e1lja \u00e9s felfriss\u00edti a kezeket. A praktikus adagol\u00f3nak k\u00f6sz\u00f6nhet\u0151en haszn\u00e1lata egyszer\u0171 \u00e9s higi\u00e9nikus. T\u00e9rfogat: 250 ml Illat: Citrus Tulajdons\u00e1gok: antibakteri\u00e1lis hat\u00e1s, hidrat\u00e1l\u00f3 [&hellip;]<\/p>\n","protected":false},"featured_media":15785,"template":"","meta":[],"product_brand":[234],"product_cat":[317],"product_tag":[],"class_list":{"0":"post-15783","1":"product","2":"type-product","3":"status-publish","4":"has-post-thumbnail","6":"product_brand-dettol","7":"product_cat-borapolas","9":"first","10":"outofstock","11":"taxable","12":"shipping-taxable","13":"purchasable","14":"product-type-simple"},"_links":{"self":[{"href":"https:\/\/perfettohome.sk\/hu\/wp-json\/wp\/v2\/product\/15783","targetHints":{"allow":["GET"]}}],"collection":[{"href":"https:\/\/perfettohome.sk\/hu\/wp-json\/wp\/v2\/product"}],"about":[{"href":"https:\/\/perfettohome.sk\/hu\/wp-json\/wp\/v2\/types\/product"}],"wp:featuredmedia":[{"embeddable":true,"href":"https:\/\/perfettohome.sk\/hu\/wp-json\/wp\/v2\/media\/15785"}],"wp:attachment":[{"href":"https:\/\/perfettohome.sk\/hu\/wp-json\/wp\/v2\/media?parent=15783"}],"wp:term":[{"taxonomy":"product_brand","embeddable":true,"href":"https:\/\/perfettohome.sk\/hu\/wp-json\/wp\/v2\/product_brand?post=15783"},{"taxonomy":"product_cat","embeddable":true,"href":"https:\/\/perfettohome.sk\/hu\/wp-json\/wp\/v2\/product_cat?post=15783"},{"taxonomy":"product_tag","embeddable":true,"href":"https:\/\/perfettohome.sk\/hu\/wp-json\/wp\/v2\/product_tag?post=15783"}],"curies":[{"name":"wp","href":"https:\/\/api.w.org\/{rel}","templated":true}]}}