{"id":15796,"date":"2025-04-15T13:39:59","date_gmt":"2025-04-15T11:39:59","guid":{"rendered":"https:\/\/perfettohome.sk\/produkt\/air-wick-elektromos-legfrissito-frezia-es-jazmin-19ml\/"},"modified":"2025-04-15T13:39:59","modified_gmt":"2025-04-15T11:39:59","slug":"air-wick-elektromos-legfrissito-frezia-es-jazmin-19ml","status":"publish","type":"product","link":"https:\/\/perfettohome.sk\/hu\/produkt\/air-wick-elektromos-legfrissito-frezia-es-jazmin-19ml\/","title":{"rendered":"Air Wick elektromos l\u00e9gfriss\u00edt\u0151 &#8211; fr\u00e9zia \u00e9s j\u00e1zmin 19ml"},"content":{"rendered":"<p>Az AirWick Fresia Jasmine elektronikus diff\u00fazor praktikus \u00e9s hat\u00e9kony m\u00f3dja annak, hogy kellemes illatot vigyen otthon\u00e1ba. K\u00f6nnyen haszn\u00e1lhat\u00f3 \u00e9s hosszan tart\u00f3 felfriss\u00fcl\u00e9st biztos\u00edt. A praktikus kialak\u00edt\u00e1s \u00e9s a finom illatok kellemes hangulatot teremtenek b\u00e1rmely helyis\u00e9gben.  <\/p>\n<p>V\u00e1lassza ki kedvenc illat\u00e1t, \u00e9s \u00e9lvezze a friss leveg\u0151t, amely eg\u00e9sz nap k\u00f6r\u00fclveszi. Ide\u00e1lis megold\u00e1s a folyamatos frissess\u00e9g \u00e9s a kellemes l\u00e9gk\u00f6r megteremt\u00e9s\u00e9hez otthon\u00e1ban.<\/p>\n","protected":false},"excerpt":{"rendered":"<p>Az AirWick Fresia Jasmine elektronikus diff\u00fazor praktikus \u00e9s hat\u00e9kony m\u00f3dja annak, hogy kellemes illatot vigyen otthon\u00e1ba. K\u00f6nnyen haszn\u00e1lhat\u00f3 \u00e9s hosszan tart\u00f3 felfriss\u00fcl\u00e9st biztos\u00edt. A praktikus kialak\u00edt\u00e1s \u00e9s a finom illatok kellemes hangulatot teremtenek b\u00e1rmely helyis\u00e9gben. V\u00e1lassza ki kedvenc illat\u00e1t, \u00e9s \u00e9lvezze a friss leveg\u0151t, amely eg\u00e9sz nap k\u00f6r\u00fclveszi. Ide\u00e1lis megold\u00e1s a folyamatos frissess\u00e9g \u00e9s a [&hellip;]<\/p>\n","protected":false},"featured_media":15797,"template":"","meta":[],"product_brand":[45],"product_cat":[172],"product_tag":[],"class_list":{"0":"post-15796","1":"product","2":"type-product","3":"status-publish","4":"has-post-thumbnail","6":"product_brand-airwick","7":"product_cat-elektricke-difuzery-hu","9":"first","10":"instock","11":"taxable","12":"shipping-taxable","13":"purchasable","14":"product-type-simple"},"_links":{"self":[{"href":"https:\/\/perfettohome.sk\/hu\/wp-json\/wp\/v2\/product\/15796","targetHints":{"allow":["GET"]}}],"collection":[{"href":"https:\/\/perfettohome.sk\/hu\/wp-json\/wp\/v2\/product"}],"about":[{"href":"https:\/\/perfettohome.sk\/hu\/wp-json\/wp\/v2\/types\/product"}],"wp:featuredmedia":[{"embeddable":true,"href":"https:\/\/perfettohome.sk\/hu\/wp-json\/wp\/v2\/media\/15797"}],"wp:attachment":[{"href":"https:\/\/perfettohome.sk\/hu\/wp-json\/wp\/v2\/media?parent=15796"}],"wp:term":[{"taxonomy":"product_brand","embeddable":true,"href":"https:\/\/perfettohome.sk\/hu\/wp-json\/wp\/v2\/product_brand?post=15796"},{"taxonomy":"product_cat","embeddable":true,"href":"https:\/\/perfettohome.sk\/hu\/wp-json\/wp\/v2\/product_cat?post=15796"},{"taxonomy":"product_tag","embeddable":true,"href":"https:\/\/perfettohome.sk\/hu\/wp-json\/wp\/v2\/product_tag?post=15796"}],"curies":[{"name":"wp","href":"https:\/\/api.w.org\/{rel}","templated":true}]}}