{"id":15805,"date":"2025-04-15T13:39:59","date_gmt":"2025-04-15T11:39:59","guid":{"rendered":"https:\/\/perfettohome.sk\/produkt\/harmony-kozmetikai-torlokendok-eco-loving-box-3-retegu-100db\/"},"modified":"2025-04-15T13:39:59","modified_gmt":"2025-04-15T11:39:59","slug":"harmony-kozmetikai-torlokendok-eco-loving-box-3-retegu-100db","status":"publish","type":"product","link":"https:\/\/perfettohome.sk\/hu\/produkt\/harmony-kozmetikai-torlokendok-eco-loving-box-3-retegu-100db\/","title":{"rendered":"Harmony &#8211; Kozmetikai t\u00f6rl\u0151kend\u0151k &#8211; Eco Loving Box 3-r\u00e9teg\u0171 100db"},"content":{"rendered":"<p>A Harmony Eco Loving h\u00e1romr\u00e9teg\u0171 pap\u00edrt\u00f6rl\u0151 100% cellul\u00f3zb\u00f3l k\u00e9sz\u00fcl, \u00e9s k\u00f6rnyezetbar\u00e1t, m\u0171anyagmentes, teljes m\u00e9rt\u00e9kben \u00fajrahasznos\u00edthat\u00f3 dobozba van csomagolva. Illatmentesek, gyeng\u00e9dek a b\u0151rh\u00f6z \u00e9s \u00e9rz\u00e9keny b\u0151rre is alkalmasak. <\/p>\n<p>R\u00e9tegek sz\u00e1ma: 3<\/p>\n<p>T\u00f6rl\u0151kend\u0151k sz\u00e1ma: 100 db<\/p>\n<p>Anyag: 100 % cellul\u00f3z<\/p>\n<p>Csomagol\u00e1s: m\u0171anyagmentes pap\u00edrdoboz<\/p>\n<p>Jellemz\u0151k: k\u00f6rnyezetbar\u00e1t, FSC tan\u00fas\u00edtv\u00e1nnyal rendelkezik, \u00e9rz\u00e9keny b\u0151rre alkalmas<\/p>\n","protected":false},"excerpt":{"rendered":"<p>A Harmony Eco Loving h\u00e1romr\u00e9teg\u0171 pap\u00edrt\u00f6rl\u0151 100% cellul\u00f3zb\u00f3l k\u00e9sz\u00fcl, \u00e9s k\u00f6rnyezetbar\u00e1t, m\u0171anyagmentes, teljes m\u00e9rt\u00e9kben \u00fajrahasznos\u00edthat\u00f3 dobozba van csomagolva. Illatmentesek, gyeng\u00e9dek a b\u0151rh\u00f6z \u00e9s \u00e9rz\u00e9keny b\u0151rre is alkalmasak. R\u00e9tegek sz\u00e1ma: 3 T\u00f6rl\u0151kend\u0151k sz\u00e1ma: 100 db Anyag: 100 % cellul\u00f3z Csomagol\u00e1s: m\u0171anyagmentes pap\u00edrdoboz Jellemz\u0151k: k\u00f6rnyezetbar\u00e1t, FSC tan\u00fas\u00edtv\u00e1nnyal rendelkezik, \u00e9rz\u00e9keny b\u0151rre alkalmas<\/p>\n","protected":false},"featured_media":15812,"template":"","meta":[],"product_brand":[166],"product_cat":[324],"product_tag":[],"class_list":{"0":"post-15805","1":"product","2":"type-product","3":"status-publish","4":"has-post-thumbnail","6":"product_brand-harmony","7":"product_cat-torlokendok-zsebkendok","9":"first","10":"instock","11":"taxable","12":"shipping-taxable","13":"purchasable","14":"product-type-simple"},"_links":{"self":[{"href":"https:\/\/perfettohome.sk\/hu\/wp-json\/wp\/v2\/product\/15805","targetHints":{"allow":["GET"]}}],"collection":[{"href":"https:\/\/perfettohome.sk\/hu\/wp-json\/wp\/v2\/product"}],"about":[{"href":"https:\/\/perfettohome.sk\/hu\/wp-json\/wp\/v2\/types\/product"}],"wp:featuredmedia":[{"embeddable":true,"href":"https:\/\/perfettohome.sk\/hu\/wp-json\/wp\/v2\/media\/15812"}],"wp:attachment":[{"href":"https:\/\/perfettohome.sk\/hu\/wp-json\/wp\/v2\/media?parent=15805"}],"wp:term":[{"taxonomy":"product_brand","embeddable":true,"href":"https:\/\/perfettohome.sk\/hu\/wp-json\/wp\/v2\/product_brand?post=15805"},{"taxonomy":"product_cat","embeddable":true,"href":"https:\/\/perfettohome.sk\/hu\/wp-json\/wp\/v2\/product_cat?post=15805"},{"taxonomy":"product_tag","embeddable":true,"href":"https:\/\/perfettohome.sk\/hu\/wp-json\/wp\/v2\/product_tag?post=15805"}],"curies":[{"name":"wp","href":"https:\/\/api.w.org\/{rel}","templated":true}]}}