{"id":16086,"date":"2025-05-27T09:54:38","date_gmt":"2025-05-27T07:54:38","guid":{"rendered":"https:\/\/perfettohome.sk\/produkt\/star-trio-toalettpapir-3-retegu-32db\/"},"modified":"2025-05-27T09:54:38","modified_gmt":"2025-05-27T07:54:38","slug":"star-trio-toalettpapir-3-retegu-32db","status":"publish","type":"product","link":"https:\/\/perfettohome.sk\/hu\/produkt\/star-trio-toalettpapir-3-retegu-32db\/","title":{"rendered":"Star Trio &#8211; toalettpap\u00edr 3 r\u00e9teg\u0171 32db"},"content":{"rendered":"<p data-start=\"177\" data-end=\"504\">A Star Trio WC-pap\u00edr min\u0151s\u00e9gi, 3 r\u00e9teg\u0171 pap\u00edr, amely puhas\u00e1got \u00e9s k\u00e9nyelmet biztos\u00edt haszn\u00e1lat k\u00f6zben. A 100% cellul\u00f3zb\u00f3l k\u00e9sz\u00fclt \u00e9s b\u0151rbar\u00e1t, ide\u00e1lis a mindennapi haszn\u00e1latra. Ez az illatmentes WC-pap\u00edr h\u00e1ztart\u00e1si \u00e9s kereskedelmi haszn\u00e1latra egyar\u00e1nt alkalmas, megb\u00edzhat\u00f3 min\u0151s\u00e9get \u00e9s kiv\u00e9teles puhas\u00e1got biztos\u00edt.  <\/p>\n<p data-start=\"506\" data-end=\"519\"><strong data-start=\"506\" data-end=\"519\">Alkalmaz\u00e1s:<\/strong><\/p>\n<p data-start=\"521\" data-end=\"764\">A Star Trio WC-pap\u00edrt mindennapi haszn\u00e1latra tervezt\u00e9k otthonokban, irod\u00e1kban, \u00e9ttermekben \u00e9s m\u00e1s nyilv\u00e1nos helyis\u00e9gekben. Min\u0151s\u00e9ge \u00e9s bar\u00e1ts\u00e1goss\u00e1ga ide\u00e1lis v\u00e1laszt\u00e1ss\u00e1 teszi azok sz\u00e1m\u00e1ra, akik k\u00e9nyelmes \u00e9s megb\u00edzhat\u00f3 term\u00e9ket keresnek. <\/p>\n","protected":false},"excerpt":{"rendered":"<p>A Star Trio WC-pap\u00edr min\u0151s\u00e9gi, 3 r\u00e9teg\u0171 pap\u00edr, amely puhas\u00e1got \u00e9s k\u00e9nyelmet biztos\u00edt haszn\u00e1lat k\u00f6zben. A 100% cellul\u00f3zb\u00f3l k\u00e9sz\u00fclt \u00e9s b\u0151rbar\u00e1t, ide\u00e1lis a mindennapi haszn\u00e1latra. Ez az illatmentes WC-pap\u00edr h\u00e1ztart\u00e1si \u00e9s kereskedelmi haszn\u00e1latra egyar\u00e1nt alkalmas, megb\u00edzhat\u00f3 min\u0151s\u00e9get \u00e9s kiv\u00e9teles puhas\u00e1got biztos\u00edt. Alkalmaz\u00e1s: A Star Trio WC-pap\u00edrt mindennapi haszn\u00e1latra tervezt\u00e9k otthonokban, irod\u00e1kban, \u00e9ttermekben \u00e9s m\u00e1s nyilv\u00e1nos [&hellip;]<\/p>\n","protected":false},"featured_media":16087,"template":"","meta":[],"product_brand":[237],"product_cat":[326],"product_tag":[],"class_list":{"0":"post-16086","1":"product","2":"type-product","3":"status-publish","4":"has-post-thumbnail","6":"product_brand-star-trio","7":"product_cat-wc-papir","9":"first","10":"outofstock","11":"taxable","12":"shipping-taxable","13":"purchasable","14":"product-type-simple"},"_links":{"self":[{"href":"https:\/\/perfettohome.sk\/hu\/wp-json\/wp\/v2\/product\/16086","targetHints":{"allow":["GET"]}}],"collection":[{"href":"https:\/\/perfettohome.sk\/hu\/wp-json\/wp\/v2\/product"}],"about":[{"href":"https:\/\/perfettohome.sk\/hu\/wp-json\/wp\/v2\/types\/product"}],"wp:featuredmedia":[{"embeddable":true,"href":"https:\/\/perfettohome.sk\/hu\/wp-json\/wp\/v2\/media\/16087"}],"wp:attachment":[{"href":"https:\/\/perfettohome.sk\/hu\/wp-json\/wp\/v2\/media?parent=16086"}],"wp:term":[{"taxonomy":"product_brand","embeddable":true,"href":"https:\/\/perfettohome.sk\/hu\/wp-json\/wp\/v2\/product_brand?post=16086"},{"taxonomy":"product_cat","embeddable":true,"href":"https:\/\/perfettohome.sk\/hu\/wp-json\/wp\/v2\/product_cat?post=16086"},{"taxonomy":"product_tag","embeddable":true,"href":"https:\/\/perfettohome.sk\/hu\/wp-json\/wp\/v2\/product_tag?post=16086"}],"curies":[{"name":"wp","href":"https:\/\/api.w.org\/{rel}","templated":true}]}}