{"id":16088,"date":"2025-05-26T14:54:23","date_gmt":"2025-05-26T12:54:23","guid":{"rendered":"https:\/\/perfettohome.sk\/produkt\/baba-testapolo-intenziv-400ml\/"},"modified":"2025-05-26T14:54:23","modified_gmt":"2025-05-26T12:54:23","slug":"baba-testapolo-intenziv-400ml","status":"publish","type":"product","link":"https:\/\/perfettohome.sk\/hu\/produkt\/baba-testapolo-intenziv-400ml\/","title":{"rendered":"Baba test\u00e1pol\u00f3 &#8211; intenz\u00edv 400ml"},"content":{"rendered":"<p data-start=\"171\" data-end=\"465\">A Baba Test\u00e1pol\u00f3 &#8211; Intenz\u00edv (400 ml) ide\u00e1lis a sz\u00e1raz \u00e9s \u00e9rz\u00e9keny, m\u00e9ly hidrat\u00e1l\u00e1st ig\u00e9nyl\u0151 b\u0151rre. Gazdag \u00e9s t\u00e1pl\u00e1l\u00f3 formul\u00e1ja azonnali enyh\u00fcl\u00e9st biztos\u00edt, \u00e9s puh\u00e1v\u00e1, sim\u00e1v\u00e1 \u00e9s rugalmass\u00e1 teszi a b\u0151rt. A test\u00e1pol\u00f3 gyorsan felsz\u00edv\u00f3dik, \u00edgy hosszan tart\u00f3 komfort\u00e9rzetet \u00e9s v\u00e9delmet biztos\u00edt.  <\/p>\n<p data-start=\"467\" data-end=\"480\"><strong data-start=\"467\" data-end=\"480\">Alkalmaz\u00e1s:<\/strong><\/p>\n<p data-start=\"482\" data-end=\"656\">Vigyen fel megfelel\u0151 mennyis\u00e9g\u0171 test\u00e1pol\u00f3t a tiszta b\u0151rre, \u00e9s gyeng\u00e9den massz\u00edrozza be, am\u00edg teljesen felsz\u00edv\u00f3dik. Az optim\u00e1lis eredm\u00e9ny \u00e9rdek\u00e9ben haszn\u00e1lja rendszeresen, k\u00fcl\u00f6n\u00f6sen zuhanyz\u00e1s vagy f\u00fcrd\u00e9s ut\u00e1n. <\/p>\n","protected":false},"excerpt":{"rendered":"<p>A Baba Test\u00e1pol\u00f3 &#8211; Intenz\u00edv (400 ml) ide\u00e1lis a sz\u00e1raz \u00e9s \u00e9rz\u00e9keny, m\u00e9ly hidrat\u00e1l\u00e1st ig\u00e9nyl\u0151 b\u0151rre. Gazdag \u00e9s t\u00e1pl\u00e1l\u00f3 formul\u00e1ja azonnali enyh\u00fcl\u00e9st biztos\u00edt, \u00e9s puh\u00e1v\u00e1, sim\u00e1v\u00e1 \u00e9s rugalmass\u00e1 teszi a b\u0151rt. A test\u00e1pol\u00f3 gyorsan felsz\u00edv\u00f3dik, \u00edgy hosszan tart\u00f3 komfort\u00e9rzetet \u00e9s v\u00e9delmet biztos\u00edt. Alkalmaz\u00e1s: Vigyen fel megfelel\u0151 mennyis\u00e9g\u0171 test\u00e1pol\u00f3t a tiszta b\u0151rre, \u00e9s gyeng\u00e9den massz\u00edrozza be, [&hellip;]<\/p>\n","protected":false},"featured_media":16089,"template":"","meta":[],"product_brand":[236],"product_cat":[317],"product_tag":[],"class_list":{"0":"post-16088","1":"product","2":"type-product","3":"status-publish","4":"has-post-thumbnail","6":"product_brand-baba","7":"product_cat-borapolas","9":"first","10":"outofstock","11":"taxable","12":"shipping-taxable","13":"purchasable","14":"product-type-simple"},"_links":{"self":[{"href":"https:\/\/perfettohome.sk\/hu\/wp-json\/wp\/v2\/product\/16088","targetHints":{"allow":["GET"]}}],"collection":[{"href":"https:\/\/perfettohome.sk\/hu\/wp-json\/wp\/v2\/product"}],"about":[{"href":"https:\/\/perfettohome.sk\/hu\/wp-json\/wp\/v2\/types\/product"}],"wp:featuredmedia":[{"embeddable":true,"href":"https:\/\/perfettohome.sk\/hu\/wp-json\/wp\/v2\/media\/16089"}],"wp:attachment":[{"href":"https:\/\/perfettohome.sk\/hu\/wp-json\/wp\/v2\/media?parent=16088"}],"wp:term":[{"taxonomy":"product_brand","embeddable":true,"href":"https:\/\/perfettohome.sk\/hu\/wp-json\/wp\/v2\/product_brand?post=16088"},{"taxonomy":"product_cat","embeddable":true,"href":"https:\/\/perfettohome.sk\/hu\/wp-json\/wp\/v2\/product_cat?post=16088"},{"taxonomy":"product_tag","embeddable":true,"href":"https:\/\/perfettohome.sk\/hu\/wp-json\/wp\/v2\/product_tag?post=16088"}],"curies":[{"name":"wp","href":"https:\/\/api.w.org\/{rel}","templated":true}]}}