{"id":16094,"date":"2025-05-26T16:28:23","date_gmt":"2025-05-26T14:28:23","guid":{"rendered":"https:\/\/perfettohome.sk\/produkt\/ajax-1l-viragos-fiesta-laguna-viragok\/"},"modified":"2025-12-14T11:27:58","modified_gmt":"2025-12-14T10:27:58","slug":"ajax-1l-viragos-fiesta-laguna-viragok","status":"publish","type":"product","link":"https:\/\/perfettohome.sk\/hu\/produkt\/ajax-1l-viragos-fiesta-laguna-viragok\/","title":{"rendered":"Ajax 1L &#8211; Floral Fiesta Lagoon Flower"},"content":{"rendered":"<p data-start=\"218\" data-end=\"605\">Az Ajax Floral Fiesta Lagoon Flower t\u00f6bbc\u00e9l\u00fa tiszt\u00edt\u00f3szer (1 l) ide\u00e1lis a padl\u00f3 \u00e9s az otthon minden fel\u00fclet\u00e9nek tiszt\u00edt\u00e1s\u00e1ra. Nincs sz\u00fcks\u00e9g \u00f6bl\u00edt\u00e9sre. Ill\u00f3olajokat tartalmaz, amelyek kellemes, hosszan tart\u00f3 vir\u00e1gillatot \u00e9s frissess\u00e9get hagynak maguk ut\u00e1n, amely felfriss\u00edt minden helyis\u00e9get.  <\/p>\n<p data-start=\"607\" data-end=\"620\"><strong data-start=\"607\" data-end=\"620\">Alkalmaz\u00e1s:<\/strong><\/p>\n<p data-start=\"622\" data-end=\"903\">Nagy fel\u00fcletek tiszt\u00edt\u00e1s\u00e1hoz h\u00edg\u00edtson k\u00e9t kupaknyi term\u00e9ket fele mennyis\u00e9g\u0171 v\u00edzben egy v\u00f6d\u00f6rben. Kisebb \u00e9s nehezen elt\u00e1vol\u00edthat\u00f3 foltok eset\u00e9n k\u00f6zvetlen\u00fcl a szennyezett fel\u00fcletre vigye fel a h\u00edg\u00edtatlan term\u00e9ket, \u00e9s nedves szivaccsal t\u00f6r\u00f6lje \u00e1t. Ha a fel\u00fclet \u00e9lelmiszerrel \u00e9rintkezik, \u00f6bl\u00edtse le tiszta v\u00edzzel.  <\/p>\n","protected":false},"excerpt":{"rendered":"<p>Az Ajax Floral Fiesta Lagoon Flower t\u00f6bbc\u00e9l\u00fa tiszt\u00edt\u00f3szer (1 l) ide\u00e1lis a padl\u00f3 \u00e9s az otthon minden fel\u00fclet\u00e9nek tiszt\u00edt\u00e1s\u00e1ra. Nincs sz\u00fcks\u00e9g \u00f6bl\u00edt\u00e9sre. Ill\u00f3olajokat tartalmaz, amelyek kellemes, hosszan tart\u00f3 vir\u00e1gillatot \u00e9s frissess\u00e9get hagynak maguk ut\u00e1n, amely felfriss\u00edt minden helyis\u00e9get. Alkalmaz\u00e1s: Nagy fel\u00fcletek tiszt\u00edt\u00e1s\u00e1hoz h\u00edg\u00edtson k\u00e9t kupaknyi term\u00e9ket fele mennyis\u00e9g\u0171 v\u00edzben egy v\u00f6d\u00f6rben. Kisebb \u00e9s nehezen elt\u00e1vol\u00edthat\u00f3 [&hellip;]<\/p>\n","protected":false},"featured_media":16096,"template":"","meta":[],"product_brand":[182],"product_cat":[296],"product_tag":[],"class_list":{"0":"post-16094","1":"product","2":"type-product","3":"status-publish","4":"has-post-thumbnail","6":"product_brand-ajax","7":"product_cat-egyeb","9":"first","10":"outofstock","11":"taxable","12":"shipping-taxable","13":"purchasable","14":"product-type-simple"},"_links":{"self":[{"href":"https:\/\/perfettohome.sk\/hu\/wp-json\/wp\/v2\/product\/16094","targetHints":{"allow":["GET"]}}],"collection":[{"href":"https:\/\/perfettohome.sk\/hu\/wp-json\/wp\/v2\/product"}],"about":[{"href":"https:\/\/perfettohome.sk\/hu\/wp-json\/wp\/v2\/types\/product"}],"wp:featuredmedia":[{"embeddable":true,"href":"https:\/\/perfettohome.sk\/hu\/wp-json\/wp\/v2\/media\/16096"}],"wp:attachment":[{"href":"https:\/\/perfettohome.sk\/hu\/wp-json\/wp\/v2\/media?parent=16094"}],"wp:term":[{"taxonomy":"product_brand","embeddable":true,"href":"https:\/\/perfettohome.sk\/hu\/wp-json\/wp\/v2\/product_brand?post=16094"},{"taxonomy":"product_cat","embeddable":true,"href":"https:\/\/perfettohome.sk\/hu\/wp-json\/wp\/v2\/product_cat?post=16094"},{"taxonomy":"product_tag","embeddable":true,"href":"https:\/\/perfettohome.sk\/hu\/wp-json\/wp\/v2\/product_tag?post=16094"}],"curies":[{"name":"wp","href":"https:\/\/api.w.org\/{rel}","templated":true}]}}