{"id":16104,"date":"2025-05-26T14:54:14","date_gmt":"2025-05-26T12:54:14","guid":{"rendered":"https:\/\/perfettohome.sk\/produkt\/baba-testapolo-aloe-vera-400ml\/"},"modified":"2025-05-26T14:54:14","modified_gmt":"2025-05-26T12:54:14","slug":"baba-testapolo-aloe-vera-400ml","status":"publish","type":"product","link":"https:\/\/perfettohome.sk\/hu\/produkt\/baba-testapolo-aloe-vera-400ml\/","title":{"rendered":"Baba test\u00e1pol\u00f3 &#8211; Aloe Vera 400ml"},"content":{"rendered":"<p data-start=\"172\" data-end=\"442\">A Baba test\u00e1pol\u00f3 aloe ver\u00e1val (400 ml) ide\u00e1lis a mindennapi b\u0151r\u00e1pol\u00e1shoz. K\u00f6nny\u0171 text\u00far\u00e1ja gyorsan felsz\u00edv\u00f3dik \u00e9s intenz\u00edven hidrat\u00e1lja a b\u0151rt. Az aloe vera seg\u00edt megnyugtatni \u00e9s regener\u00e1lni a b\u0151rt, \u00edgy az puha, sima \u00e9s eg\u00e9szs\u00e9ges megjelen\u00e9s\u0171 lesz.  <\/p>\n<p data-start=\"444\" data-end=\"457\"><strong data-start=\"444\" data-end=\"457\">Alkalmaz\u00e1s:<\/strong><\/p>\n<p data-start=\"459\" data-end=\"649\">Vigyen fel megfelel\u0151 mennyis\u00e9g\u0171 test\u00e1pol\u00f3t a tiszta b\u0151rre, \u00e9s gyeng\u00e9den massz\u00edrozza be, am\u00edg teljesen felsz\u00edv\u00f3dik. Az optim\u00e1lis eredm\u00e9ny \u00e9rdek\u00e9ben haszn\u00e1lja rendszeresen, k\u00fcl\u00f6n\u00f6sen zuhanyz\u00e1s vagy f\u00fcrd\u00e9s ut\u00e1n.<\/p>\n","protected":false},"excerpt":{"rendered":"<p>A Baba test\u00e1pol\u00f3 aloe ver\u00e1val (400 ml) ide\u00e1lis a mindennapi b\u0151r\u00e1pol\u00e1shoz. K\u00f6nny\u0171 text\u00far\u00e1ja gyorsan felsz\u00edv\u00f3dik \u00e9s intenz\u00edven hidrat\u00e1lja a b\u0151rt. Az aloe vera seg\u00edt megnyugtatni \u00e9s regener\u00e1lni a b\u0151rt, \u00edgy az puha, sima \u00e9s eg\u00e9szs\u00e9ges megjelen\u00e9s\u0171 lesz. Alkalmaz\u00e1s: Vigyen fel megfelel\u0151 mennyis\u00e9g\u0171 test\u00e1pol\u00f3t a tiszta b\u0151rre, \u00e9s gyeng\u00e9den massz\u00edrozza be, am\u00edg teljesen felsz\u00edv\u00f3dik. Az optim\u00e1lis [&hellip;]<\/p>\n","protected":false},"featured_media":16106,"template":"","meta":[],"product_brand":[236],"product_cat":[317],"product_tag":[],"class_list":{"0":"post-16104","1":"product","2":"type-product","3":"status-publish","4":"has-post-thumbnail","6":"product_brand-baba","7":"product_cat-borapolas","9":"first","10":"outofstock","11":"taxable","12":"shipping-taxable","13":"purchasable","14":"product-type-simple"},"_links":{"self":[{"href":"https:\/\/perfettohome.sk\/hu\/wp-json\/wp\/v2\/product\/16104","targetHints":{"allow":["GET"]}}],"collection":[{"href":"https:\/\/perfettohome.sk\/hu\/wp-json\/wp\/v2\/product"}],"about":[{"href":"https:\/\/perfettohome.sk\/hu\/wp-json\/wp\/v2\/types\/product"}],"wp:featuredmedia":[{"embeddable":true,"href":"https:\/\/perfettohome.sk\/hu\/wp-json\/wp\/v2\/media\/16106"}],"wp:attachment":[{"href":"https:\/\/perfettohome.sk\/hu\/wp-json\/wp\/v2\/media?parent=16104"}],"wp:term":[{"taxonomy":"product_brand","embeddable":true,"href":"https:\/\/perfettohome.sk\/hu\/wp-json\/wp\/v2\/product_brand?post=16104"},{"taxonomy":"product_cat","embeddable":true,"href":"https:\/\/perfettohome.sk\/hu\/wp-json\/wp\/v2\/product_cat?post=16104"},{"taxonomy":"product_tag","embeddable":true,"href":"https:\/\/perfettohome.sk\/hu\/wp-json\/wp\/v2\/product_tag?post=16104"}],"curies":[{"name":"wp","href":"https:\/\/api.w.org\/{rel}","templated":true}]}}