{"id":16123,"date":"2025-05-26T14:39:20","date_gmt":"2025-05-26T12:39:20","guid":{"rendered":"https:\/\/perfettohome.sk\/produkt\/baba-tusfurdo-malna-es-rozsa-400ml\/"},"modified":"2025-05-26T14:39:20","modified_gmt":"2025-05-26T12:39:20","slug":"baba-tusfurdo-malna-es-rozsa-400ml","status":"publish","type":"product","link":"https:\/\/perfettohome.sk\/hu\/produkt\/baba-tusfurdo-malna-es-rozsa-400ml\/","title":{"rendered":"Baba tusf\u00fcrd\u0151 &#8211; m\u00e1lna \u00e9s r\u00f3zsa 400ml"},"content":{"rendered":"<p data-start=\"177\" data-end=\"495\">A m\u00e1lna \u00e9s r\u00f3zsa illat\u00fa Baba tusf\u00fcrd\u0151 (400 ml) ide\u00e1lis a mindennapi b\u0151r\u00e1pol\u00e1shoz. Ez a g\u00e9l gyeng\u00e9den tiszt\u00edtja a b\u0151rt \u00e9s biztos\u00edtja a sz\u00fcks\u00e9ges hidrat\u00e1l\u00e1st. A m\u00e1lna illata felfriss\u00edti az \u00e9rz\u00e9keket, a r\u00f3zsa pedig megnyugtatja \u00e9s puh\u00e1v\u00e1 teszi a b\u0151rt. Minden b\u0151rt\u00edpusra alkalmas, \u00e9s puh\u00e1v\u00e1 \u00e9s sim\u00e1v\u00e1 var\u00e1zsolja a b\u0151rt.   <\/p>\n<p data-start=\"497\" data-end=\"510\"><strong data-start=\"497\" data-end=\"510\">Alkalmaz\u00e1s:<\/strong><\/p>\n<p data-start=\"512\" data-end=\"659\">Vigyen fel megfelel\u0151 mennyis\u00e9g\u0171 g\u00e9lt a nedves b\u0151rre, \u00e9s finoman massz\u00edrozza be, hogy habot k\u00e9pezzen. \u00d6bl\u00edtse le v\u00edzzel. A legjobb eredm\u00e9ny el\u00e9r\u00e9se \u00e9rdek\u00e9ben haszn\u00e1lja rendszeresen.  <\/p>\n","protected":false},"excerpt":{"rendered":"<p>A m\u00e1lna \u00e9s r\u00f3zsa illat\u00fa Baba tusf\u00fcrd\u0151 (400 ml) ide\u00e1lis a mindennapi b\u0151r\u00e1pol\u00e1shoz. Ez a g\u00e9l gyeng\u00e9den tiszt\u00edtja a b\u0151rt \u00e9s biztos\u00edtja a sz\u00fcks\u00e9ges hidrat\u00e1l\u00e1st. A m\u00e1lna illata felfriss\u00edti az \u00e9rz\u00e9keket, a r\u00f3zsa pedig megnyugtatja \u00e9s puh\u00e1v\u00e1 teszi a b\u0151rt. Minden b\u0151rt\u00edpusra alkalmas, \u00e9s puh\u00e1v\u00e1 \u00e9s sim\u00e1v\u00e1 var\u00e1zsolja a b\u0151rt. Alkalmaz\u00e1s: Vigyen fel megfelel\u0151 mennyis\u00e9g\u0171 [&hellip;]<\/p>\n","protected":false},"featured_media":16125,"template":"","meta":[],"product_brand":[236],"product_cat":[329],"product_tag":[],"class_list":{"0":"post-16123","1":"product","2":"type-product","3":"status-publish","4":"has-post-thumbnail","6":"product_brand-baba","7":"product_cat-zuhanyzselek","9":"first","10":"instock","11":"taxable","12":"shipping-taxable","13":"purchasable","14":"product-type-simple"},"_links":{"self":[{"href":"https:\/\/perfettohome.sk\/hu\/wp-json\/wp\/v2\/product\/16123","targetHints":{"allow":["GET"]}}],"collection":[{"href":"https:\/\/perfettohome.sk\/hu\/wp-json\/wp\/v2\/product"}],"about":[{"href":"https:\/\/perfettohome.sk\/hu\/wp-json\/wp\/v2\/types\/product"}],"wp:featuredmedia":[{"embeddable":true,"href":"https:\/\/perfettohome.sk\/hu\/wp-json\/wp\/v2\/media\/16125"}],"wp:attachment":[{"href":"https:\/\/perfettohome.sk\/hu\/wp-json\/wp\/v2\/media?parent=16123"}],"wp:term":[{"taxonomy":"product_brand","embeddable":true,"href":"https:\/\/perfettohome.sk\/hu\/wp-json\/wp\/v2\/product_brand?post=16123"},{"taxonomy":"product_cat","embeddable":true,"href":"https:\/\/perfettohome.sk\/hu\/wp-json\/wp\/v2\/product_cat?post=16123"},{"taxonomy":"product_tag","embeddable":true,"href":"https:\/\/perfettohome.sk\/hu\/wp-json\/wp\/v2\/product_tag?post=16123"}],"curies":[{"name":"wp","href":"https:\/\/api.w.org\/{rel}","templated":true}]}}