{"id":16131,"date":"2025-05-26T14:39:17","date_gmt":"2025-05-26T12:39:17","guid":{"rendered":"https:\/\/perfettohome.sk\/produkt\/baba-tusfurdo-mez-es-kamilla-400ml\/"},"modified":"2025-05-26T14:39:17","modified_gmt":"2025-05-26T12:39:17","slug":"baba-tusfurdo-mez-es-kamilla-400ml","status":"publish","type":"product","link":"https:\/\/perfettohome.sk\/hu\/produkt\/baba-tusfurdo-mez-es-kamilla-400ml\/","title":{"rendered":"Baba tusf\u00fcrd\u0151 &#8211; M\u00e9z \u00e9s kamilla 400ml"},"content":{"rendered":"<p data-start=\"177\" data-end=\"507\">A Baba tusf\u00fcrd\u0151 m\u00e9zzel \u00e9s kamill\u00e1val (400 ml) ide\u00e1lis a gyeng\u00e9d \u00e9s t\u00e1pl\u00e1l\u00f3 b\u0151r\u00e1pol\u00e1shoz. A m\u00e9z l\u00e1gy\u00edt\u00f3 \u00e9s hidrat\u00e1l\u00f3 tulajdons\u00e1gair\u00f3l ismert, m\u00edg a kamilla nyugtatja a b\u0151rt \u00e9s seg\u00edt enyh\u00edteni az irrit\u00e1ci\u00f3t. Ez a tusf\u00fcrd\u0151 \u00fagy tiszt\u00edtja a b\u0151rt, hogy k\u00f6zben nem sz\u00e1r\u00edtja ki, sima \u00e9s puha tapint\u00e1s\u00fa lesz.  <\/p>\n<p data-start=\"509\" data-end=\"522\"><strong data-start=\"509\" data-end=\"522\">Alkalmaz\u00e1s:<\/strong><\/p>\n<p data-start=\"524\" data-end=\"671\">Vigyen fel megfelel\u0151 mennyis\u00e9g\u0171 g\u00e9lt a nedves b\u0151rre, \u00e9s finoman massz\u00edrozza be, hogy habot k\u00e9pezzen. \u00d6bl\u00edtse le v\u00edzzel. A legjobb eredm\u00e9ny el\u00e9r\u00e9se \u00e9rdek\u00e9ben haszn\u00e1lja rendszeresen.  <\/p>\n","protected":false},"excerpt":{"rendered":"<p>A Baba tusf\u00fcrd\u0151 m\u00e9zzel \u00e9s kamill\u00e1val (400 ml) ide\u00e1lis a gyeng\u00e9d \u00e9s t\u00e1pl\u00e1l\u00f3 b\u0151r\u00e1pol\u00e1shoz. A m\u00e9z l\u00e1gy\u00edt\u00f3 \u00e9s hidrat\u00e1l\u00f3 tulajdons\u00e1gair\u00f3l ismert, m\u00edg a kamilla nyugtatja a b\u0151rt \u00e9s seg\u00edt enyh\u00edteni az irrit\u00e1ci\u00f3t. Ez a tusf\u00fcrd\u0151 \u00fagy tiszt\u00edtja a b\u0151rt, hogy k\u00f6zben nem sz\u00e1r\u00edtja ki, sima \u00e9s puha tapint\u00e1s\u00fa lesz. Alkalmaz\u00e1s: Vigyen fel megfelel\u0151 mennyis\u00e9g\u0171 g\u00e9lt [&hellip;]<\/p>\n","protected":false},"featured_media":16132,"template":"","meta":[],"product_brand":[236],"product_cat":[329],"product_tag":[],"class_list":{"0":"post-16131","1":"product","2":"type-product","3":"status-publish","4":"has-post-thumbnail","6":"product_brand-baba","7":"product_cat-zuhanyzselek","9":"first","10":"outofstock","11":"taxable","12":"shipping-taxable","13":"purchasable","14":"product-type-simple"},"_links":{"self":[{"href":"https:\/\/perfettohome.sk\/hu\/wp-json\/wp\/v2\/product\/16131","targetHints":{"allow":["GET"]}}],"collection":[{"href":"https:\/\/perfettohome.sk\/hu\/wp-json\/wp\/v2\/product"}],"about":[{"href":"https:\/\/perfettohome.sk\/hu\/wp-json\/wp\/v2\/types\/product"}],"wp:featuredmedia":[{"embeddable":true,"href":"https:\/\/perfettohome.sk\/hu\/wp-json\/wp\/v2\/media\/16132"}],"wp:attachment":[{"href":"https:\/\/perfettohome.sk\/hu\/wp-json\/wp\/v2\/media?parent=16131"}],"wp:term":[{"taxonomy":"product_brand","embeddable":true,"href":"https:\/\/perfettohome.sk\/hu\/wp-json\/wp\/v2\/product_brand?post=16131"},{"taxonomy":"product_cat","embeddable":true,"href":"https:\/\/perfettohome.sk\/hu\/wp-json\/wp\/v2\/product_cat?post=16131"},{"taxonomy":"product_tag","embeddable":true,"href":"https:\/\/perfettohome.sk\/hu\/wp-json\/wp\/v2\/product_tag?post=16131"}],"curies":[{"name":"wp","href":"https:\/\/api.w.org\/{rel}","templated":true}]}}