{"id":16139,"date":"2025-05-26T14:39:14","date_gmt":"2025-05-26T12:39:14","guid":{"rendered":"https:\/\/perfettohome.sk\/produkt\/baba-tusfurdo-lanolin-400ml\/"},"modified":"2025-05-26T14:39:14","modified_gmt":"2025-05-26T12:39:14","slug":"baba-tusfurdo-lanolin-400ml","status":"publish","type":"product","link":"https:\/\/perfettohome.sk\/hu\/produkt\/baba-tusfurdo-lanolin-400ml\/","title":{"rendered":"Baba tusf\u00fcrd\u0151 &#8211; Lanolin 400ml"},"content":{"rendered":"<p data-start=\"169\" data-end=\"497\">A Baba tusf\u00fcrd\u0151 lanolinnal (400 ml) egy gyeng\u00e9d b\u0151rtiszt\u00edt\u00f3, amely m\u00e9lyen hidrat\u00e1lja a b\u0151rt. A lanolin, amely l\u00e1gy\u00edt\u00f3 tulajdons\u00e1gair\u00f3l ismert, seg\u00edt puh\u00e1n \u00e9s rugalmasan tartani a b\u0151rt. Ez a g\u00e9l ide\u00e1lis mindennapos haszn\u00e1latra, k\u00edm\u00e9letes a b\u0151rh\u00f6z, tiszt\u00e1v\u00e1 \u00e9s hidrat\u00e1ltt\u00e1 teszi azt.  <\/p>\n<p data-start=\"499\" data-end=\"512\"><strong data-start=\"499\" data-end=\"512\">Alkalmaz\u00e1s:<\/strong><\/p>\n<p data-start=\"514\" data-end=\"661\">Vigyen fel megfelel\u0151 mennyis\u00e9g\u0171 g\u00e9lt a nedves b\u0151rre, \u00e9s finoman massz\u00edrozza be, hogy habot k\u00e9pezzen. \u00d6bl\u00edtse le v\u00edzzel. A legjobb eredm\u00e9ny el\u00e9r\u00e9se \u00e9rdek\u00e9ben haszn\u00e1lja rendszeresen.  <\/p>\n","protected":false},"excerpt":{"rendered":"<p>A Baba tusf\u00fcrd\u0151 lanolinnal (400 ml) egy gyeng\u00e9d b\u0151rtiszt\u00edt\u00f3, amely m\u00e9lyen hidrat\u00e1lja a b\u0151rt. A lanolin, amely l\u00e1gy\u00edt\u00f3 tulajdons\u00e1gair\u00f3l ismert, seg\u00edt puh\u00e1n \u00e9s rugalmasan tartani a b\u0151rt. Ez a g\u00e9l ide\u00e1lis mindennapos haszn\u00e1latra, k\u00edm\u00e9letes a b\u0151rh\u00f6z, tiszt\u00e1v\u00e1 \u00e9s hidrat\u00e1ltt\u00e1 teszi azt. Alkalmaz\u00e1s: Vigyen fel megfelel\u0151 mennyis\u00e9g\u0171 g\u00e9lt a nedves b\u0151rre, \u00e9s finoman massz\u00edrozza be, hogy [&hellip;]<\/p>\n","protected":false},"featured_media":16141,"template":"","meta":[],"product_brand":[236],"product_cat":[329],"product_tag":[],"class_list":{"0":"post-16139","1":"product","2":"type-product","3":"status-publish","4":"has-post-thumbnail","6":"product_brand-baba","7":"product_cat-zuhanyzselek","9":"first","10":"instock","11":"taxable","12":"shipping-taxable","13":"purchasable","14":"product-type-simple"},"_links":{"self":[{"href":"https:\/\/perfettohome.sk\/hu\/wp-json\/wp\/v2\/product\/16139","targetHints":{"allow":["GET"]}}],"collection":[{"href":"https:\/\/perfettohome.sk\/hu\/wp-json\/wp\/v2\/product"}],"about":[{"href":"https:\/\/perfettohome.sk\/hu\/wp-json\/wp\/v2\/types\/product"}],"wp:featuredmedia":[{"embeddable":true,"href":"https:\/\/perfettohome.sk\/hu\/wp-json\/wp\/v2\/media\/16141"}],"wp:attachment":[{"href":"https:\/\/perfettohome.sk\/hu\/wp-json\/wp\/v2\/media?parent=16139"}],"wp:term":[{"taxonomy":"product_brand","embeddable":true,"href":"https:\/\/perfettohome.sk\/hu\/wp-json\/wp\/v2\/product_brand?post=16139"},{"taxonomy":"product_cat","embeddable":true,"href":"https:\/\/perfettohome.sk\/hu\/wp-json\/wp\/v2\/product_cat?post=16139"},{"taxonomy":"product_tag","embeddable":true,"href":"https:\/\/perfettohome.sk\/hu\/wp-json\/wp\/v2\/product_tag?post=16139"}],"curies":[{"name":"wp","href":"https:\/\/api.w.org\/{rel}","templated":true}]}}