{"id":16159,"date":"2025-06-19T12:09:22","date_gmt":"2025-06-19T10:09:22","guid":{"rendered":"https:\/\/perfettohome.sk\/produkt\/rexona-stick-noknek-aktiv-pajzs-friss-40ml\/"},"modified":"2025-12-14T11:35:57","modified_gmt":"2025-12-14T10:35:57","slug":"rexona-stick-noknek-aktiv-pajzs-friss-40ml","status":"publish","type":"product","link":"https:\/\/perfettohome.sk\/hu\/produkt\/rexona-stick-noknek-aktiv-pajzs-friss-40ml\/","title":{"rendered":"Rexona stick n\u0151knek &#8211; Akt\u00edv shield fresh 40ml"},"content":{"rendered":"<article class=\"text-token-text-primary w-full\" dir=\"auto\" data-testid=\"conversation-turn-36\" data-scroll-anchor=\"true\">\n<div class=\"text-base my-auto mx-auto py-5 [--thread-content-margin:--spacing(4)] @[37rem]:[--thread-content-margin:--spacing(6)] @[72rem]:[--thread-content-margin:--spacing(16)] px-(--thread-content-margin)\">\n<div class=\"[--thread-content-max-width:32rem] @[34rem]:[--thread-content-max-width:40rem] @[64rem]:[--thread-content-max-width:48rem] mx-auto flex max-w-(--thread-content-max-width) flex-1 text-base gap-4 md:gap-5 lg:gap-6 group\/turn-messages focus-visible:outline-hidden\">\n<div class=\"group\/conversation-turn relative flex w-full min-w-0 flex-col agent-turn\">\n<div class=\"relative flex-col gap-1 md:gap-3\">\n<div class=\"flex max-w-full flex-col grow\">\n<div class=\"min-h-8 text-message relative flex w-full flex-col items-end gap-2 text-start break-words whitespace-normal [.text-message+&amp;]:mt-5\" dir=\"auto\" data-message-author-role=\"assistant\" data-message-id=\"cf18a4cf-3577-4418-bccb-45a01e8e1ac7\" data-message-model-slug=\"gpt-4o\">\n<div class=\"flex w-full flex-col gap-1 empty:hidden first:pt-[3px]\">\n<div class=\"markdown prose dark:prose-invert w-full break-words light\">\n<p data-start=\"0\" data-end=\"300\">Megb\u00edzhat\u00f3 izzad\u00e1sg\u00e1tl\u00f3 Active Shield technol\u00f3gi\u00e1val, amely seg\u00edt semleges\u00edteni a szagokat okoz\u00f3 bakt\u00e9riumokat. Ak\u00e1r 48 \u00f3r\u00e1s izzad\u00e1s elleni v\u00e9delmet biztos\u00edt, friss, enyhe illat\u00fa \u00e9s nem hagy feh\u00e9r foltokat. Alkoholmentes \u00e9s gyeng\u00e9d a b\u0151rh\u00f6z.  <\/p>\n<p data-start=\"302\" data-end=\"458\" data-is-last-node=\"\" data-is-only-node=\"\"><strong data-start=\"302\" data-end=\"315\">Haszn\u00e1lat:<\/strong><br data-start=\"315\" data-end=\"318\">Csavarja meg a p\u00e1lca alj\u00e1t, \u00e9s egyenletesen vigye fel a tiszta, sz\u00e1raz h\u00f3naljb\u0151rre. Hagyja r\u00f6vid ideig sz\u00e1radni. Napi haszn\u00e1latra alkalmas.  <\/p>\n<\/div>\n<\/div>\n<\/div>\n<\/div>\n<\/div>\n<\/div>\n<\/div>\n<\/div>\n<\/article>\n","protected":false},"excerpt":{"rendered":"<p>Megb\u00edzhat\u00f3 izzad\u00e1sg\u00e1tl\u00f3 Active Shield technol\u00f3gi\u00e1val, amely seg\u00edt semleges\u00edteni a szagokat okoz\u00f3 bakt\u00e9riumokat. Ak\u00e1r 48 \u00f3r\u00e1s izzad\u00e1s elleni v\u00e9delmet biztos\u00edt, friss, enyhe illat\u00fa \u00e9s nem hagy feh\u00e9r foltokat. Alkoholmentes \u00e9s gyeng\u00e9d a b\u0151rh\u00f6z. Haszn\u00e1lat:Csavarja meg a p\u00e1lca alj\u00e1t, \u00e9s egyenletesen vigye fel a tiszta, sz\u00e1raz h\u00f3naljb\u0151rre. Hagyja r\u00f6vid ideig sz\u00e1radni. Napi haszn\u00e1latra alkalmas.<\/p>\n","protected":false},"featured_media":16161,"template":"","meta":[],"product_brand":[228],"product_cat":[294],"product_tag":[],"class_list":{"0":"post-16159","1":"product","2":"type-product","3":"status-publish","4":"has-post-thumbnail","6":"product_brand-rexona","7":"product_cat-dezodorok","9":"first","10":"instock","11":"taxable","12":"shipping-taxable","13":"purchasable","14":"product-type-simple"},"_links":{"self":[{"href":"https:\/\/perfettohome.sk\/hu\/wp-json\/wp\/v2\/product\/16159","targetHints":{"allow":["GET"]}}],"collection":[{"href":"https:\/\/perfettohome.sk\/hu\/wp-json\/wp\/v2\/product"}],"about":[{"href":"https:\/\/perfettohome.sk\/hu\/wp-json\/wp\/v2\/types\/product"}],"wp:featuredmedia":[{"embeddable":true,"href":"https:\/\/perfettohome.sk\/hu\/wp-json\/wp\/v2\/media\/16161"}],"wp:attachment":[{"href":"https:\/\/perfettohome.sk\/hu\/wp-json\/wp\/v2\/media?parent=16159"}],"wp:term":[{"taxonomy":"product_brand","embeddable":true,"href":"https:\/\/perfettohome.sk\/hu\/wp-json\/wp\/v2\/product_brand?post=16159"},{"taxonomy":"product_cat","embeddable":true,"href":"https:\/\/perfettohome.sk\/hu\/wp-json\/wp\/v2\/product_cat?post=16159"},{"taxonomy":"product_tag","embeddable":true,"href":"https:\/\/perfettohome.sk\/hu\/wp-json\/wp\/v2\/product_tag?post=16159"}],"curies":[{"name":"wp","href":"https:\/\/api.w.org\/{rel}","templated":true}]}}