{"id":16174,"date":"2025-06-19T11:54:41","date_gmt":"2025-06-19T09:54:41","guid":{"rendered":"https:\/\/perfettohome.sk\/produkt\/baba-szilard-szappan-lanolin-90g\/"},"modified":"2025-06-19T11:54:41","modified_gmt":"2025-06-19T09:54:41","slug":"baba-szilard-szappan-lanolin-90g","status":"publish","type":"product","link":"https:\/\/perfettohome.sk\/hu\/produkt\/baba-szilard-szappan-lanolin-90g\/","title":{"rendered":"Baba szil\u00e1rd szappan &#8211; Lanolin 90g"},"content":{"rendered":"<p data-start=\"0\" data-end=\"163\">Lanolint tartalmaz\u00f3 klasszikus szil\u00e1rd szappan, amely v\u00e9di \u00e9s puh\u00edtja a b\u0151rt. Ide\u00e1lis a mindennapi k\u00e9z- \u00e9s testmos\u00e1shoz. <\/p>\n<p data-start=\"165\" data-end=\"264\" data-is-last-node=\"\" data-is-only-node=\"\"><strong data-start=\"165\" data-end=\"178\">Haszn\u00e1lat:<\/strong><br data-start=\"178\" data-end=\"181\">Nedves\u00edtse be a szappant, habos\u00edtsa fel a kez\u00e9t vagy a test\u00e9t, majd \u00f6bl\u00edtse le tiszta v\u00edzzel.<\/p>\n","protected":false},"excerpt":{"rendered":"<p>Lanolint tartalmaz\u00f3 klasszikus szil\u00e1rd szappan, amely v\u00e9di \u00e9s puh\u00edtja a b\u0151rt. Ide\u00e1lis a mindennapi k\u00e9z- \u00e9s testmos\u00e1shoz. Haszn\u00e1lat:Nedves\u00edtse be a szappant, habos\u00edtsa fel a kez\u00e9t vagy a test\u00e9t, majd \u00f6bl\u00edtse le tiszta v\u00edzzel.<\/p>\n","protected":false},"featured_media":16176,"template":"","meta":[],"product_brand":[236],"product_cat":[317],"product_tag":[],"class_list":{"0":"post-16174","1":"product","2":"type-product","3":"status-publish","4":"has-post-thumbnail","6":"product_brand-baba","7":"product_cat-borapolas","9":"first","10":"instock","11":"taxable","12":"shipping-taxable","13":"purchasable","14":"product-type-simple"},"_links":{"self":[{"href":"https:\/\/perfettohome.sk\/hu\/wp-json\/wp\/v2\/product\/16174","targetHints":{"allow":["GET"]}}],"collection":[{"href":"https:\/\/perfettohome.sk\/hu\/wp-json\/wp\/v2\/product"}],"about":[{"href":"https:\/\/perfettohome.sk\/hu\/wp-json\/wp\/v2\/types\/product"}],"wp:featuredmedia":[{"embeddable":true,"href":"https:\/\/perfettohome.sk\/hu\/wp-json\/wp\/v2\/media\/16176"}],"wp:attachment":[{"href":"https:\/\/perfettohome.sk\/hu\/wp-json\/wp\/v2\/media?parent=16174"}],"wp:term":[{"taxonomy":"product_brand","embeddable":true,"href":"https:\/\/perfettohome.sk\/hu\/wp-json\/wp\/v2\/product_brand?post=16174"},{"taxonomy":"product_cat","embeddable":true,"href":"https:\/\/perfettohome.sk\/hu\/wp-json\/wp\/v2\/product_cat?post=16174"},{"taxonomy":"product_tag","embeddable":true,"href":"https:\/\/perfettohome.sk\/hu\/wp-json\/wp\/v2\/product_tag?post=16174"}],"curies":[{"name":"wp","href":"https:\/\/api.w.org\/{rel}","templated":true}]}}