{"id":16179,"date":"2025-06-19T11:54:43","date_gmt":"2025-06-19T09:54:43","guid":{"rendered":"https:\/\/perfettohome.sk\/produkt\/dove-szilard-szappan-hamlaszto-90g\/"},"modified":"2025-06-19T11:54:43","modified_gmt":"2025-06-19T09:54:43","slug":"dove-szilard-szappan-hamlaszto-90g","status":"publish","type":"product","link":"https:\/\/perfettohome.sk\/hu\/produkt\/dove-szilard-szappan-hamlaszto-90g\/","title":{"rendered":"Dove szil\u00e1rd szappan &#8211; h\u00e1mlaszt\u00f3 90g"},"content":{"rendered":"<p data-start=\"0\" data-end=\"234\">Szil\u00e1rd szappan gyeng\u00e9d h\u00e1mlaszt\u00f3 r\u00e9szecsk\u00e9kkel, amelyek elt\u00e1vol\u00edtj\u00e1k az elhalt h\u00e1msejteket, mik\u00f6zben hidrat\u00e1lj\u00e1k a b\u0151rt. Sima, friss \u00e9s finoman illatos b\u0151rt hagy maga ut\u00e1n. Napi haszn\u00e1latra alkalmas.  <\/p>\n<p data-start=\"236\" data-end=\"374\" data-is-last-node=\"\" data-is-only-node=\"\"><strong data-start=\"236\" data-end=\"249\">Haszn\u00e1lat:<\/strong><br data-start=\"249\" data-end=\"252\">Nedves\u00edtse meg a szappant, habos\u00edtsa fel a kez\u00e9t vagy a test\u00e9t, \u00e9s k\u00f6rk\u00f6r\u00f6s mozdulatokkal massz\u00edrozza be a b\u0151rbe. Ezut\u00e1n alaposan \u00f6bl\u00edtse le v\u00edzzel. <\/p>\n","protected":false},"excerpt":{"rendered":"<p>Szil\u00e1rd szappan gyeng\u00e9d h\u00e1mlaszt\u00f3 r\u00e9szecsk\u00e9kkel, amelyek elt\u00e1vol\u00edtj\u00e1k az elhalt h\u00e1msejteket, mik\u00f6zben hidrat\u00e1lj\u00e1k a b\u0151rt. Sima, friss \u00e9s finoman illatos b\u0151rt hagy maga ut\u00e1n. Napi haszn\u00e1latra alkalmas. Haszn\u00e1lat:Nedves\u00edtse meg a szappant, habos\u00edtsa fel a kez\u00e9t vagy a test\u00e9t, \u00e9s k\u00f6rk\u00f6r\u00f6s mozdulatokkal massz\u00edrozza be a b\u0151rbe. Ezut\u00e1n alaposan \u00f6bl\u00edtse le v\u00edzzel.<\/p>\n","protected":false},"featured_media":16180,"template":"","meta":[],"product_brand":[197],"product_cat":[317],"product_tag":[],"class_list":{"0":"post-16179","1":"product","2":"type-product","3":"status-publish","4":"has-post-thumbnail","6":"product_brand-dove","7":"product_cat-borapolas","9":"first","10":"instock","11":"taxable","12":"shipping-taxable","13":"purchasable","14":"product-type-simple"},"_links":{"self":[{"href":"https:\/\/perfettohome.sk\/hu\/wp-json\/wp\/v2\/product\/16179","targetHints":{"allow":["GET"]}}],"collection":[{"href":"https:\/\/perfettohome.sk\/hu\/wp-json\/wp\/v2\/product"}],"about":[{"href":"https:\/\/perfettohome.sk\/hu\/wp-json\/wp\/v2\/types\/product"}],"wp:featuredmedia":[{"embeddable":true,"href":"https:\/\/perfettohome.sk\/hu\/wp-json\/wp\/v2\/media\/16180"}],"wp:attachment":[{"href":"https:\/\/perfettohome.sk\/hu\/wp-json\/wp\/v2\/media?parent=16179"}],"wp:term":[{"taxonomy":"product_brand","embeddable":true,"href":"https:\/\/perfettohome.sk\/hu\/wp-json\/wp\/v2\/product_brand?post=16179"},{"taxonomy":"product_cat","embeddable":true,"href":"https:\/\/perfettohome.sk\/hu\/wp-json\/wp\/v2\/product_cat?post=16179"},{"taxonomy":"product_tag","embeddable":true,"href":"https:\/\/perfettohome.sk\/hu\/wp-json\/wp\/v2\/product_tag?post=16179"}],"curies":[{"name":"wp","href":"https:\/\/api.w.org\/{rel}","templated":true}]}}