{"id":16195,"date":"2025-05-26T14:24:37","date_gmt":"2025-05-26T12:24:37","guid":{"rendered":"https:\/\/perfettohome.sk\/produkt\/baba-tusfurdo-kakaovaj-750ml\/"},"modified":"2025-05-26T14:24:37","modified_gmt":"2025-05-26T12:24:37","slug":"baba-tusfurdo-kakaovaj-750ml","status":"publish","type":"product","link":"https:\/\/perfettohome.sk\/hu\/produkt\/baba-tusfurdo-kakaovaj-750ml\/","title":{"rendered":"Baba tusf\u00fcrd\u0151 &#8211; kaka\u00f3vaj 750ml"},"content":{"rendered":"<p data-start=\"143\" data-end=\"467\">A Baba tusf\u00fcrd\u0151 kaka\u00f3vajjal (750 ml) ide\u00e1lis a mindennapi b\u0151r\u00e1pol\u00e1shoz. Ez a gyeng\u00e9d g\u00e9l gazdag habot k\u00e9pez, amely hat\u00e9konyan tiszt\u00edt, a b\u0151rt pedig puh\u00e1v\u00e1 \u00e9s hidrat\u00e1ltt\u00e1 teszi. A formul\u00e1ban l\u00e9v\u0151 kaka\u00f3vaj t\u00e1pl\u00e1lja a b\u0151rt \u00e9s seg\u00edt meg\u0151rizni annak term\u00e9szetes rugalmass\u00e1g\u00e1t. Kellemes illat\u00e1val minden zuhanyz\u00e1st \u00e9lvezetesebb\u00e9 tesz.   <\/p>\n<p data-start=\"469\" data-end=\"482\"><strong data-start=\"469\" data-end=\"482\">Alkalmaz\u00e1s:<\/strong><\/p>\n<p data-start=\"484\" data-end=\"626\">Vigyen fel megfelel\u0151 mennyis\u00e9g\u0171 g\u00e9lt a nedves testre, \u00e9s finoman massz\u00edrozza be, hogy habot k\u00e9pezzen. \u00d6bl\u00edtse le v\u00edzzel. A maxim\u00e1lis hat\u00e1s \u00e9rdek\u00e9ben haszn\u00e1lja rendszeresen.  <\/p>\n","protected":false},"excerpt":{"rendered":"<p>A Baba tusf\u00fcrd\u0151 kaka\u00f3vajjal (750 ml) ide\u00e1lis a mindennapi b\u0151r\u00e1pol\u00e1shoz. Ez a gyeng\u00e9d g\u00e9l gazdag habot k\u00e9pez, amely hat\u00e9konyan tiszt\u00edt, a b\u0151rt pedig puh\u00e1v\u00e1 \u00e9s hidrat\u00e1ltt\u00e1 teszi. A formul\u00e1ban l\u00e9v\u0151 kaka\u00f3vaj t\u00e1pl\u00e1lja a b\u0151rt \u00e9s seg\u00edt meg\u0151rizni annak term\u00e9szetes rugalmass\u00e1g\u00e1t. Kellemes illat\u00e1val minden zuhanyz\u00e1st \u00e9lvezetesebb\u00e9 tesz. Alkalmaz\u00e1s: Vigyen fel megfelel\u0151 mennyis\u00e9g\u0171 g\u00e9lt a nedves testre, [&hellip;]<\/p>\n","protected":false},"featured_media":16197,"template":"","meta":[],"product_brand":[236],"product_cat":[329],"product_tag":[],"class_list":{"0":"post-16195","1":"product","2":"type-product","3":"status-publish","4":"has-post-thumbnail","6":"product_brand-baba","7":"product_cat-zuhanyzselek","9":"first","10":"instock","11":"taxable","12":"shipping-taxable","13":"purchasable","14":"product-type-simple"},"_links":{"self":[{"href":"https:\/\/perfettohome.sk\/hu\/wp-json\/wp\/v2\/product\/16195","targetHints":{"allow":["GET"]}}],"collection":[{"href":"https:\/\/perfettohome.sk\/hu\/wp-json\/wp\/v2\/product"}],"about":[{"href":"https:\/\/perfettohome.sk\/hu\/wp-json\/wp\/v2\/types\/product"}],"wp:featuredmedia":[{"embeddable":true,"href":"https:\/\/perfettohome.sk\/hu\/wp-json\/wp\/v2\/media\/16197"}],"wp:attachment":[{"href":"https:\/\/perfettohome.sk\/hu\/wp-json\/wp\/v2\/media?parent=16195"}],"wp:term":[{"taxonomy":"product_brand","embeddable":true,"href":"https:\/\/perfettohome.sk\/hu\/wp-json\/wp\/v2\/product_brand?post=16195"},{"taxonomy":"product_cat","embeddable":true,"href":"https:\/\/perfettohome.sk\/hu\/wp-json\/wp\/v2\/product_cat?post=16195"},{"taxonomy":"product_tag","embeddable":true,"href":"https:\/\/perfettohome.sk\/hu\/wp-json\/wp\/v2\/product_tag?post=16195"}],"curies":[{"name":"wp","href":"https:\/\/api.w.org\/{rel}","templated":true}]}}