{"id":16206,"date":"2025-05-26T14:23:54","date_gmt":"2025-05-26T12:23:54","guid":{"rendered":"https:\/\/perfettohome.sk\/produkt\/nivea-testapolo-pumpas-shea-butter-softness-250ml\/"},"modified":"2025-05-26T14:23:54","modified_gmt":"2025-05-26T12:23:54","slug":"nivea-testapolo-pumpas-shea-butter-softness-250ml","status":"publish","type":"product","link":"https:\/\/perfettohome.sk\/hu\/produkt\/nivea-testapolo-pumpas-shea-butter-softness-250ml\/","title":{"rendered":"Nivea test\u00e1pol\u00f3 pump\u00e1s &#8211; Shea Butter Softness 250ml"},"content":{"rendered":"<p data-start=\"199\" data-end=\"351\"><span class=\"relative -mx-px my-[-0.2rem] rounded px-px py-[0.2rem] transition-colors duration-100 ease-in-out\">A Nivea test\u00e1pol\u00f3 pump\u00e1s &#8211; Shea Butter Softness (250 ml) ide\u00e1lis az intenz\u00edv hidrat\u00e1l\u00e1st \u00e9s t\u00e1pl\u00e1l\u00e1st ig\u00e9nyl\u0151 sz\u00e1raz b\u0151r sz\u00e1m\u00e1ra.<\/span> <span class=\"relative -mx-px my-[-0.2rem] rounded px-px py-[0.2rem] transition-colors duration-100 ease-in-out\">Gazdag sheavajjal ell\u00e1tott formul\u00e1ja m\u00e9lyen t\u00e1pl\u00e1lja a b\u0151rt, puh\u00e1v\u00e1 \u00e9s sim\u00e1v\u00e1 var\u00e1zsolva azt.<\/span> <span class=\"relative -mx-px my-[-0.2rem] rounded px-px py-[0.2rem] transition-colors duration-100 ease-in-out\">A praktikus, pump\u00e1s csomagol\u00e1s megk\u00f6nny\u00edti a felvitelt \u00e9s mindennapi haszn\u00e1latra alkalmas.<\/span><\/p>\n<p data-start=\"353\" data-end=\"366\"><strong data-start=\"353\" data-end=\"366\">Alkalmaz\u00e1s:<\/strong><\/p>\n<p data-start=\"368\" data-end=\"486\"><span class=\"relative -mx-px my-[-0.2rem] rounded px-px py-[0.2rem] transition-colors duration-100 ease-in-out\">Vigyen fel megfelel\u0151 mennyis\u00e9g\u0171 test\u00e1pol\u00f3t a tiszta b\u0151rre, \u00e9s gyeng\u00e9den massz\u00edrozza be, am\u00edg teljesen felsz\u00edv\u00f3dik.<\/span> <span class=\"relative -mx-px my-[-0.2rem] rounded px-px py-[0.2rem] transition-colors duration-100 ease-in-out\">Az optim\u00e1lis eredm\u00e9ny \u00e9rdek\u00e9ben haszn\u00e1lja rendszeresen, k\u00fcl\u00f6n\u00f6sen zuhanyz\u00e1s vagy f\u00fcrd\u00e9s ut\u00e1n.<\/span><\/p>\n","protected":false},"excerpt":{"rendered":"<p>A Nivea test\u00e1pol\u00f3 pump\u00e1s &#8211; Shea Butter Softness (250 ml) ide\u00e1lis az intenz\u00edv hidrat\u00e1l\u00e1st \u00e9s t\u00e1pl\u00e1l\u00e1st ig\u00e9nyl\u0151 sz\u00e1raz b\u0151r sz\u00e1m\u00e1ra. Gazdag sheavajjal ell\u00e1tott formul\u00e1ja m\u00e9lyen t\u00e1pl\u00e1lja a b\u0151rt, puh\u00e1v\u00e1 \u00e9s sim\u00e1v\u00e1 var\u00e1zsolva azt. A praktikus, pump\u00e1s csomagol\u00e1s megk\u00f6nny\u00edti a felvitelt \u00e9s mindennapi haszn\u00e1latra alkalmas. Alkalmaz\u00e1s: Vigyen fel megfelel\u0151 mennyis\u00e9g\u0171 test\u00e1pol\u00f3t a tiszta b\u0151rre, \u00e9s gyeng\u00e9den [&hellip;]<\/p>\n","protected":false},"featured_media":16208,"template":"","meta":[],"product_brand":[201],"product_cat":[317],"product_tag":[],"class_list":{"0":"post-16206","1":"product","2":"type-product","3":"status-publish","4":"has-post-thumbnail","6":"product_brand-nivea","7":"product_cat-borapolas","9":"first","10":"instock","11":"taxable","12":"shipping-taxable","13":"purchasable","14":"product-type-simple"},"_links":{"self":[{"href":"https:\/\/perfettohome.sk\/hu\/wp-json\/wp\/v2\/product\/16206","targetHints":{"allow":["GET"]}}],"collection":[{"href":"https:\/\/perfettohome.sk\/hu\/wp-json\/wp\/v2\/product"}],"about":[{"href":"https:\/\/perfettohome.sk\/hu\/wp-json\/wp\/v2\/types\/product"}],"wp:featuredmedia":[{"embeddable":true,"href":"https:\/\/perfettohome.sk\/hu\/wp-json\/wp\/v2\/media\/16208"}],"wp:attachment":[{"href":"https:\/\/perfettohome.sk\/hu\/wp-json\/wp\/v2\/media?parent=16206"}],"wp:term":[{"taxonomy":"product_brand","embeddable":true,"href":"https:\/\/perfettohome.sk\/hu\/wp-json\/wp\/v2\/product_brand?post=16206"},{"taxonomy":"product_cat","embeddable":true,"href":"https:\/\/perfettohome.sk\/hu\/wp-json\/wp\/v2\/product_cat?post=16206"},{"taxonomy":"product_tag","embeddable":true,"href":"https:\/\/perfettohome.sk\/hu\/wp-json\/wp\/v2\/product_tag?post=16206"}],"curies":[{"name":"wp","href":"https:\/\/api.w.org\/{rel}","templated":true}]}}