{"id":16214,"date":"2025-05-26T14:08:45","date_gmt":"2025-05-26T12:08:45","guid":{"rendered":"https:\/\/perfettohome.sk\/produkt\/nivea-stick-derma-dry-control-50ml\/"},"modified":"2025-05-26T14:08:45","modified_gmt":"2025-05-26T12:08:45","slug":"nivea-stick-derma-dry-control-50ml","status":"publish","type":"product","link":"https:\/\/perfettohome.sk\/hu\/produkt\/nivea-stick-derma-dry-control-50ml\/","title":{"rendered":"Nivea stick &#8211; Derma Dry Control 50ml"},"content":{"rendered":"<p data-start=\"21\" data-end=\"371\">A Nivea Derma Dry Control Solid izzad\u00e1sg\u00e1tl\u00f3 (50 ml) hosszantart\u00f3 v\u00e9delmet ny\u00fajt az izzad\u00e1s \u00e9s a szagok ellen, mik\u00f6zben k\u00edm\u00e9letes a b\u0151rh\u00f6z. \u00c1pol\u00f3 \u00f6sszetev\u0151kkel gazdag\u00edtott gyeng\u00e9d formul\u00e1ja megv\u00e9di a b\u0151rt az irrit\u00e1ci\u00f3t\u00f3l, mik\u00f6zben ak\u00e1r 48 \u00f3r\u00e1n \u00e1t hat\u00e9kony v\u00e9delmet ny\u00fajt. Ez az izzad\u00e1sg\u00e1tl\u00f3 b\u0151rgy\u00f3gy\u00e1szatilag tesztelt \u00e9s \u00e9rz\u00e9keny b\u0151rre is alkalmas.  <\/p>\n<p data-start=\"373\" data-end=\"386\"><strong data-start=\"373\" data-end=\"386\">Alkalmaz\u00e1s:<\/strong><\/p>\n<p>&nbsp;<\/p>\n<p data-start=\"388\" data-end=\"523\" data-is-last-node=\"\" data-is-only-node=\"\">Vigye fel egyenletesen a sz\u00e1raz \u00e9s tiszta h\u00f3naljb\u0151rre. Hagyja megsz\u00e1radni, miel\u0151tt fel\u00f6lt\u00f6zik. Haszn\u00e1lja naponta az optim\u00e1lis v\u00e9delem \u00e9rdek\u00e9ben.  <\/p>\n","protected":false},"excerpt":{"rendered":"<p>A Nivea Derma Dry Control Solid izzad\u00e1sg\u00e1tl\u00f3 (50 ml) hosszantart\u00f3 v\u00e9delmet ny\u00fajt az izzad\u00e1s \u00e9s a szagok ellen, mik\u00f6zben k\u00edm\u00e9letes a b\u0151rh\u00f6z. \u00c1pol\u00f3 \u00f6sszetev\u0151kkel gazdag\u00edtott gyeng\u00e9d formul\u00e1ja megv\u00e9di a b\u0151rt az irrit\u00e1ci\u00f3t\u00f3l, mik\u00f6zben ak\u00e1r 48 \u00f3r\u00e1n \u00e1t hat\u00e9kony v\u00e9delmet ny\u00fajt. Ez az izzad\u00e1sg\u00e1tl\u00f3 b\u0151rgy\u00f3gy\u00e1szatilag tesztelt \u00e9s \u00e9rz\u00e9keny b\u0151rre is alkalmas. Alkalmaz\u00e1s: &nbsp; Vigye fel egyenletesen [&hellip;]<\/p>\n","protected":false},"featured_media":16216,"template":"","meta":[],"product_brand":[201],"product_cat":[317],"product_tag":[],"class_list":{"0":"post-16214","1":"product","2":"type-product","3":"status-publish","4":"has-post-thumbnail","6":"product_brand-nivea","7":"product_cat-borapolas","9":"first","10":"instock","11":"taxable","12":"shipping-taxable","13":"purchasable","14":"product-type-simple"},"_links":{"self":[{"href":"https:\/\/perfettohome.sk\/hu\/wp-json\/wp\/v2\/product\/16214","targetHints":{"allow":["GET"]}}],"collection":[{"href":"https:\/\/perfettohome.sk\/hu\/wp-json\/wp\/v2\/product"}],"about":[{"href":"https:\/\/perfettohome.sk\/hu\/wp-json\/wp\/v2\/types\/product"}],"wp:featuredmedia":[{"embeddable":true,"href":"https:\/\/perfettohome.sk\/hu\/wp-json\/wp\/v2\/media\/16216"}],"wp:attachment":[{"href":"https:\/\/perfettohome.sk\/hu\/wp-json\/wp\/v2\/media?parent=16214"}],"wp:term":[{"taxonomy":"product_brand","embeddable":true,"href":"https:\/\/perfettohome.sk\/hu\/wp-json\/wp\/v2\/product_brand?post=16214"},{"taxonomy":"product_cat","embeddable":true,"href":"https:\/\/perfettohome.sk\/hu\/wp-json\/wp\/v2\/product_cat?post=16214"},{"taxonomy":"product_tag","embeddable":true,"href":"https:\/\/perfettohome.sk\/hu\/wp-json\/wp\/v2\/product_tag?post=16214"}],"curies":[{"name":"wp","href":"https:\/\/api.w.org\/{rel}","templated":true}]}}