{"id":16222,"date":"2025-05-26T14:08:37","date_gmt":"2025-05-26T12:08:37","guid":{"rendered":"https:\/\/perfettohome.sk\/produkt\/nivea-sun-naptej-protect-bronze-spf-30-200ml\/"},"modified":"2025-05-26T14:08:37","modified_gmt":"2025-05-26T12:08:37","slug":"nivea-sun-naptej-protect-bronze-spf-30-200ml","status":"publish","type":"product","link":"https:\/\/perfettohome.sk\/hu\/produkt\/nivea-sun-naptej-protect-bronze-spf-30-200ml\/","title":{"rendered":"Nivea SUN naptej &#8211; Protect &amp; Bronze SPF 30 200ml"},"content":{"rendered":"<p data-start=\"194\" data-end=\"631\">A Nivea Sunscreen SUN Protect &amp; Bronze SPF 30 (200 ml) k\u00f6zepes v\u00e9delmet ny\u00fajt a napsugarak ellen \u00e9s el\u0151seg\u00edti a b\u0151r term\u00e9szetes barnul\u00e1s\u00e1t. Speci\u00e1lis formul\u00e1ja pro-melanin kivonatot tartalmaz, amely serkenti a b\u0151r melanin termel\u00e9s\u00e9t, \u00edgy el\u0151seg\u00edti az egyenletes barnul\u00e1st. Ez a kr\u00e9m gyorsan felsz\u00edv\u00f3dik, nem hagy zs\u00edros r\u00e9teget, \u00e9s puh\u00e1v\u00e1 \u00e9s sim\u00e1v\u00e1 teszi a b\u0151rt. V\u00edz\u00e1ll\u00f3, \u00edgy garant\u00e1lja a v\u00e9delmet m\u00e9g a v\u00edzi tev\u00e9kenys\u00e9gek sor\u00e1n is.   <\/p>\n<p data-start=\"633\" data-end=\"646\"><strong data-start=\"633\" data-end=\"646\">Alkalmaz\u00e1s:<\/strong><\/p>\n<p data-start=\"648\" data-end=\"797\">Napoz\u00e1s el\u0151tt egyenletesen vigye fel a b\u0151rre, \u00e9s finoman massz\u00edrozza be. A v\u00e9delem fenntart\u00e1sa \u00e9rdek\u00e9ben t\u00f6bbsz\u00f6r is alkalmazza \u00fajra, k\u00fcl\u00f6n\u00f6sen f\u00fcrd\u00e9s vagy a b\u0151r megt\u00f6rl\u00e9se ut\u00e1n. <\/p>\n","protected":false},"excerpt":{"rendered":"<p>A Nivea Sunscreen SUN Protect &amp; Bronze SPF 30 (200 ml) k\u00f6zepes v\u00e9delmet ny\u00fajt a napsugarak ellen \u00e9s el\u0151seg\u00edti a b\u0151r term\u00e9szetes barnul\u00e1s\u00e1t. Speci\u00e1lis formul\u00e1ja pro-melanin kivonatot tartalmaz, amely serkenti a b\u0151r melanin termel\u00e9s\u00e9t, \u00edgy el\u0151seg\u00edti az egyenletes barnul\u00e1st. Ez a kr\u00e9m gyorsan felsz\u00edv\u00f3dik, nem hagy zs\u00edros r\u00e9teget, \u00e9s puh\u00e1v\u00e1 \u00e9s sim\u00e1v\u00e1 teszi a b\u0151rt. [&hellip;]<\/p>\n","protected":false},"featured_media":16224,"template":"","meta":[],"product_brand":[201],"product_cat":[317],"product_tag":[],"class_list":{"0":"post-16222","1":"product","2":"type-product","3":"status-publish","4":"has-post-thumbnail","6":"product_brand-nivea","7":"product_cat-borapolas","9":"first","10":"instock","11":"taxable","12":"shipping-taxable","13":"purchasable","14":"product-type-simple"},"_links":{"self":[{"href":"https:\/\/perfettohome.sk\/hu\/wp-json\/wp\/v2\/product\/16222","targetHints":{"allow":["GET"]}}],"collection":[{"href":"https:\/\/perfettohome.sk\/hu\/wp-json\/wp\/v2\/product"}],"about":[{"href":"https:\/\/perfettohome.sk\/hu\/wp-json\/wp\/v2\/types\/product"}],"wp:featuredmedia":[{"embeddable":true,"href":"https:\/\/perfettohome.sk\/hu\/wp-json\/wp\/v2\/media\/16224"}],"wp:attachment":[{"href":"https:\/\/perfettohome.sk\/hu\/wp-json\/wp\/v2\/media?parent=16222"}],"wp:term":[{"taxonomy":"product_brand","embeddable":true,"href":"https:\/\/perfettohome.sk\/hu\/wp-json\/wp\/v2\/product_brand?post=16222"},{"taxonomy":"product_cat","embeddable":true,"href":"https:\/\/perfettohome.sk\/hu\/wp-json\/wp\/v2\/product_cat?post=16222"},{"taxonomy":"product_tag","embeddable":true,"href":"https:\/\/perfettohome.sk\/hu\/wp-json\/wp\/v2\/product_tag?post=16222"}],"curies":[{"name":"wp","href":"https:\/\/api.w.org\/{rel}","templated":true}]}}