{"id":16227,"date":"2025-05-26T13:54:47","date_gmt":"2025-05-26T11:54:47","guid":{"rendered":"https:\/\/perfettohome.sk\/produkt\/nivea-sun-napozas-utani-krem-aloe-vera-hyaluron-250ml\/"},"modified":"2025-05-26T13:54:47","modified_gmt":"2025-05-26T11:54:47","slug":"nivea-sun-napozas-utani-krem-aloe-vera-hyaluron-250ml","status":"publish","type":"product","link":"https:\/\/perfettohome.sk\/hu\/produkt\/nivea-sun-napozas-utani-krem-aloe-vera-hyaluron-250ml\/","title":{"rendered":"Nivea SUN napoz\u00e1s ut\u00e1ni kr\u00e9m &#8211; Aloe Vera &amp; Hyaluron 250ml"},"content":{"rendered":"<p data-start=\"21\" data-end=\"370\">A Nivea SUN Aloe Vera &amp; Hyaluron napoz\u00e1s ut\u00e1ni kr\u00e9m (250 ml) kifejezetten a napoz\u00e1s ut\u00e1ni \u00e1pol\u00e1sra lett kifejlesztve. Aloe ver\u00e1t tartalmaz, amely nyugtatja \u00e9s regener\u00e1lja a b\u0151rt, valamint hialuront, amely intenz\u00edv hidrat\u00e1l\u00e1st biztos\u00edt \u00e9s seg\u00edt puh\u00e1n \u00e9s rugalmasan tartani a b\u0151rt. Ez a kr\u00e9m felfriss\u00edti, t\u00e1pl\u00e1lja \u00e9s v\u00e9di a b\u0151rt a napoz\u00e1s ut\u00e1ni kisz\u00e1rad\u00e1st\u00f3l.  <\/p>\n<p data-start=\"372\" data-end=\"385\"><strong data-start=\"372\" data-end=\"385\">Alkalmaz\u00e1s:<\/strong><\/p>\n<p data-start=\"387\" data-end=\"527\">A kr\u00e9met napoz\u00e1s ut\u00e1n vigye fel a b\u0151rre, \u00e9s finoman massz\u00edrozza be. Haszn\u00e1lja rendszeresen az optim\u00e1lis hidrat\u00e1l\u00e1s \u00e9s a napoz\u00e1s ut\u00e1ni \u00e1pol\u00e1s \u00e9rdek\u00e9ben. <\/p>\n","protected":false},"excerpt":{"rendered":"<p>A Nivea SUN Aloe Vera &amp; Hyaluron napoz\u00e1s ut\u00e1ni kr\u00e9m (250 ml) kifejezetten a napoz\u00e1s ut\u00e1ni \u00e1pol\u00e1sra lett kifejlesztve. Aloe ver\u00e1t tartalmaz, amely nyugtatja \u00e9s regener\u00e1lja a b\u0151rt, valamint hialuront, amely intenz\u00edv hidrat\u00e1l\u00e1st biztos\u00edt \u00e9s seg\u00edt puh\u00e1n \u00e9s rugalmasan tartani a b\u0151rt. Ez a kr\u00e9m felfriss\u00edti, t\u00e1pl\u00e1lja \u00e9s v\u00e9di a b\u0151rt a napoz\u00e1s ut\u00e1ni kisz\u00e1rad\u00e1st\u00f3l. [&hellip;]<\/p>\n","protected":false},"featured_media":16229,"template":"","meta":[],"product_brand":[201],"product_cat":[317],"product_tag":[],"class_list":{"0":"post-16227","1":"product","2":"type-product","3":"status-publish","4":"has-post-thumbnail","6":"product_brand-nivea","7":"product_cat-borapolas","9":"first","10":"instock","11":"taxable","12":"shipping-taxable","13":"purchasable","14":"product-type-simple"},"_links":{"self":[{"href":"https:\/\/perfettohome.sk\/hu\/wp-json\/wp\/v2\/product\/16227","targetHints":{"allow":["GET"]}}],"collection":[{"href":"https:\/\/perfettohome.sk\/hu\/wp-json\/wp\/v2\/product"}],"about":[{"href":"https:\/\/perfettohome.sk\/hu\/wp-json\/wp\/v2\/types\/product"}],"wp:featuredmedia":[{"embeddable":true,"href":"https:\/\/perfettohome.sk\/hu\/wp-json\/wp\/v2\/media\/16229"}],"wp:attachment":[{"href":"https:\/\/perfettohome.sk\/hu\/wp-json\/wp\/v2\/media?parent=16227"}],"wp:term":[{"taxonomy":"product_brand","embeddable":true,"href":"https:\/\/perfettohome.sk\/hu\/wp-json\/wp\/v2\/product_brand?post=16227"},{"taxonomy":"product_cat","embeddable":true,"href":"https:\/\/perfettohome.sk\/hu\/wp-json\/wp\/v2\/product_cat?post=16227"},{"taxonomy":"product_tag","embeddable":true,"href":"https:\/\/perfettohome.sk\/hu\/wp-json\/wp\/v2\/product_tag?post=16227"}],"curies":[{"name":"wp","href":"https:\/\/api.w.org\/{rel}","templated":true}]}}