{"id":16235,"date":"2025-05-26T13:54:35","date_gmt":"2025-05-26T11:54:35","guid":{"rendered":"https:\/\/perfettohome.sk\/produkt\/nivea-kezkrem-vedo-apolas-mehviasz-100ml\/"},"modified":"2025-12-14T11:20:25","modified_gmt":"2025-12-14T10:20:25","slug":"nivea-kezkrem-vedo-apolas-mehviasz-100ml","status":"publish","type":"product","link":"https:\/\/perfettohome.sk\/hu\/produkt\/nivea-kezkrem-vedo-apolas-mehviasz-100ml\/","title":{"rendered":"Nivea k\u00e9zkr\u00e9m &#8211; Protective care Beeswax 100ml"},"content":{"rendered":"<p data-start=\"21\" data-end=\"387\">A Nivea K\u00e9zkr\u00e9m M\u00e9zes V\u00e9d\u0151\/M\u00e9zviasz (100 ml) t\u00e1pl\u00e1l\u00f3 k\u00e9zkr\u00e9m, amely intenz\u00edven hidrat\u00e1lja \u00e9s v\u00e9di a b\u0151rt. M\u00e9zet \u00e9s m\u00e9hviaszt tartalmaz, amely seg\u00edt regener\u00e1lni \u00e9s v\u00e9di a b\u0151rt a kisz\u00e1rad\u00e1st\u00f3l, puh\u00e1v\u00e1 \u00e9s sim\u00e1v\u00e1 var\u00e1zsolva azt. K\u00f6nny\u0171 text\u00far\u00e1ja gyorsan felsz\u00edv\u00f3dik \u00e9s nem hagy zs\u00edros r\u00e9teget, \u00edgy ide\u00e1lis a mindennapi haszn\u00e1latra.  <\/p>\n<p data-start=\"389\" data-end=\"402\"><strong data-start=\"389\" data-end=\"402\">Alkalmaz\u00e1s:<\/strong><\/p>\n<p data-start=\"404\" data-end=\"572\">Vigyen fel egy kis mennyis\u00e9g\u0171 kr\u00e9met a tiszta kez\u00e9re, \u00e9s gyeng\u00e9den massz\u00edrozza be, am\u00edg teljesen felsz\u00edv\u00f3dik. Haszn\u00e1lja sz\u00fcks\u00e9g szerint, k\u00fcl\u00f6n\u00f6sen k\u00e9zmos\u00e1s ut\u00e1n vagy sz\u00e1raz k\u00f6rnyezetben val\u00f3 tart\u00f3zkod\u00e1s ut\u00e1n. <\/p>\n","protected":false},"excerpt":{"rendered":"<p>A Nivea K\u00e9zkr\u00e9m M\u00e9zes V\u00e9d\u0151\/M\u00e9zviasz (100 ml) t\u00e1pl\u00e1l\u00f3 k\u00e9zkr\u00e9m, amely intenz\u00edven hidrat\u00e1lja \u00e9s v\u00e9di a b\u0151rt. M\u00e9zet \u00e9s m\u00e9hviaszt tartalmaz, amely seg\u00edt regener\u00e1lni \u00e9s v\u00e9di a b\u0151rt a kisz\u00e1rad\u00e1st\u00f3l, puh\u00e1v\u00e1 \u00e9s sim\u00e1v\u00e1 var\u00e1zsolva azt. K\u00f6nny\u0171 text\u00far\u00e1ja gyorsan felsz\u00edv\u00f3dik \u00e9s nem hagy zs\u00edros r\u00e9teget, \u00edgy ide\u00e1lis a mindennapi haszn\u00e1latra. Alkalmaz\u00e1s: Vigyen fel egy kis mennyis\u00e9g\u0171 kr\u00e9met [&hellip;]<\/p>\n","protected":false},"featured_media":16237,"template":"","meta":[],"product_brand":[201],"product_cat":[317],"product_tag":[],"class_list":{"0":"post-16235","1":"product","2":"type-product","3":"status-publish","4":"has-post-thumbnail","6":"product_brand-nivea","7":"product_cat-borapolas","9":"first","10":"instock","11":"taxable","12":"shipping-taxable","13":"purchasable","14":"product-type-simple"},"_links":{"self":[{"href":"https:\/\/perfettohome.sk\/hu\/wp-json\/wp\/v2\/product\/16235","targetHints":{"allow":["GET"]}}],"collection":[{"href":"https:\/\/perfettohome.sk\/hu\/wp-json\/wp\/v2\/product"}],"about":[{"href":"https:\/\/perfettohome.sk\/hu\/wp-json\/wp\/v2\/types\/product"}],"wp:featuredmedia":[{"embeddable":true,"href":"https:\/\/perfettohome.sk\/hu\/wp-json\/wp\/v2\/media\/16237"}],"wp:attachment":[{"href":"https:\/\/perfettohome.sk\/hu\/wp-json\/wp\/v2\/media?parent=16235"}],"wp:term":[{"taxonomy":"product_brand","embeddable":true,"href":"https:\/\/perfettohome.sk\/hu\/wp-json\/wp\/v2\/product_brand?post=16235"},{"taxonomy":"product_cat","embeddable":true,"href":"https:\/\/perfettohome.sk\/hu\/wp-json\/wp\/v2\/product_cat?post=16235"},{"taxonomy":"product_tag","embeddable":true,"href":"https:\/\/perfettohome.sk\/hu\/wp-json\/wp\/v2\/product_tag?post=16235"}],"curies":[{"name":"wp","href":"https:\/\/api.w.org\/{rel}","templated":true}]}}