{"id":16255,"date":"2025-05-26T13:39:16","date_gmt":"2025-05-26T11:39:16","guid":{"rendered":"https:\/\/perfettohome.sk\/produkt\/air-wick-elektromos-legfrissito-viragos-ret-19ml\/"},"modified":"2025-12-14T11:16:27","modified_gmt":"2025-12-14T10:16:27","slug":"air-wick-elektromos-legfrissito-viragos-ret-19ml","status":"publish","type":"product","link":"https:\/\/perfettohome.sk\/hu\/produkt\/air-wick-elektromos-legfrissito-viragos-ret-19ml\/","title":{"rendered":"Air Wick elektromos l\u00e9gfriss\u00edt\u0151 &#8211; Flower Meadow 19ml"},"content":{"rendered":"<p data-start=\"21\" data-end=\"390\">Az AirWick Flower Meadow elektromos diff\u00fazor (19 ml) ide\u00e1lis a kellemes hangulat megteremt\u00e9s\u00e9hez otthon\u00e1ban. Finom vir\u00e1gos r\u00e9t illata a nyugalom \u00e9s frissess\u00e9g o\u00e1zis\u00e1v\u00e1 var\u00e1zsolja a teret. A diff\u00fazor egyenletesen szabad\u00edtja fel az illatot, \u00e9s ak\u00e1r t\u00f6bb h\u00e9ten kereszt\u00fcl biztos\u00edtja az \u00e1lland\u00f3 kellemes \u00e9lm\u00e9nyt. Kompatibilis az AirWick elektromos diff\u00fazorokkal \u00e9s k\u00f6nnyen haszn\u00e1lhat\u00f3.   <\/p>\n<p data-start=\"392\" data-end=\"405\"><strong data-start=\"392\" data-end=\"405\">Alkalmaz\u00e1s:<\/strong><\/p>\n<p data-start=\"407\" data-end=\"594\" data-is-last-node=\"\" data-is-only-node=\"\">Helyezze a patront az elektromos diff\u00fazorba, \u00e9s dugja be a konnektorba. Az illat fokozatosan a leveg\u0151be ker\u00fcl, felfriss\u00edtve a helyis\u00e9get. Az optim\u00e1lis eredm\u00e9ny \u00e9rdek\u00e9ben rendszeresen cser\u00e9lje ki a patront.  <\/p>\n","protected":false},"excerpt":{"rendered":"<p>Az AirWick Flower Meadow elektromos diff\u00fazor (19 ml) ide\u00e1lis a kellemes hangulat megteremt\u00e9s\u00e9hez otthon\u00e1ban. Finom vir\u00e1gos r\u00e9t illata a nyugalom \u00e9s frissess\u00e9g o\u00e1zis\u00e1v\u00e1 var\u00e1zsolja a teret. A diff\u00fazor egyenletesen szabad\u00edtja fel az illatot, \u00e9s ak\u00e1r t\u00f6bb h\u00e9ten kereszt\u00fcl biztos\u00edtja az \u00e1lland\u00f3 kellemes \u00e9lm\u00e9nyt. Kompatibilis az AirWick elektromos diff\u00fazorokkal \u00e9s k\u00f6nnyen haszn\u00e1lhat\u00f3. Alkalmaz\u00e1s: Helyezze a patront [&hellip;]<\/p>\n","protected":false},"featured_media":16257,"template":"","meta":[],"product_brand":[45],"product_cat":[172],"product_tag":[],"class_list":{"0":"post-16255","1":"product","2":"type-product","3":"status-publish","4":"has-post-thumbnail","6":"product_brand-airwick","7":"product_cat-elektricke-difuzery-hu","9":"first","10":"outofstock","11":"taxable","12":"shipping-taxable","13":"purchasable","14":"product-type-simple"},"_links":{"self":[{"href":"https:\/\/perfettohome.sk\/hu\/wp-json\/wp\/v2\/product\/16255","targetHints":{"allow":["GET"]}}],"collection":[{"href":"https:\/\/perfettohome.sk\/hu\/wp-json\/wp\/v2\/product"}],"about":[{"href":"https:\/\/perfettohome.sk\/hu\/wp-json\/wp\/v2\/types\/product"}],"wp:featuredmedia":[{"embeddable":true,"href":"https:\/\/perfettohome.sk\/hu\/wp-json\/wp\/v2\/media\/16257"}],"wp:attachment":[{"href":"https:\/\/perfettohome.sk\/hu\/wp-json\/wp\/v2\/media?parent=16255"}],"wp:term":[{"taxonomy":"product_brand","embeddable":true,"href":"https:\/\/perfettohome.sk\/hu\/wp-json\/wp\/v2\/product_brand?post=16255"},{"taxonomy":"product_cat","embeddable":true,"href":"https:\/\/perfettohome.sk\/hu\/wp-json\/wp\/v2\/product_cat?post=16255"},{"taxonomy":"product_tag","embeddable":true,"href":"https:\/\/perfettohome.sk\/hu\/wp-json\/wp\/v2\/product_tag?post=16255"}],"curies":[{"name":"wp","href":"https:\/\/api.w.org\/{rel}","templated":true}]}}