{"id":16258,"date":"2025-05-26T13:39:24","date_gmt":"2025-05-26T11:39:24","guid":{"rendered":"https:\/\/perfettohome.sk\/produkt\/paletta-hajszin-2x50ml-0-00\/"},"modified":"2025-12-14T11:17:50","modified_gmt":"2025-12-14T10:17:50","slug":"paletta-hajszin-2x50ml-0-00","status":"publish","type":"product","link":"https:\/\/perfettohome.sk\/hu\/produkt\/paletta-hajszin-2x50ml-0-00\/","title":{"rendered":"Paletta hajfest\u00e9k 2x50ml 0-00"},"content":{"rendered":"<p data-start=\"21\" data-end=\"406\">A Palette hajsz\u00edn 0-00 egy intenz\u00edv sz\u00edn, amely gazdag, hosszantart\u00f3 sz\u00ednt ad a haj\u00e1nak, term\u00e9szetes csillog\u00e1ssal. \u00dagy tervezt\u00e9k, hogy elfedje a sz\u00fcrkes\u00e9get, \u00e9s a hajat gy\u00f6ny\u00f6r\u0171en sim\u00e1v\u00e1 \u00e9s ragyog\u00f3v\u00e1 tegye. A min\u0151s\u00e9gi \u00f6sszetev\u0151k kombin\u00e1ci\u00f3ja biztos\u00edtja a hosszantart\u00f3 hat\u00e1st, a haj puha \u00e9s selymes tapint\u00e1s\u00fa marad. A csomag k\u00e9t 50 ml-es flakont tartalmaz, ide\u00e1lis k\u00f6z\u00e9phossz\u00fa hajhoz.   <\/p>\n<p data-start=\"408\" data-end=\"421\"><strong data-start=\"408\" data-end=\"421\">Alkalmaz\u00e1s:<\/strong><\/p>\n<p data-start=\"423\" data-end=\"646\" data-is-last-node=\"\" data-is-only-node=\"\">Vigye fel a sz\u00ednt a sz\u00e1raz, mosatlan hajra a mell\u00e9kelt applik\u00e1tor seg\u00edts\u00e9g\u00e9vel. Hagyja hatni a csomagol\u00e1son tal\u00e1lhat\u00f3 utas\u00edt\u00e1soknak megfelel\u0151en, majd alaposan \u00f6bl\u00edtse ki. A legjobb eredm\u00e9ny \u00e9rdek\u00e9ben haszn\u00e1lja rendszeresen, hogy meg\u0151rizze az \u00e9l\u00e9nk \u00e1rnyalatot.  <\/p>\n","protected":false},"excerpt":{"rendered":"<p>A Palette hajsz\u00edn 0-00 egy intenz\u00edv sz\u00edn, amely gazdag, hosszantart\u00f3 sz\u00ednt ad a haj\u00e1nak, term\u00e9szetes csillog\u00e1ssal. \u00dagy tervezt\u00e9k, hogy elfedje a sz\u00fcrkes\u00e9get, \u00e9s a hajat gy\u00f6ny\u00f6r\u0171en sim\u00e1v\u00e1 \u00e9s ragyog\u00f3v\u00e1 tegye. A min\u0151s\u00e9gi \u00f6sszetev\u0151k kombin\u00e1ci\u00f3ja biztos\u00edtja a hosszantart\u00f3 hat\u00e1st, a haj puha \u00e9s selymes tapint\u00e1s\u00fa marad. A csomag k\u00e9t 50 ml-es flakont tartalmaz, ide\u00e1lis k\u00f6z\u00e9phossz\u00fa hajhoz. [&hellip;]<\/p>\n","protected":false},"featured_media":16260,"template":"","meta":[],"product_brand":[231],"product_cat":[300],"product_tag":[],"class_list":{"0":"post-16258","1":"product","2":"type-product","3":"status-publish","4":"has-post-thumbnail","6":"product_brand-palette","7":"product_cat-hajapolas","9":"first","10":"instock","11":"taxable","12":"shipping-taxable","13":"purchasable","14":"product-type-simple"},"_links":{"self":[{"href":"https:\/\/perfettohome.sk\/hu\/wp-json\/wp\/v2\/product\/16258","targetHints":{"allow":["GET"]}}],"collection":[{"href":"https:\/\/perfettohome.sk\/hu\/wp-json\/wp\/v2\/product"}],"about":[{"href":"https:\/\/perfettohome.sk\/hu\/wp-json\/wp\/v2\/types\/product"}],"wp:featuredmedia":[{"embeddable":true,"href":"https:\/\/perfettohome.sk\/hu\/wp-json\/wp\/v2\/media\/16260"}],"wp:attachment":[{"href":"https:\/\/perfettohome.sk\/hu\/wp-json\/wp\/v2\/media?parent=16258"}],"wp:term":[{"taxonomy":"product_brand","embeddable":true,"href":"https:\/\/perfettohome.sk\/hu\/wp-json\/wp\/v2\/product_brand?post=16258"},{"taxonomy":"product_cat","embeddable":true,"href":"https:\/\/perfettohome.sk\/hu\/wp-json\/wp\/v2\/product_cat?post=16258"},{"taxonomy":"product_tag","embeddable":true,"href":"https:\/\/perfettohome.sk\/hu\/wp-json\/wp\/v2\/product_tag?post=16258"}],"curies":[{"name":"wp","href":"https:\/\/api.w.org\/{rel}","templated":true}]}}