{"id":16262,"date":"2025-05-26T13:24:10","date_gmt":"2025-05-26T11:24:10","guid":{"rendered":"https:\/\/perfettohome.sk\/produkt\/clin-lemon-uvegtisztito-500ml\/"},"modified":"2025-05-26T13:24:10","modified_gmt":"2025-05-26T11:24:10","slug":"clin-lemon-uvegtisztito-500ml","status":"publish","type":"product","link":"https:\/\/perfettohome.sk\/hu\/produkt\/clin-lemon-uvegtisztito-500ml\/","title":{"rendered":"Clin Lemon &#8211; \u00dcvegtiszt\u00edt\u00f3 500ml"},"content":{"rendered":"<p data-start=\"21\" data-end=\"380\">A Clin Lemon \u00dcvegtiszt\u00edt\u00f3 (500 ml) hat\u00e9kony tiszt\u00edt\u00f3szer \u00fcvegfel\u00fcletekhez, amely nemcsak ragyog\u00f3 f\u00e9nyt, hanem kellemes, friss\u00edt\u0151 citromillatot is hagy maga ut\u00e1n. Ide\u00e1lis ablakokhoz, t\u00fckr\u00f6kh\u00f6z \u00e9s m\u00e1s \u00fcvegfel\u00fcletekhez, amelyeket cs\u00edkok n\u00e9lk\u00fcl tiszt\u00edt. Gyorsan \u00e9s k\u00f6nnyen elt\u00e1vol\u00edtja a port, a szennyez\u0151d\u00e9seket \u00e9s a zs\u00edrt, t\u00f6k\u00e9letes tisztas\u00e1got biztos\u00edtva.  <\/p>\n<p data-start=\"382\" data-end=\"395\"><strong data-start=\"382\" data-end=\"395\">Alkalmaz\u00e1s:<\/strong><\/p>\n<p data-start=\"397\" data-end=\"564\" data-is-last-node=\"\" data-is-only-node=\"\">F\u00fajja a tiszt\u00edt\u00f3szert a k\u00edv\u00e1nt fel\u00fcletre, \u00e9s t\u00f6r\u00f6lje le tiszta ruh\u00e1val vagy pap\u00edrt\u00f6rl\u0151vel. A jobb eredm\u00e9ny \u00e9rdek\u00e9ben az \u00fcvegfel\u00fcleteken sz\u00e1raz \u00e9s tiszta ruh\u00e1t haszn\u00e1ljon. <\/p>\n","protected":false},"excerpt":{"rendered":"<p>A Clin Lemon \u00dcvegtiszt\u00edt\u00f3 (500 ml) hat\u00e9kony tiszt\u00edt\u00f3szer \u00fcvegfel\u00fcletekhez, amely nemcsak ragyog\u00f3 f\u00e9nyt, hanem kellemes, friss\u00edt\u0151 citromillatot is hagy maga ut\u00e1n. Ide\u00e1lis ablakokhoz, t\u00fckr\u00f6kh\u00f6z \u00e9s m\u00e1s \u00fcvegfel\u00fcletekhez, amelyeket cs\u00edkok n\u00e9lk\u00fcl tiszt\u00edt. Gyorsan \u00e9s k\u00f6nnyen elt\u00e1vol\u00edtja a port, a szennyez\u0151d\u00e9seket \u00e9s a zs\u00edrt, t\u00f6k\u00e9letes tisztas\u00e1got biztos\u00edtva. Alkalmaz\u00e1s: F\u00fajja a tiszt\u00edt\u00f3szert a k\u00edv\u00e1nt fel\u00fcletre, \u00e9s t\u00f6r\u00f6lje le [&hellip;]<\/p>\n","protected":false},"featured_media":16265,"template":"","meta":[],"product_brand":[208],"product_cat":[296],"product_tag":[],"class_list":{"0":"post-16262","1":"product","2":"type-product","3":"status-publish","4":"has-post-thumbnail","6":"product_brand-clin","7":"product_cat-egyeb","9":"first","10":"instock","11":"taxable","12":"shipping-taxable","13":"purchasable","14":"product-type-simple"},"_links":{"self":[{"href":"https:\/\/perfettohome.sk\/hu\/wp-json\/wp\/v2\/product\/16262","targetHints":{"allow":["GET"]}}],"collection":[{"href":"https:\/\/perfettohome.sk\/hu\/wp-json\/wp\/v2\/product"}],"about":[{"href":"https:\/\/perfettohome.sk\/hu\/wp-json\/wp\/v2\/types\/product"}],"wp:featuredmedia":[{"embeddable":true,"href":"https:\/\/perfettohome.sk\/hu\/wp-json\/wp\/v2\/media\/16265"}],"wp:attachment":[{"href":"https:\/\/perfettohome.sk\/hu\/wp-json\/wp\/v2\/media?parent=16262"}],"wp:term":[{"taxonomy":"product_brand","embeddable":true,"href":"https:\/\/perfettohome.sk\/hu\/wp-json\/wp\/v2\/product_brand?post=16262"},{"taxonomy":"product_cat","embeddable":true,"href":"https:\/\/perfettohome.sk\/hu\/wp-json\/wp\/v2\/product_cat?post=16262"},{"taxonomy":"product_tag","embeddable":true,"href":"https:\/\/perfettohome.sk\/hu\/wp-json\/wp\/v2\/product_tag?post=16262"}],"curies":[{"name":"wp","href":"https:\/\/api.w.org\/{rel}","templated":true}]}}