{"id":16275,"date":"2025-05-26T13:08:50","date_gmt":"2025-05-26T11:08:50","guid":{"rendered":"https:\/\/perfettohome.sk\/produkt\/gillette-eldobhato-borotvak-blue3-comfort-4db\/"},"modified":"2025-05-26T13:08:50","modified_gmt":"2025-05-26T11:08:50","slug":"gillette-eldobhato-borotvak-blue3-comfort-4db","status":"publish","type":"product","link":"https:\/\/perfettohome.sk\/hu\/produkt\/gillette-eldobhato-borotvak-blue3-comfort-4db\/","title":{"rendered":"Gillette eldobhat\u00f3 borotv\u00e1k Blue3 Comfort 4db"},"content":{"rendered":"<p data-start=\"178\" data-end=\"536\">A Gillette Blue3 Comfort eldobhat\u00f3 borotv\u00e1k (4 db) k\u00e9nyelmes \u00e9s hat\u00e9kony borotv\u00e1lkoz\u00e1st biztos\u00edtanak. H\u00e1rom \u00e9les peng\u00e9vel, amelyek alkalmazkodnak a b\u0151r form\u00e1j\u00e1hoz, sima \u00e9s prec\u00edz borotv\u00e1lkoz\u00e1st biztos\u00edtanak. A ComfortGel technol\u00f3gi\u00e1val ell\u00e1tott hidrat\u00e1l\u00f3 cs\u00edk megk\u00f6nny\u00edti a borotva mozg\u00e1s\u00e1t a b\u0151r\u00f6n \u00e9s cs\u00f6kkenti az irrit\u00e1ci\u00f3t. Az ergonomikus markolat jobb ir\u00e1ny\u00edt\u00e1st \u00e9s k\u00e9nyelmes haszn\u00e1latot tesz lehet\u0151v\u00e9.   <\/p>\n<p data-start=\"538\" data-end=\"551\"><strong data-start=\"538\" data-end=\"551\">Alkalmaz\u00e1s:<\/strong><\/p>\n<p data-start=\"553\" data-end=\"770\">Nedves\u00edtse meg b\u0151r\u00e9t meleg v\u00edzzel, vigyen fel borotvag\u00e9lt vagy borotvahabot, \u00e9s \u00f3vatosan borotv\u00e1lkozzon a sz\u0151rsz\u00e1lak n\u00f6veked\u00e9si ir\u00e1ny\u00e1ban. Haszn\u00e1lat ut\u00e1n alaposan \u00f6bl\u00edtse le a borotv\u00e1t, \u00e9s hagyja megsz\u00e1radni. A legjobb eredm\u00e9ny \u00e9rdek\u00e9ben rendszeresen cser\u00e9lje a borotv\u00e1t.  <\/p>\n","protected":false},"excerpt":{"rendered":"<p>A Gillette Blue3 Comfort eldobhat\u00f3 borotv\u00e1k (4 db) k\u00e9nyelmes \u00e9s hat\u00e9kony borotv\u00e1lkoz\u00e1st biztos\u00edtanak. H\u00e1rom \u00e9les peng\u00e9vel, amelyek alkalmazkodnak a b\u0151r form\u00e1j\u00e1hoz, sima \u00e9s prec\u00edz borotv\u00e1lkoz\u00e1st biztos\u00edtanak. A ComfortGel technol\u00f3gi\u00e1val ell\u00e1tott hidrat\u00e1l\u00f3 cs\u00edk megk\u00f6nny\u00edti a borotva mozg\u00e1s\u00e1t a b\u0151r\u00f6n \u00e9s cs\u00f6kkenti az irrit\u00e1ci\u00f3t. Az ergonomikus markolat jobb ir\u00e1ny\u00edt\u00e1st \u00e9s k\u00e9nyelmes haszn\u00e1latot tesz lehet\u0151v\u00e9. Alkalmaz\u00e1s: Nedves\u00edtse meg [&hellip;]<\/p>\n","protected":false},"featured_media":16277,"template":"","meta":[],"product_brand":[186],"product_cat":[302],"product_tag":[],"class_list":{"0":"post-16275","1":"product","2":"type-product","3":"status-publish","4":"has-post-thumbnail","6":"product_brand-gillette","7":"product_cat-borotvalkozas","9":"first","10":"outofstock","11":"taxable","12":"shipping-taxable","13":"purchasable","14":"product-type-simple"},"_links":{"self":[{"href":"https:\/\/perfettohome.sk\/hu\/wp-json\/wp\/v2\/product\/16275","targetHints":{"allow":["GET"]}}],"collection":[{"href":"https:\/\/perfettohome.sk\/hu\/wp-json\/wp\/v2\/product"}],"about":[{"href":"https:\/\/perfettohome.sk\/hu\/wp-json\/wp\/v2\/types\/product"}],"wp:featuredmedia":[{"embeddable":true,"href":"https:\/\/perfettohome.sk\/hu\/wp-json\/wp\/v2\/media\/16277"}],"wp:attachment":[{"href":"https:\/\/perfettohome.sk\/hu\/wp-json\/wp\/v2\/media?parent=16275"}],"wp:term":[{"taxonomy":"product_brand","embeddable":true,"href":"https:\/\/perfettohome.sk\/hu\/wp-json\/wp\/v2\/product_brand?post=16275"},{"taxonomy":"product_cat","embeddable":true,"href":"https:\/\/perfettohome.sk\/hu\/wp-json\/wp\/v2\/product_cat?post=16275"},{"taxonomy":"product_tag","embeddable":true,"href":"https:\/\/perfettohome.sk\/hu\/wp-json\/wp\/v2\/product_tag?post=16275"}],"curies":[{"name":"wp","href":"https:\/\/api.w.org\/{rel}","templated":true}]}}