{"id":16288,"date":"2025-05-26T12:55:21","date_gmt":"2025-05-26T10:55:21","guid":{"rendered":"https:\/\/perfettohome.sk\/produkt\/dove-tusfurdo-matcha-zold-tea-es-sakura-225ml\/"},"modified":"2025-05-26T12:55:21","modified_gmt":"2025-05-26T10:55:21","slug":"dove-tusfurdo-matcha-zold-tea-es-sakura-225ml","status":"publish","type":"product","link":"https:\/\/perfettohome.sk\/hu\/produkt\/dove-tusfurdo-matcha-zold-tea-es-sakura-225ml\/","title":{"rendered":"Dove tusf\u00fcrd\u0151 &#8211; Matcha z\u00f6ld tea \u00e9s Sakura 225ml"},"content":{"rendered":"<p data-start=\"0\" data-end=\"380\">A Dove Matcha z\u00f6ld tea \u00e9s Sakura vir\u00e1g tusf\u00fcrd\u0151 (225 ml) egy friss\u00edt\u0151 g\u00e9l, amely egyes\u00edti a jap\u00e1n z\u00f6ld tea erej\u00e9t \u00e9s a szakuravir\u00e1g gyeng\u00e9ds\u00e9g\u00e9t. T\u00e1pl\u00e1l\u00f3 \u00f6sszetev\u0151kkel gazdag\u00edtott gyeng\u00e9d formul\u00e1ja hidrat\u00e1lt, sima \u00e9s kellemesen illatos b\u0151rt eredm\u00e9nyez. A matcha tea \u00e9s a szakuravir\u00e1g egzotikus illata minden egyes zuhanyz\u00e1s alkalm\u00e1val felfriss\u00fcl\u00e9st \u00e9s nyugalmat biztos\u00edt.  <\/p>\n<p data-start=\"382\" data-end=\"552\" data-is-last-node=\"\" data-is-only-node=\"\"><strong data-start=\"382\" data-end=\"395\">Haszn\u00e1lat:<\/strong><br \/>\nVigyen fel egy kis mennyis\u00e9g\u0171 g\u00e9lt a nedves b\u0151rre, habos\u00edtsa fel, \u00e9s finoman massz\u00edrozza be. Alaposan \u00f6bl\u00edtse le. Napi haszn\u00e1latra alkalmas minden b\u0151rt\u00edpusra.  <\/p>\n","protected":false},"excerpt":{"rendered":"<p>A Dove Matcha z\u00f6ld tea \u00e9s Sakura vir\u00e1g tusf\u00fcrd\u0151 (225 ml) egy friss\u00edt\u0151 g\u00e9l, amely egyes\u00edti a jap\u00e1n z\u00f6ld tea erej\u00e9t \u00e9s a szakuravir\u00e1g gyeng\u00e9ds\u00e9g\u00e9t. T\u00e1pl\u00e1l\u00f3 \u00f6sszetev\u0151kkel gazdag\u00edtott gyeng\u00e9d formul\u00e1ja hidrat\u00e1lt, sima \u00e9s kellemesen illatos b\u0151rt eredm\u00e9nyez. A matcha tea \u00e9s a szakuravir\u00e1g egzotikus illata minden egyes zuhanyz\u00e1s alkalm\u00e1val felfriss\u00fcl\u00e9st \u00e9s nyugalmat biztos\u00edt. Haszn\u00e1lat: Vigyen [&hellip;]<\/p>\n","protected":false},"featured_media":16290,"template":"","meta":[],"product_brand":[197],"product_cat":[329],"product_tag":[],"class_list":{"0":"post-16288","1":"product","2":"type-product","3":"status-publish","4":"has-post-thumbnail","6":"product_brand-dove","7":"product_cat-zuhanyzselek","9":"first","10":"instock","11":"taxable","12":"shipping-taxable","13":"purchasable","14":"product-type-simple"},"_links":{"self":[{"href":"https:\/\/perfettohome.sk\/hu\/wp-json\/wp\/v2\/product\/16288","targetHints":{"allow":["GET"]}}],"collection":[{"href":"https:\/\/perfettohome.sk\/hu\/wp-json\/wp\/v2\/product"}],"about":[{"href":"https:\/\/perfettohome.sk\/hu\/wp-json\/wp\/v2\/types\/product"}],"wp:featuredmedia":[{"embeddable":true,"href":"https:\/\/perfettohome.sk\/hu\/wp-json\/wp\/v2\/media\/16290"}],"wp:attachment":[{"href":"https:\/\/perfettohome.sk\/hu\/wp-json\/wp\/v2\/media?parent=16288"}],"wp:term":[{"taxonomy":"product_brand","embeddable":true,"href":"https:\/\/perfettohome.sk\/hu\/wp-json\/wp\/v2\/product_brand?post=16288"},{"taxonomy":"product_cat","embeddable":true,"href":"https:\/\/perfettohome.sk\/hu\/wp-json\/wp\/v2\/product_cat?post=16288"},{"taxonomy":"product_tag","embeddable":true,"href":"https:\/\/perfettohome.sk\/hu\/wp-json\/wp\/v2\/product_tag?post=16288"}],"curies":[{"name":"wp","href":"https:\/\/api.w.org\/{rel}","templated":true}]}}