{"id":16293,"date":"2025-05-26T13:08:42","date_gmt":"2025-05-26T11:08:42","guid":{"rendered":"https:\/\/perfettohome.sk\/produkt\/durex-kenogel-classic-50ml\/"},"modified":"2025-12-14T11:12:59","modified_gmt":"2025-12-14T10:12:59","slug":"durex-kenogel-classic-50ml","status":"publish","type":"product","link":"https:\/\/perfettohome.sk\/hu\/produkt\/durex-kenogel-classic-50ml\/","title":{"rendered":"Durex sikos\u00edt\u00f3 &#8211; Classic 50ml"},"content":{"rendered":"<p data-start=\"187\" data-end=\"339\"><span class=\"relative -mx-px my-[-0.2rem] rounded px-px py-[0.2rem] transition-colors duration-100 ease-in-out\">A Durex Original egy s\u00edkos\u00edt\u00f3 g\u00e9l, amely sima \u00e9s kellemes \u00e9lm\u00e9nyt ny\u00fajt az intim pillanatok alatt.<\/span> <span class=\"relative -mx-px my-[-0.2rem] rounded px-px py-[0.2rem] transition-colors duration-100 ease-in-out\">Ide\u00e1lis a h\u00fcvelysz\u00e1razs\u00e1g enyh\u00edt\u00e9s\u00e9re \u00e9s a k\u00f6z\u00f6s\u00fcl\u00e9s k\u00f6zbeni k\u00e9nyelem n\u00f6vel\u00e9s\u00e9re.<\/span> <span class=\"relative -mx-px my-[-0.2rem] rounded px-px py-[0.2rem] transition-colors duration-100 ease-in-out\">Kompatibilis a latex \u00f3vszerekkel \u00e9s erotikus eszk\u00f6z\u00f6kkel, \u00edgy garant\u00e1lja a biztons\u00e1got \u00e9s a k\u00e9nyelmet.<\/span><\/p>\n<p data-start=\"187\" data-end=\"339\">T\u00e9rfogat: 50ml<\/p>\n<p data-start=\"341\" data-end=\"354\"><strong data-start=\"341\" data-end=\"354\">Alkalmaz\u00e1s:<\/strong><\/p>\n<p data-start=\"356\" data-end=\"514\"><span class=\"relative -mx-px my-[-0.2rem] rounded px-px py-[0.2rem] transition-colors duration-100 ease-in-out\">Haszn\u00e1lat el\u0151tt vigye fel a k\u00edv\u00e1nt mennyis\u00e9g\u0171 g\u00e9lt az intim ter\u00fcletre vagy az \u00f3vszerre.<\/span> <span class=\"relative -mx-px my-[-0.2rem] rounded px-px py-[0.2rem] transition-colors duration-100 ease-in-out\">Or\u00e1lis, h\u00fcvelyi \u00e9s an\u00e1lis szexhez egyar\u00e1nt haszn\u00e1lhat\u00f3.<\/span> <span class=\"relative -mx-px my-[-0.2rem] rounded px-px py-[0.2rem] transition-colors duration-100 ease-in-out\">Ism\u00e9telje meg sz\u00fcks\u00e9g szerint.<\/span><\/p>\n","protected":false},"excerpt":{"rendered":"<p>A Durex Original egy s\u00edkos\u00edt\u00f3 g\u00e9l, amely sima \u00e9s kellemes \u00e9lm\u00e9nyt ny\u00fajt az intim pillanatok alatt. Ide\u00e1lis a h\u00fcvelysz\u00e1razs\u00e1g enyh\u00edt\u00e9s\u00e9re \u00e9s a k\u00f6z\u00f6s\u00fcl\u00e9s k\u00f6zbeni k\u00e9nyelem n\u00f6vel\u00e9s\u00e9re. Kompatibilis a latex \u00f3vszerekkel \u00e9s erotikus eszk\u00f6z\u00f6kkel, \u00edgy garant\u00e1lja a biztons\u00e1got \u00e9s a k\u00e9nyelmet. T\u00e9rfogat: 50ml Alkalmaz\u00e1s: Haszn\u00e1lat el\u0151tt vigye fel a k\u00edv\u00e1nt mennyis\u00e9g\u0171 g\u00e9lt az intim ter\u00fcletre vagy [&hellip;]<\/p>\n","protected":false},"featured_media":16295,"template":"","meta":[],"product_brand":[212],"product_cat":[304],"product_tag":[],"class_list":{"0":"post-16293","1":"product","2":"type-product","3":"status-publish","4":"has-post-thumbnail","6":"product_brand-durex","7":"product_cat-intim-higienia","9":"first","10":"instock","11":"taxable","12":"shipping-taxable","13":"purchasable","14":"product-type-simple"},"_links":{"self":[{"href":"https:\/\/perfettohome.sk\/hu\/wp-json\/wp\/v2\/product\/16293","targetHints":{"allow":["GET"]}}],"collection":[{"href":"https:\/\/perfettohome.sk\/hu\/wp-json\/wp\/v2\/product"}],"about":[{"href":"https:\/\/perfettohome.sk\/hu\/wp-json\/wp\/v2\/types\/product"}],"wp:featuredmedia":[{"embeddable":true,"href":"https:\/\/perfettohome.sk\/hu\/wp-json\/wp\/v2\/media\/16295"}],"wp:attachment":[{"href":"https:\/\/perfettohome.sk\/hu\/wp-json\/wp\/v2\/media?parent=16293"}],"wp:term":[{"taxonomy":"product_brand","embeddable":true,"href":"https:\/\/perfettohome.sk\/hu\/wp-json\/wp\/v2\/product_brand?post=16293"},{"taxonomy":"product_cat","embeddable":true,"href":"https:\/\/perfettohome.sk\/hu\/wp-json\/wp\/v2\/product_cat?post=16293"},{"taxonomy":"product_tag","embeddable":true,"href":"https:\/\/perfettohome.sk\/hu\/wp-json\/wp\/v2\/product_tag?post=16293"}],"curies":[{"name":"wp","href":"https:\/\/api.w.org\/{rel}","templated":true}]}}