{"id":16296,"date":"2025-05-26T12:55:19","date_gmt":"2025-05-26T10:55:19","guid":{"rendered":"https:\/\/perfettohome.sk\/produkt\/dove-tusfurdo-mango-es-mandulavaj-225ml\/"},"modified":"2025-05-26T12:55:19","modified_gmt":"2025-05-26T10:55:19","slug":"dove-tusfurdo-mango-es-mandulavaj-225ml","status":"publish","type":"product","link":"https:\/\/perfettohome.sk\/hu\/produkt\/dove-tusfurdo-mango-es-mandulavaj-225ml\/","title":{"rendered":"Dove tusf\u00fcrd\u0151 &#8211; Mang\u00f3 \u00e9s mandulavaj 225ml"},"content":{"rendered":"<p data-start=\"35\" data-end=\"419\">A Dove mang\u00f3 \u00e9s mandulavajas tusf\u00fcrd\u0151 (225 ml) ide\u00e1lis a mindennapi b\u0151r\u00e1pol\u00e1shoz. T\u00e1pl\u00e1l\u00f3 \u00f6sszetev\u0151kkel, p\u00e9ld\u00e1ul mandulavajjal gazdag\u00edtott, gyeng\u00e9d formul\u00e1ja m\u00e9ly hidrat\u00e1l\u00e1st biztos\u00edt, a b\u0151rt pedig sim\u00e1v\u00e1 \u00e9s puh\u00e1v\u00e1 var\u00e1zsolja. A mang\u00f3 egzotikus illata felfriss\u00edti az \u00e9rz\u00e9keket \u00e9s kellemes \u00e9lm\u00e9nny\u00e9 teszi a zuhanyz\u00e1st. A 225 ml-es t\u00e9rfogat ide\u00e1lis hossz\u00fa t\u00e1v\u00fa haszn\u00e1latra.   <\/p>\n<p data-start=\"421\" data-end=\"591\" data-is-last-node=\"\" data-is-only-node=\"\"><strong data-start=\"421\" data-end=\"434\">Haszn\u00e1lat:<\/strong><br \/>\nVigyen fel egy kis mennyis\u00e9g\u0171 g\u00e9lt a nedves b\u0151rre, habos\u00edtsa fel, \u00e9s finoman massz\u00edrozza be. Alaposan \u00f6bl\u00edtse le. Napi haszn\u00e1latra alkalmas minden b\u0151rt\u00edpusra.  <\/p>\n","protected":false},"excerpt":{"rendered":"<p>A Dove mang\u00f3 \u00e9s mandulavajas tusf\u00fcrd\u0151 (225 ml) ide\u00e1lis a mindennapi b\u0151r\u00e1pol\u00e1shoz. T\u00e1pl\u00e1l\u00f3 \u00f6sszetev\u0151kkel, p\u00e9ld\u00e1ul mandulavajjal gazdag\u00edtott, gyeng\u00e9d formul\u00e1ja m\u00e9ly hidrat\u00e1l\u00e1st biztos\u00edt, a b\u0151rt pedig sim\u00e1v\u00e1 \u00e9s puh\u00e1v\u00e1 var\u00e1zsolja. A mang\u00f3 egzotikus illata felfriss\u00edti az \u00e9rz\u00e9keket \u00e9s kellemes \u00e9lm\u00e9nny\u00e9 teszi a zuhanyz\u00e1st. A 225 ml-es t\u00e9rfogat ide\u00e1lis hossz\u00fa t\u00e1v\u00fa haszn\u00e1latra. Haszn\u00e1lat: Vigyen fel egy kis [&hellip;]<\/p>\n","protected":false},"featured_media":16298,"template":"","meta":[],"product_brand":[197],"product_cat":[329],"product_tag":[],"class_list":{"0":"post-16296","1":"product","2":"type-product","3":"status-publish","4":"has-post-thumbnail","6":"product_brand-dove","7":"product_cat-zuhanyzselek","9":"first","10":"instock","11":"taxable","12":"shipping-taxable","13":"purchasable","14":"product-type-simple"},"_links":{"self":[{"href":"https:\/\/perfettohome.sk\/hu\/wp-json\/wp\/v2\/product\/16296","targetHints":{"allow":["GET"]}}],"collection":[{"href":"https:\/\/perfettohome.sk\/hu\/wp-json\/wp\/v2\/product"}],"about":[{"href":"https:\/\/perfettohome.sk\/hu\/wp-json\/wp\/v2\/types\/product"}],"wp:featuredmedia":[{"embeddable":true,"href":"https:\/\/perfettohome.sk\/hu\/wp-json\/wp\/v2\/media\/16298"}],"wp:attachment":[{"href":"https:\/\/perfettohome.sk\/hu\/wp-json\/wp\/v2\/media?parent=16296"}],"wp:term":[{"taxonomy":"product_brand","embeddable":true,"href":"https:\/\/perfettohome.sk\/hu\/wp-json\/wp\/v2\/product_brand?post=16296"},{"taxonomy":"product_cat","embeddable":true,"href":"https:\/\/perfettohome.sk\/hu\/wp-json\/wp\/v2\/product_cat?post=16296"},{"taxonomy":"product_tag","embeddable":true,"href":"https:\/\/perfettohome.sk\/hu\/wp-json\/wp\/v2\/product_tag?post=16296"}],"curies":[{"name":"wp","href":"https:\/\/api.w.org\/{rel}","templated":true}]}}